{"id":362,"date":"2015-12-15T10:46:22","date_gmt":"2015-12-15T09:46:22","guid":{"rendered":"http:\/\/www.realanatomy.de\/terms\/"},"modified":"2021-06-09T19:19:40","modified_gmt":"2021-06-09T17:19:40","slug":"terms","status":"publish","type":"page","link":"https:\/\/www.plastination-shop.com\/de\/terms\/","title":{"rendered":"AGB"},"content":{"rendered":"Die geltenden gesetzlichen Regelungen finden Anwendung.<\/p>\n<p>Dies gilt insbesondere f\u00fcr das Urheberrecht an den angebotenen St\u00fccken. Alle St\u00fccke sind urheberrechtlich gesch\u00fctzt!<\/p>\n<p>Bitte beachten Sie, dass auch von Ihnen selbst angefertigte Fotografien von gekauften Plastinaten nur f\u00fcr den Privatgebrauch erlaubt sind. Bei anderen Verwendungen holen Sie bitte vorher die ausdr\u00fcckliche Erlaubnis beim Urheber des St\u00fccks ein.<\/p>\n\n<div class=\"woocommerce woocommerce-gzd woocommerce-gzd-complaints-shortcode\">\n    <h3>Alternative Streitbeilegung gem\u00e4\u00df Art. 14 Abs. 1 ODR-VO und \u00a7 36 VSBG:<\/h3>\n\n<p>The european commission provides a platform for online dispute resolution (OS) which is accessible at <a href=\"https:\/\/ec.europa.eu\/consumers\/odr\" target=\"_blank\">https:\/\/ec.europa.eu\/consumers\/odr<\/a>. Consumers may use this platform for the settlements of their disputes. We are in principle prepared to participate in an extrajudicial arbitration proceeding.<\/p>\n<\/div>","protected":false},"excerpt":{"rendered":"<p>Die geltenden gesetzlichen Regelungen finden Anwendung. Dies gilt insbesondere f\u00fcr das Urheberrecht an den angebotenen St\u00fccken. Alle St\u00fccke sind urheberrechtlich gesch\u00fctzt! Bitte beachten Sie, dass auch von Ihnen selbst angefertigte Fotografien von gekauften Plastinaten nur f\u00fcr den Privatgebrauch erlaubt sind. &hellip; <a href=\"https:\/\/www.plastination-shop.com\/de\/terms\/\">Weiter<\/a><\/p>\n","protected":false},"author":1,"featured_media":0,"parent":0,"menu_order":10,"comment_status":"closed","ping_status":"closed","template":"","meta":{"spay_email":"","footnotes":""},"class_list":["post-362","page","type-page","status-publish","hentry"],"yoast_head":"<!-- This site is optimized with the Yoast SEO plugin v16.4 - https:\/\/yoast.com\/wordpress\/plugins\/seo\/ -->\n<title>AGB - Plastination Shop<\/title>\n<meta name=\"robots\" content=\"index, follow, max-snippet:-1, max-image-preview:large, max-video-preview:-1\" \/>\n<link rel=\"canonical\" href=\"https:\/\/www.plastination-shop.com\/terms\/\" \/>\n<meta property=\"og:locale\" content=\"de_DE\" \/>\n<meta property=\"og:type\" content=\"article\" \/>\n<meta property=\"og:title\" content=\"AGB - Plastination Shop\" \/>\n<meta property=\"og:description\" content=\"Die geltenden gesetzlichen Regelungen finden Anwendung. Dies gilt insbesondere f\u00fcr das Urheberrecht an den angebotenen St\u00fccken. Alle St\u00fccke sind urheberrechtlich gesch\u00fctzt! Bitte beachten Sie, dass auch von Ihnen selbst angefertigte Fotografien von gekauften Plastinaten nur f\u00fcr den Privatgebrauch erlaubt sind. &hellip; Weiter\" \/>\n<meta property=\"og:url\" content=\"https:\/\/www.plastination-shop.com\/terms\/\" \/>\n<meta property=\"og:site_name\" content=\"Plastination Shop\" \/>\n<meta property=\"article:publisher\" content=\"https:\/\/www.facebook.com\/plastination\/\" \/>\n<meta property=\"article:modified_time\" content=\"2021-06-09T17:19:40+00:00\" \/>\n<meta name=\"twitter:card\" content=\"summary_large_image\" \/>\n<meta name=\"twitter:site\" content=\"@Plastinate\" \/>\n<script type=\"application\/ld+json\" class=\"yoast-schema-graph\">{\"@context\":\"https:\/\/schema.org\",\"@graph\":[{\"@type\":\"Organization\",\"@id\":\"https:\/\/www.plastination-shop.com\/#organization\",\"name\":\"HC biovision Dr. Christoph von Horst\",\"url\":\"https:\/\/www.plastination-shop.com\/\",\"sameAs\":[\"https:\/\/www.facebook.com\/plastination\/\",\"https:\/\/www.instagram.com\/plastination\/\",\"https:\/\/www.youtube.com\/channel\/UCWChP9RInLTweCwjV0ryNDg\",\"https:\/\/twitter.com\/Plastinate\"],\"logo\":{\"@type\":\"ImageObject\",\"@id\":\"https:\/\/www.plastination-shop.com\/#logo\",\"inLanguage\":\"de\",\"url\":\"https:\/\/www.plastination-shop.com\/wp-content\/uploads\/favicon_wappen.jpg\",\"contentUrl\":\"https:\/\/www.plastination-shop.com\/wp-content\/uploads\/favicon_wappen.jpg\",\"width\":750,\"height\":750,\"caption\":\"HC biovision Dr. Christoph von Horst\"},\"image\":{\"@id\":\"https:\/\/www.plastination-shop.com\/#logo\"}},{\"@type\":\"WebSite\",\"@id\":\"https:\/\/www.plastination-shop.com\/#website\",\"url\":\"https:\/\/www.plastination-shop.com\/\",\"name\":\"Plastination Anatomy Embedding\",\"description\":\"Anatomische Schnittpr\\u00e4parate und Modelle f\\u00fcr den Tierschutz\",\"publisher\":{\"@id\":\"https:\/\/www.plastination-shop.com\/#organization\"},\"potentialAction\":[{\"@type\":\"SearchAction\",\"target\":\"https:\/\/www.plastination-shop.com\/?s={search_term_string}\",\"query-input\":\"required name=search_term_string\"}],\"inLanguage\":\"de\"},{\"@type\":\"WebPage\",\"@id\":\"https:\/\/www.plastination-shop.com\/terms\/#webpage\",\"url\":\"https:\/\/www.plastination-shop.com\/terms\/\",\"name\":\"AGB - Plastination Shop\",\"isPartOf\":{\"@id\":\"https:\/\/www.plastination-shop.com\/#website\"},\"datePublished\":\"2015-12-15T09:46:22+00:00\",\"dateModified\":\"2021-06-09T17:19:40+00:00\",\"breadcrumb\":{\"@id\":\"https:\/\/www.plastination-shop.com\/terms\/#breadcrumb\"},\"inLanguage\":\"de\",\"potentialAction\":[{\"@type\":\"ReadAction\",\"target\":[\"https:\/\/www.plastination-shop.com\/terms\/\"]}]},{\"@type\":\"BreadcrumbList\",\"@id\":\"https:\/\/www.plastination-shop.com\/terms\/#breadcrumb\",\"itemListElement\":[{\"@type\":\"ListItem\",\"position\":1,\"item\":{\"@type\":\"WebPage\",\"@id\":\"https:\/\/www.plastination-shop.com\/\",\"url\":\"https:\/\/www.plastination-shop.com\/\",\"name\":\"Home\"}},{\"@type\":\"ListItem\",\"position\":2,\"item\":{\"@id\":\"https:\/\/www.plastination-shop.com\/terms\/#webpage\"}}]}]}<\/script>\n<!-- \/ Yoast SEO plugin. -->","_links":{"self":[{"href":"https:\/\/www.plastination-shop.com\/de\/wp-json\/wp\/v2\/pages\/362","targetHints":{"allow":["GET"]}}],"collection":[{"href":"https:\/\/www.plastination-shop.com\/de\/wp-json\/wp\/v2\/pages"}],"about":[{"href":"https:\/\/www.plastination-shop.com\/de\/wp-json\/wp\/v2\/types\/page"}],"author":[{"embeddable":true,"href":"https:\/\/www.plastination-shop.com\/de\/wp-json\/wp\/v2\/users\/1"}],"replies":[{"embeddable":true,"href":"https:\/\/www.plastination-shop.com\/de\/wp-json\/wp\/v2\/comments?post=362"}],"version-history":[{"count":5,"href":"https:\/\/www.plastination-shop.com\/de\/wp-json\/wp\/v2\/pages\/362\/revisions"}],"predecessor-version":[{"id":6973,"href":"https:\/\/www.plastination-shop.com\/de\/wp-json\/wp\/v2\/pages\/362\/revisions\/6973"}],"wp:attachment":[{"href":"https:\/\/www.plastination-shop.com\/de\/wp-json\/wp\/v2\/media?parent=362"}],"curies":[{"name":"wp","href":"https:\/\/api.w.org\/{rel}","templated":true}]}}