{"id":364,"date":"2015-12-15T10:46:22","date_gmt":"2015-12-15T09:46:22","guid":{"rendered":"http:\/\/www.realanatomy.de\/shipping-methods\/"},"modified":"2026-02-03T12:24:13","modified_gmt":"2026-02-03T11:24:13","slug":"shipping-methods","status":"publish","type":"page","link":"https:\/\/www.plastination-shop.com\/de\/shipping-methods\/","title":{"rendered":"Shipping Rates"},"content":{"rendered":"<hr \/>\n<p>Versandkosten:<\/p>\n<p><strong>Deutschland: 4.50 EUR; ab Warenkorb &gt; 30 EUR = kostenloser Versand<\/strong><\/p>\n<hr \/>\n<p><strong>Europ\u00e4ische Union, Schweiz, UK, Norwegen, Island: 9,- EUR; ab Warenkorb &gt; 95 EUR = kostenloser Versand<\/strong><\/p>\n<hr \/>\n<p><strong>Canada, Japan, Vereinigte Arabische Emirate, Saudiarabien, Singapur: 19,- EUR<\/strong><\/p>\n<hr \/>\n<p><strong>USA: 39,- EUR (beinhaltet Z\u00f6lle und Geb\u00fchren f\u00fcr DDP &#8211; Geb\u00fchren).<\/strong><\/p>\n<hr \/>","protected":false},"excerpt":{"rendered":"<p>Versandkosten: Deutschland: 4.50 EUR; ab Warenkorb &gt; 30 EUR = kostenloser Versand Europ\u00e4ische Union, Schweiz, UK, Norwegen, Island: 9,- EUR; ab Warenkorb &gt; 95 EUR = kostenloser Versand Canada, Japan, Vereinigte Arabische Emirate, Saudiarabien, Singapur: 19,- EUR USA: 39,- EUR &hellip; <a href=\"https:\/\/www.plastination-shop.com\/de\/shipping-methods\/\">Weiter<\/a><\/p>\n","protected":false},"author":1,"featured_media":0,"parent":0,"menu_order":8,"comment_status":"closed","ping_status":"closed","template":"","meta":{"spay_email":"","footnotes":""},"class_list":["post-364","page","type-page","status-publish","hentry"],"yoast_head":"<!-- This site is optimized with the Yoast SEO plugin v16.4 - https:\/\/yoast.com\/wordpress\/plugins\/seo\/ -->\n<title>Shipping Rates - Plastination Shop<\/title>\n<meta name=\"robots\" content=\"index, follow, max-snippet:-1, max-image-preview:large, max-video-preview:-1\" \/>\n<link rel=\"canonical\" href=\"https:\/\/www.plastination-shop.com\/shipping-methods\/\" \/>\n<meta property=\"og:locale\" content=\"de_DE\" \/>\n<meta property=\"og:type\" content=\"article\" \/>\n<meta property=\"og:title\" content=\"Shipping Rates - Plastination Shop\" \/>\n<meta property=\"og:description\" content=\"Versandkosten: Deutschland: 4.50 EUR; ab Warenkorb &gt; 30 EUR = kostenloser Versand Europ\u00e4ische Union, Schweiz, UK, Norwegen, Island: 9,- EUR; ab Warenkorb &gt; 95 EUR = kostenloser Versand Canada, Japan, Vereinigte Arabische Emirate, Saudiarabien, Singapur: 19,- EUR USA: 39,- EUR &hellip; Weiter\" \/>\n<meta property=\"og:url\" content=\"https:\/\/www.plastination-shop.com\/shipping-methods\/\" \/>\n<meta property=\"og:site_name\" content=\"Plastination Shop\" \/>\n<meta property=\"article:publisher\" content=\"https:\/\/www.facebook.com\/plastination\/\" \/>\n<meta property=\"article:modified_time\" content=\"2026-02-03T11:24:13+00:00\" \/>\n<meta name=\"twitter:card\" content=\"summary_large_image\" \/>\n<meta name=\"twitter:site\" content=\"@Plastinate\" \/>\n<meta name=\"twitter:label1\" content=\"Gesch\u00e4tzte Lesezeit\" \/>\n\t<meta name=\"twitter:data1\" content=\"1\u00a0Minute\" \/>\n<script type=\"application\/ld+json\" class=\"yoast-schema-graph\">{\"@context\":\"https:\/\/schema.org\",\"@graph\":[{\"@type\":\"Organization\",\"@id\":\"https:\/\/www.plastination-shop.com\/#organization\",\"name\":\"HC biovision Dr. Christoph von Horst\",\"url\":\"https:\/\/www.plastination-shop.com\/\",\"sameAs\":[\"https:\/\/www.facebook.com\/plastination\/\",\"https:\/\/www.instagram.com\/plastination\/\",\"https:\/\/www.youtube.com\/channel\/UCWChP9RInLTweCwjV0ryNDg\",\"https:\/\/twitter.com\/Plastinate\"],\"logo\":{\"@type\":\"ImageObject\",\"@id\":\"https:\/\/www.plastination-shop.com\/#logo\",\"inLanguage\":\"de\",\"url\":\"https:\/\/www.plastination-shop.com\/wp-content\/uploads\/favicon_wappen.jpg\",\"contentUrl\":\"https:\/\/www.plastination-shop.com\/wp-content\/uploads\/favicon_wappen.jpg\",\"width\":750,\"height\":750,\"caption\":\"HC biovision Dr. Christoph von Horst\"},\"image\":{\"@id\":\"https:\/\/www.plastination-shop.com\/#logo\"}},{\"@type\":\"WebSite\",\"@id\":\"https:\/\/www.plastination-shop.com\/#website\",\"url\":\"https:\/\/www.plastination-shop.com\/\",\"name\":\"Plastination Anatomy Embedding\",\"description\":\"Anatomische Schnittpr\\u00e4parate und Modelle f\\u00fcr den Tierschutz\",\"publisher\":{\"@id\":\"https:\/\/www.plastination-shop.com\/#organization\"},\"potentialAction\":[{\"@type\":\"SearchAction\",\"target\":\"https:\/\/www.plastination-shop.com\/?s={search_term_string}\",\"query-input\":\"required name=search_term_string\"}],\"inLanguage\":\"de\"},{\"@type\":\"WebPage\",\"@id\":\"https:\/\/www.plastination-shop.com\/shipping-methods\/#webpage\",\"url\":\"https:\/\/www.plastination-shop.com\/shipping-methods\/\",\"name\":\"Shipping Rates - Plastination Shop\",\"isPartOf\":{\"@id\":\"https:\/\/www.plastination-shop.com\/#website\"},\"datePublished\":\"2015-12-15T09:46:22+00:00\",\"dateModified\":\"2026-02-03T11:24:13+00:00\",\"breadcrumb\":{\"@id\":\"https:\/\/www.plastination-shop.com\/shipping-methods\/#breadcrumb\"},\"inLanguage\":\"de\",\"potentialAction\":[{\"@type\":\"ReadAction\",\"target\":[\"https:\/\/www.plastination-shop.com\/shipping-methods\/\"]}]},{\"@type\":\"BreadcrumbList\",\"@id\":\"https:\/\/www.plastination-shop.com\/shipping-methods\/#breadcrumb\",\"itemListElement\":[{\"@type\":\"ListItem\",\"position\":1,\"item\":{\"@type\":\"WebPage\",\"@id\":\"https:\/\/www.plastination-shop.com\/\",\"url\":\"https:\/\/www.plastination-shop.com\/\",\"name\":\"Home\"}},{\"@type\":\"ListItem\",\"position\":2,\"item\":{\"@id\":\"https:\/\/www.plastination-shop.com\/shipping-methods\/#webpage\"}}]}]}<\/script>\n<!-- \/ Yoast SEO plugin. -->","_links":{"self":[{"href":"https:\/\/www.plastination-shop.com\/de\/wp-json\/wp\/v2\/pages\/364","targetHints":{"allow":["GET"]}}],"collection":[{"href":"https:\/\/www.plastination-shop.com\/de\/wp-json\/wp\/v2\/pages"}],"about":[{"href":"https:\/\/www.plastination-shop.com\/de\/wp-json\/wp\/v2\/types\/page"}],"author":[{"embeddable":true,"href":"https:\/\/www.plastination-shop.com\/de\/wp-json\/wp\/v2\/users\/1"}],"replies":[{"embeddable":true,"href":"https:\/\/www.plastination-shop.com\/de\/wp-json\/wp\/v2\/comments?post=364"}],"version-history":[{"count":24,"href":"https:\/\/www.plastination-shop.com\/de\/wp-json\/wp\/v2\/pages\/364\/revisions"}],"predecessor-version":[{"id":15329,"href":"https:\/\/www.plastination-shop.com\/de\/wp-json\/wp\/v2\/pages\/364\/revisions\/15329"}],"wp:attachment":[{"href":"https:\/\/www.plastination-shop.com\/de\/wp-json\/wp\/v2\/media?parent=364"}],"curies":[{"name":"wp","href":"https:\/\/api.w.org\/{rel}","templated":true}]}}