{"id":1208,"date":"2016-02-19T14:19:02","date_gmt":"2016-02-19T13:19:02","guid":{"rendered":"http:\/\/www.real-anatomy.de\/product\/equine-laminitis-coffin-bone-perforation-copy\/"},"modified":"2026-02-21T10:56:29","modified_gmt":"2026-02-21T09:56:29","slug":"equine-laminitis-coffin-bone-perforation-3","status":"publish","type":"product","link":"https:\/\/www.plastination-shop.com\/de\/product\/equine-laminitis-coffin-bone-perforation-3\/","title":{"rendered":"Pathologie Hufrehe Sohlendurchbruch"},"content":{"rendered":"Fotografie Rehehuf von Dr. Christoph von Horst.<br \/>\nDas anatomische Pr\u00e4parat zeigt anatomische und pathologische Details der Hufrehe-Erkrankung. Die Hufsohle wurde durch die Hufbeinrotation perforiert. <\/p>\n<p>Wissenschaftlicher Fotodruck im Format ca. 20 x 30 cm auf gl\u00e4nzendem Fuji Crystal Archive Paper (oder einem vergleichbaren hochwertigen Fotopapier). Das Wasserzeichen erscheint nicht auf dem Druck. F\u00fcr andere Formate und Materialien wie z.B. Drucke auf Leinwand, Alu-Dibond, Acryl, etc. kontaktieren Sie uns bitte direkt.<\/p>\n<p>Interesse an echten Plastinaten und anatomischen Pr\u00e4paraten?<br \/>\nBitte z\u00f6gern Sie nicht sich mit Anfragen direkt an uns zu wenden. Neben Sonderanfertigungen und regul\u00e4ren Einzelst\u00fccken in Ausstellungsqualit\u00e4t bieten wir auch regelm\u00e4\u00dfig St\u00fccke zu Sonderpreisen an. Schauen sie hierf\u00fcr regelm\u00e4\u00dfig nach unseren <a href=\"https:\/\/www.plastination-shop.com\/de\/product-category\/plastination_offers\/\">Angeboten<\/a>.","protected":false},"excerpt":{"rendered":"<p>Fotografie Rehehuf von Dr. Christoph von Horst. Das anatomische Pr\u00e4parat zeigt anatomische und pathologische Details der Hufrehe-Erkrankung. Die Hufsohle wurde durch die Hufbeinrotation perforiert. Wissenschaftlicher Fotodruck im Format ca. 20 x 30 cm auf gl\u00e4nzendem Fuji Crystal Archive Paper (oder &hellip; <a href=\"https:\/\/www.plastination-shop.com\/de\/product\/equine-laminitis-coffin-bone-perforation-3\/\">Weiter<\/a><\/p>\n","protected":false},"featured_media":12972,"template":"","meta":{"spay_email":""},"product_brand":[],"product_cat":[1024,263,281],"product_tag":[290,274,311,494,2500,298,272,493,271,421,304,297,342,450,312,305,303],"class_list":{"0":"post-1208","1":"product","2":"type-product","3":"status-publish","4":"has-post-thumbnail","6":"product_cat-equine-hoof-anatomy","7":"product_cat-plastination_pictures","8":"product_cat-plastination_prints","9":"product_tag-anatomical","10":"product_tag-anatomy","11":"product_tag-coffin-bone","12":"product_tag-disease","13":"product_tag-equine-print","14":"product_tag-founder","15":"product_tag-hoof","16":"product_tag-hoof-sole","17":"product_tag-horse","18":"product_tag-horse-hoof","19":"product_tag-image","20":"product_tag-laminitis","21":"product_tag-pathology","22":"product_tag-pedal-bone","23":"product_tag-perforation","24":"product_tag-picture","25":"product_tag-print","27":"first","28":"instock","29":"taxable","30":"shipping-taxable","31":"purchasable","32":"product-type-simple"},"bundle_layout":"","bundled_by":[],"bundled_items":[],"yoast_head":"<!-- This site is optimized with the Yoast SEO plugin v16.4 - https:\/\/yoast.com\/wordpress\/plugins\/seo\/ -->\n<title>Pathologie Hufrehe Sohlendurchbruch - Plastination Shop<\/title>\n<meta name=\"robots\" content=\"index, follow, max-snippet:-1, max-image-preview:large, max-video-preview:-1\" \/>\n<link rel=\"canonical\" href=\"https:\/\/www.plastination-shop.com\/product\/equine-laminitis-coffin-bone-perforation-3\/\" \/>\n<meta property=\"og:locale\" content=\"de_DE\" \/>\n<meta property=\"og:type\" content=\"article\" \/>\n<meta property=\"og:title\" content=\"Pathologie Hufrehe Sohlendurchbruch - Plastination Shop\" \/>\n<meta property=\"og:description\" content=\"Fotografie Rehehuf von Dr. Christoph von Horst. Das anatomische Pr\u00e4parat zeigt anatomische und pathologische Details der Hufrehe-Erkrankung. Die Hufsohle wurde durch die Hufbeinrotation perforiert. Wissenschaftlicher Fotodruck im Format ca. 20 x 30 cm auf gl\u00e4nzendem Fuji Crystal Archive Paper (oder &hellip; Weiter\" \/>\n<meta property=\"og:url\" content=\"https:\/\/www.plastination-shop.com\/product\/equine-laminitis-coffin-bone-perforation-3\/\" \/>\n<meta property=\"og:site_name\" content=\"Plastination Shop\" \/>\n<meta property=\"article:publisher\" content=\"https:\/\/www.facebook.com\/plastination\/\" \/>\n<meta property=\"article:modified_time\" content=\"2026-02-21T09:56:29+00:00\" \/>\n<meta property=\"og:image\" content=\"https:\/\/www.plastination-shop.com\/wp-content\/uploads\/1011.jpg\" \/>\n\t<meta property=\"og:image:width\" content=\"2500\" \/>\n\t<meta property=\"og:image:height\" content=\"1667\" \/>\n<meta name=\"twitter:card\" content=\"summary_large_image\" \/>\n<meta name=\"twitter:site\" content=\"@Plastinate\" \/>\n<meta name=\"twitter:label1\" content=\"Gesch\u00e4tzte Lesezeit\" \/>\n\t<meta name=\"twitter:data1\" content=\"1\u00a0Minute\" \/>\n<script type=\"application\/ld+json\" class=\"yoast-schema-graph\">{\"@context\":\"https:\/\/schema.org\",\"@graph\":[{\"@type\":\"Organization\",\"@id\":\"https:\/\/www.plastination-shop.com\/#organization\",\"name\":\"HC biovision Dr. Christoph von Horst\",\"url\":\"https:\/\/www.plastination-shop.com\/\",\"sameAs\":[\"https:\/\/www.facebook.com\/plastination\/\",\"https:\/\/www.instagram.com\/plastination\/\",\"https:\/\/www.youtube.com\/channel\/UCWChP9RInLTweCwjV0ryNDg\",\"https:\/\/twitter.com\/Plastinate\"],\"logo\":{\"@type\":\"ImageObject\",\"@id\":\"https:\/\/www.plastination-shop.com\/#logo\",\"inLanguage\":\"de\",\"url\":\"https:\/\/www.plastination-shop.com\/wp-content\/uploads\/favicon_wappen.jpg\",\"contentUrl\":\"https:\/\/www.plastination-shop.com\/wp-content\/uploads\/favicon_wappen.jpg\",\"width\":750,\"height\":750,\"caption\":\"HC biovision Dr. Christoph von Horst\"},\"image\":{\"@id\":\"https:\/\/www.plastination-shop.com\/#logo\"}},{\"@type\":\"WebSite\",\"@id\":\"https:\/\/www.plastination-shop.com\/#website\",\"url\":\"https:\/\/www.plastination-shop.com\/\",\"name\":\"Plastination Anatomy Embedding\",\"description\":\"Anatomische Schnittpr\\u00e4parate und Modelle f\\u00fcr den Tierschutz\",\"publisher\":{\"@id\":\"https:\/\/www.plastination-shop.com\/#organization\"},\"potentialAction\":[{\"@type\":\"SearchAction\",\"target\":\"https:\/\/www.plastination-shop.com\/?s={search_term_string}\",\"query-input\":\"required name=search_term_string\"}],\"inLanguage\":\"de\"},{\"@type\":\"ImageObject\",\"@id\":\"https:\/\/www.plastination-shop.com\/product\/equine-laminitis-coffin-bone-perforation-3\/#primaryimage\",\"inLanguage\":\"de\",\"url\":\"https:\/\/www.plastination-shop.com\/wp-content\/uploads\/1011.jpg\",\"contentUrl\":\"https:\/\/www.plastination-shop.com\/wp-content\/uploads\/1011.jpg\",\"width\":2500,\"height\":1667},{\"@type\":\"WebPage\",\"@id\":\"https:\/\/www.plastination-shop.com\/product\/equine-laminitis-coffin-bone-perforation-3\/#webpage\",\"url\":\"https:\/\/www.plastination-shop.com\/product\/equine-laminitis-coffin-bone-perforation-3\/\",\"name\":\"Pathologie Hufrehe Sohlendurchbruch - Plastination Shop\",\"isPartOf\":{\"@id\":\"https:\/\/www.plastination-shop.com\/#website\"},\"primaryImageOfPage\":{\"@id\":\"https:\/\/www.plastination-shop.com\/product\/equine-laminitis-coffin-bone-perforation-3\/#primaryimage\"},\"datePublished\":\"2016-02-19T13:19:02+00:00\",\"dateModified\":\"2026-02-21T09:56:29+00:00\",\"breadcrumb\":{\"@id\":\"https:\/\/www.plastination-shop.com\/product\/equine-laminitis-coffin-bone-perforation-3\/#breadcrumb\"},\"inLanguage\":\"de\",\"potentialAction\":[{\"@type\":\"ReadAction\",\"target\":[\"https:\/\/www.plastination-shop.com\/product\/equine-laminitis-coffin-bone-perforation-3\/\"]}]},{\"@type\":\"BreadcrumbList\",\"@id\":\"https:\/\/www.plastination-shop.com\/product\/equine-laminitis-coffin-bone-perforation-3\/#breadcrumb\",\"itemListElement\":[{\"@type\":\"ListItem\",\"position\":1,\"item\":{\"@type\":\"WebPage\",\"@id\":\"https:\/\/www.plastination-shop.com\/\",\"url\":\"https:\/\/www.plastination-shop.com\/\",\"name\":\"Home\"}},{\"@type\":\"ListItem\",\"position\":2,\"item\":{\"@type\":\"WebPage\",\"@id\":\"https:\/\/www.plastination-shop.com\/\",\"url\":\"https:\/\/www.plastination-shop.com\/\",\"name\":\"Anatomy insights for Animal Pain Awareness\"}},{\"@type\":\"ListItem\",\"position\":3,\"item\":{\"@id\":\"https:\/\/www.plastination-shop.com\/product\/equine-laminitis-coffin-bone-perforation-3\/#webpage\"}}]}]}<\/script>\n<!-- \/ Yoast SEO plugin. -->","_links":{"self":[{"href":"https:\/\/www.plastination-shop.com\/de\/wp-json\/wp\/v2\/product\/1208","targetHints":{"allow":["GET"]}}],"collection":[{"href":"https:\/\/www.plastination-shop.com\/de\/wp-json\/wp\/v2\/product"}],"about":[{"href":"https:\/\/www.plastination-shop.com\/de\/wp-json\/wp\/v2\/types\/product"}],"wp:featuredmedia":[{"embeddable":true,"href":"https:\/\/www.plastination-shop.com\/de\/wp-json\/wp\/v2\/media\/12972"}],"wp:attachment":[{"href":"https:\/\/www.plastination-shop.com\/de\/wp-json\/wp\/v2\/media?parent=1208"}],"wp:term":[{"taxonomy":"product_brand","embeddable":true,"href":"https:\/\/www.plastination-shop.com\/de\/wp-json\/wp\/v2\/product_brand?post=1208"},{"taxonomy":"product_cat","embeddable":true,"href":"https:\/\/www.plastination-shop.com\/de\/wp-json\/wp\/v2\/product_cat?post=1208"},{"taxonomy":"product_tag","embeddable":true,"href":"https:\/\/www.plastination-shop.com\/de\/wp-json\/wp\/v2\/product_tag?post=1208"}],"curies":[{"name":"wp","href":"https:\/\/api.w.org\/{rel}","templated":true}]}}