{"id":12973,"date":"2022-03-10T12:41:40","date_gmt":"2022-03-10T11:41:40","guid":{"rendered":"https:\/\/www.plastination-shop.com\/?post_type=product&#038;p=12973"},"modified":"2026-04-29T22:51:20","modified_gmt":"2026-04-29T20:51:20","slug":"lehrtafel-hufanatomie","status":"publish","type":"product","link":"https:\/\/www.plastination-shop.com\/de\/product\/lehrtafel-hufanatomie\/","title":{"rendered":"Lehrtafel Anatomie Pferdezehe"},"content":{"rendered":"Beschriftete Lehrtafel Anatomie Pferdezehe. Das anatomische SI &#8211; Scheibenplastinat zeigt anatomische Strukturen besonders deutlich.<\/p>\n<p>Wissenschaftlicher Fotodruck im Format ca. 20 x 30 cm auf gl\u00e4nzendem Fuji Crystal Archive Paper (oder einem vergleichbaren hochwertigen Fotopapier). Das Wasserzeichen erscheint nicht auf dem Druck. F\u00fcr andere Formate und Materialien wie z.B. Drucke auf Leinwand, Alu-Dibond, Acryl, etc. kontaktieren Sie uns bitte direkt.<\/p>\n<p>Folgende Strukturen sind deutlich erkennbar und beschriftet:<\/p>\n<p>R\u00f6hrbein, Gleichbein, tiefe Beugesehne, oberfl\u00e4chliche Beugesehne, gerades Sesambeinband, Fesselbein, gemeinsame Strecksehne, vierzipflige Fesselplatte, T-Ligament, Hufgelenkskapsel, Kronbein, Hufgelenk, Strahlbein, Hufrollenschleimbeutel, Strahlkissen, Hornlamellen, Lederhautlamellen, Terminalbogen, unpigmentiertes Wandhorn, Sohlenrandarterie, Bl\u00e4ttchenhorn, wei\u00dfe Linie.<\/p>\n<p>Interesse an echten Plastinaten und anatomischen Pr\u00e4paraten?<br \/>\nBitte z\u00f6gern Sie nicht sich mit Anfragen direkt an uns zu wenden. Neben Sonderanfertigungen und regul\u00e4ren Einzelst\u00fccken in Ausstellungsqualit\u00e4t bieten wir auch regelm\u00e4\u00dfig St\u00fccke zu Sonderpreisen an. Schauen sie hierf\u00fcr regelm\u00e4\u00dfig nach unseren <a href=\"https:\/\/www.plastination-shop.com\/de\/product-category\/plastination_offers\/\">Angeboten<\/a>.","protected":false},"excerpt":{"rendered":"<p>Beschriftete Lehrtafel Anatomie Pferdezehe. Das anatomische SI &#8211; Scheibenplastinat zeigt anatomische Strukturen besonders deutlich. Wissenschaftlicher Fotodruck im Format ca. 20 x 30 cm auf gl\u00e4nzendem Fuji Crystal Archive Paper (oder einem vergleichbaren hochwertigen Fotopapier). Das Wasserzeichen erscheint nicht auf dem &hellip; <a href=\"https:\/\/www.plastination-shop.com\/de\/product\/lehrtafel-hufanatomie\/\">Weiter<\/a><\/p>\n","protected":false},"featured_media":12974,"template":"","meta":{"spay_email":""},"product_brand":[],"product_cat":[2436,2507,265,263,281],"product_tag":[2458,2500,2444,2445,2443,2440,2453,698,699,2460,2450,2448,2461,2438,2451,2449,2454,2437,2442,893,2439,2457,1007,2452,2447,2455,2441,2456,2446,2459],"class_list":{"0":"post-12973","1":"product","2":"type-product","3":"status-publish","4":"has-post-thumbnail","6":"product_cat-coupon","7":"product_cat-plastination_special_offers","8":"product_cat-plastination_offers","9":"product_cat-plastination_pictures","10":"product_cat-plastination_prints","11":"product_tag-blattchenhorn","12":"product_tag-equine-print","13":"product_tag-fesselbein","14":"product_tag-gemeinsame-strecksehne","15":"product_tag-gerades-sesambeinband","16":"product_tag-gleichbein","17":"product_tag-hornlamellen","18":"product_tag-huf","19":"product_tag-hufanatomie","20":"product_tag-hufbeschlag","21":"product_tag-hufgelenk","22":"product_tag-hufgelenkskapsel","23":"product_tag-huforthopadie","24":"product_tag-hufpflege","25":"product_tag-hufrollenschleimbeutel","26":"product_tag-kronbein","27":"product_tag-lederhautlamellen","28":"product_tag-lehrtafel","29":"product_tag-oberflachliche-beugesehne","30":"product_tag-pferdezehe","31":"product_tag-rohrbein","32":"product_tag-sohlenrandarterie","33":"product_tag-strahlbein","34":"product_tag-strahlkissen","35":"product_tag-t-ligament","36":"product_tag-terminalbogen","37":"product_tag-tiefe-beugesehne","38":"product_tag-unpigmentiertes-wandhorn","39":"product_tag-vierzipflige-fesselplatte","40":"product_tag-weise-linie","42":"first","43":"instock","44":"sale","45":"taxable","46":"shipping-taxable","47":"purchasable","48":"product-type-simple"},"bundle_layout":"","bundled_by":[],"bundled_items":[],"yoast_head":"<!-- This site is optimized with the Yoast SEO plugin v16.4 - https:\/\/yoast.com\/wordpress\/plugins\/seo\/ -->\n<title>Lehrtafel Anatomie Pferdezehe - Plastination Shop<\/title>\n<meta name=\"description\" content=\"L\u00e4ngsschnitt durch die Pferdezehe. Die beschriftete Lehrtafel zeigt die Hufanatomie authentisch und verst\u00e4ndlich zugleich. Fotodruck 30x20cm.\" \/>\n<meta name=\"robots\" content=\"index, follow, max-snippet:-1, max-image-preview:large, max-video-preview:-1\" \/>\n<link rel=\"canonical\" href=\"https:\/\/www.plastination-shop.com\/product\/lehrtafel-hufanatomie\/\" \/>\n<meta property=\"og:locale\" content=\"de_DE\" \/>\n<meta property=\"og:type\" content=\"article\" \/>\n<meta property=\"og:title\" content=\"Lehrtafel Anatomie Pferdezehe - Plastination Shop\" \/>\n<meta property=\"og:description\" content=\"{:de}L\u00e4ngsschnitt durch die Pferdezehe. Die beschriftete Lehrtafel zeigt die Hufanatomie authentisch und verst\u00e4ndlich zugleich. Fotodruck 30x20cm.{:}\" \/>\n<meta property=\"og:url\" content=\"https:\/\/www.plastination-shop.com\/product\/lehrtafel-hufanatomie\/\" \/>\n<meta property=\"og:site_name\" content=\"Plastination Shop\" \/>\n<meta property=\"article:publisher\" content=\"https:\/\/www.facebook.com\/plastination\/\" \/>\n<meta property=\"article:modified_time\" content=\"2026-04-29T20:51:20+00:00\" \/>\n<meta property=\"og:image\" content=\"https:\/\/www.plastination-shop.com\/wp-content\/uploads\/1061.jpg\" \/>\n\t<meta property=\"og:image:width\" content=\"2500\" \/>\n\t<meta property=\"og:image:height\" content=\"1667\" \/>\n<meta name=\"twitter:card\" content=\"summary_large_image\" \/>\n<meta name=\"twitter:site\" content=\"@Plastinate\" \/>\n<meta name=\"twitter:label1\" content=\"Gesch\u00e4tzte Lesezeit\" \/>\n\t<meta name=\"twitter:data1\" content=\"1\u00a0Minute\" \/>\n<script type=\"application\/ld+json\" class=\"yoast-schema-graph\">{\"@context\":\"https:\/\/schema.org\",\"@graph\":[{\"@type\":\"Organization\",\"@id\":\"https:\/\/www.plastination-shop.com\/#organization\",\"name\":\"HC biovision Dr. Christoph von Horst\",\"url\":\"https:\/\/www.plastination-shop.com\/\",\"sameAs\":[\"https:\/\/www.facebook.com\/plastination\/\",\"https:\/\/www.instagram.com\/plastination\/\",\"https:\/\/www.youtube.com\/channel\/UCWChP9RInLTweCwjV0ryNDg\",\"https:\/\/twitter.com\/Plastinate\"],\"logo\":{\"@type\":\"ImageObject\",\"@id\":\"https:\/\/www.plastination-shop.com\/#logo\",\"inLanguage\":\"de\",\"url\":\"https:\/\/www.plastination-shop.com\/wp-content\/uploads\/favicon_wappen.jpg\",\"contentUrl\":\"https:\/\/www.plastination-shop.com\/wp-content\/uploads\/favicon_wappen.jpg\",\"width\":750,\"height\":750,\"caption\":\"HC biovision Dr. Christoph von Horst\"},\"image\":{\"@id\":\"https:\/\/www.plastination-shop.com\/#logo\"}},{\"@type\":\"WebSite\",\"@id\":\"https:\/\/www.plastination-shop.com\/#website\",\"url\":\"https:\/\/www.plastination-shop.com\/\",\"name\":\"Plastination Anatomy Embedding\",\"description\":\"Anatomische Schnittpr\\u00e4parate und Modelle f\\u00fcr den Tierschutz\",\"publisher\":{\"@id\":\"https:\/\/www.plastination-shop.com\/#organization\"},\"potentialAction\":[{\"@type\":\"SearchAction\",\"target\":\"https:\/\/www.plastination-shop.com\/?s={search_term_string}\",\"query-input\":\"required name=search_term_string\"}],\"inLanguage\":\"de\"},{\"@type\":\"ImageObject\",\"@id\":\"https:\/\/www.plastination-shop.com\/product\/lehrtafel-hufanatomie\/#primaryimage\",\"inLanguage\":\"de\",\"url\":\"https:\/\/www.plastination-shop.com\/wp-content\/uploads\/1061.jpg\",\"contentUrl\":\"https:\/\/www.plastination-shop.com\/wp-content\/uploads\/1061.jpg\",\"width\":2500,\"height\":1667},{\"@type\":\"WebPage\",\"@id\":\"https:\/\/www.plastination-shop.com\/product\/lehrtafel-hufanatomie\/#webpage\",\"url\":\"https:\/\/www.plastination-shop.com\/product\/lehrtafel-hufanatomie\/\",\"name\":\"Lehrtafel Anatomie Pferdezehe - Plastination Shop\",\"isPartOf\":{\"@id\":\"https:\/\/www.plastination-shop.com\/#website\"},\"primaryImageOfPage\":{\"@id\":\"https:\/\/www.plastination-shop.com\/product\/lehrtafel-hufanatomie\/#primaryimage\"},\"datePublished\":\"2022-03-10T11:41:40+00:00\",\"dateModified\":\"2026-04-29T20:51:20+00:00\",\"description\":\"{:de}L\\u00e4ngsschnitt durch die Pferdezehe. Die beschriftete Lehrtafel zeigt die Hufanatomie authentisch und verst\\u00e4ndlich zugleich. Fotodruck 30x20cm.{:}\",\"breadcrumb\":{\"@id\":\"https:\/\/www.plastination-shop.com\/product\/lehrtafel-hufanatomie\/#breadcrumb\"},\"inLanguage\":\"de\",\"potentialAction\":[{\"@type\":\"ReadAction\",\"target\":[\"https:\/\/www.plastination-shop.com\/product\/lehrtafel-hufanatomie\/\"]}]},{\"@type\":\"BreadcrumbList\",\"@id\":\"https:\/\/www.plastination-shop.com\/product\/lehrtafel-hufanatomie\/#breadcrumb\",\"itemListElement\":[{\"@type\":\"ListItem\",\"position\":1,\"item\":{\"@type\":\"WebPage\",\"@id\":\"https:\/\/www.plastination-shop.com\/\",\"url\":\"https:\/\/www.plastination-shop.com\/\",\"name\":\"Home\"}},{\"@type\":\"ListItem\",\"position\":2,\"item\":{\"@type\":\"WebPage\",\"@id\":\"https:\/\/www.plastination-shop.com\/\",\"url\":\"https:\/\/www.plastination-shop.com\/\",\"name\":\"Anatomy insights for Animal Pain Awareness\"}},{\"@type\":\"ListItem\",\"position\":3,\"item\":{\"@id\":\"https:\/\/www.plastination-shop.com\/product\/lehrtafel-hufanatomie\/#webpage\"}}]}]}<\/script>\n<!-- \/ Yoast SEO plugin. -->","_links":{"self":[{"href":"https:\/\/www.plastination-shop.com\/de\/wp-json\/wp\/v2\/product\/12973","targetHints":{"allow":["GET"]}}],"collection":[{"href":"https:\/\/www.plastination-shop.com\/de\/wp-json\/wp\/v2\/product"}],"about":[{"href":"https:\/\/www.plastination-shop.com\/de\/wp-json\/wp\/v2\/types\/product"}],"wp:featuredmedia":[{"embeddable":true,"href":"https:\/\/www.plastination-shop.com\/de\/wp-json\/wp\/v2\/media\/12974"}],"wp:attachment":[{"href":"https:\/\/www.plastination-shop.com\/de\/wp-json\/wp\/v2\/media?parent=12973"}],"wp:term":[{"taxonomy":"product_brand","embeddable":true,"href":"https:\/\/www.plastination-shop.com\/de\/wp-json\/wp\/v2\/product_brand?post=12973"},{"taxonomy":"product_cat","embeddable":true,"href":"https:\/\/www.plastination-shop.com\/de\/wp-json\/wp\/v2\/product_cat?post=12973"},{"taxonomy":"product_tag","embeddable":true,"href":"https:\/\/www.plastination-shop.com\/de\/wp-json\/wp\/v2\/product_tag?post=12973"}],"curies":[{"name":"wp","href":"https:\/\/api.w.org\/{rel}","templated":true}]}}