{"id":13120,"date":"2022-04-15T15:38:45","date_gmt":"2022-04-15T13:38:45","guid":{"rendered":"https:\/\/www.plastination-shop.com\/?post_type=product&#038;p=13120"},"modified":"2022-11-25T11:59:39","modified_gmt":"2022-11-25T10:59:39","slug":"rabbit_anatomy_teaching_chart","status":"publish","type":"product","link":"https:\/\/www.plastination-shop.com\/de\/product\/rabbit_anatomy_teaching_chart\/","title":{"rendered":"Kaninchen Anatomie Lehrtafel"},"content":{"rendered":"<p class=\"qtranxs-available-languages-message qtranxs-available-languages-message-de\">Leider ist der Eintrag nur auf <a href=\"https:\/\/www.plastination-shop.com\/en\/wp-json\/wp\/v2\/product\/13120\" class=\"qtranxs-available-language-link qtranxs-available-language-link-en\" title=\"English\">English<\/a> verf\u00fcgbar. Der Inhalt wird unten in einer verf\u00fcgbaren Sprache angezeigt. Klicken Sie auf den Link, um die aktuelle Sprache zu \u00e4ndern.<\/p>Anatomical photograph by Dr. Christoph von Horst. The anatomy specimen\u00a0shows finest anatomical details. Print in size appr. 20 x 30 cm \/ 8 x 12 inches with hand signature. For other formats and materials including prints on canvas, alu dibond, acrylic, etc. please contact me directly.<\/p>\n<p>Please do not hesitate to contact me if you have any questions about anatomical details visible in the print or for any further questions.<\/p>\n<p>Dr. Christoph von Horst, HC Biovision, Germany","protected":false},"excerpt":{"rendered":"<p>Leider ist der Eintrag nur auf English verf\u00fcgbar. Der Inhalt wird unten in einer verf\u00fcgbaren Sprache angezeigt. Klicken Sie auf den Link, um die aktuelle Sprache zu \u00e4ndern.Anatomical photograph by Dr. Christoph von Horst. The anatomy specimen\u00a0shows finest anatomical details. &hellip; <a href=\"https:\/\/www.plastination-shop.com\/de\/product\/rabbit_anatomy_teaching_chart\/\">Weiter<\/a><\/p>\n","protected":false},"featured_media":13121,"template":"","meta":{"spay_email":""},"product_brand":[],"product_cat":[263,281],"product_tag":[290,274,869,293,294,739,437,305,276,275,590,303,339,695,2503],"class_list":{"0":"post-13120","1":"product","2":"type-product","3":"status-publish","4":"has-post-thumbnail","6":"product_cat-plastination_pictures","7":"product_cat-plastination_prints","8":"product_tag-anatomical","9":"product_tag-anatomy","10":"product_tag-arthrosis","11":"product_tag-canine","12":"product_tag-dog","13":"product_tag-elbow","14":"product_tag-joint","15":"product_tag-picture","16":"product_tag-plastinate","17":"product_tag-plastination","18":"product_tag-preparation","19":"product_tag-print","20":"product_tag-rodent","21":"product_tag-sheet-plastination","22":"product_tag-small-mammals-print","24":"first","25":"instock","26":"taxable","27":"shipping-taxable","28":"purchasable","29":"product-type-simple"},"bundle_layout":"","bundled_by":[],"bundled_items":[],"yoast_head":"<!-- This site is optimized with the Yoast SEO plugin v16.4 - https:\/\/yoast.com\/wordpress\/plugins\/seo\/ -->\n<title>Kaninchen Anatomie Lehrtafel - Plastination Shop<\/title>\n<meta name=\"robots\" content=\"index, follow, max-snippet:-1, max-image-preview:large, max-video-preview:-1\" \/>\n<link rel=\"canonical\" href=\"https:\/\/www.plastination-shop.com\/product\/rabbit_anatomy_teaching_chart\/\" \/>\n<meta property=\"og:locale\" content=\"de_DE\" \/>\n<meta property=\"og:type\" content=\"article\" \/>\n<meta property=\"og:title\" content=\"Kaninchen Anatomie Lehrtafel - Plastination Shop\" \/>\n<meta property=\"og:description\" content=\"Leider ist der Eintrag nur auf English verf\u00fcgbar. Der Inhalt wird unten in einer verf\u00fcgbaren Sprache angezeigt. Klicken Sie auf den Link, um die aktuelle Sprache zu \u00e4ndern.Anatomical photograph by Dr. Christoph von Horst. The anatomy specimen\u00a0shows finest anatomical details. &hellip; Weiter\" \/>\n<meta property=\"og:url\" content=\"https:\/\/www.plastination-shop.com\/product\/rabbit_anatomy_teaching_chart\/\" \/>\n<meta property=\"og:site_name\" content=\"Plastination Shop\" \/>\n<meta property=\"article:publisher\" content=\"https:\/\/www.facebook.com\/plastination\/\" \/>\n<meta property=\"article:modified_time\" content=\"2022-11-25T10:59:39+00:00\" \/>\n<meta property=\"og:image\" content=\"https:\/\/www.plastination-shop.com\/wp-content\/uploads\/5011test.jpg\" \/>\n\t<meta property=\"og:image:width\" content=\"2500\" \/>\n\t<meta property=\"og:image:height\" content=\"1667\" \/>\n<meta name=\"twitter:card\" content=\"summary_large_image\" \/>\n<meta name=\"twitter:site\" content=\"@Plastinate\" \/>\n<script type=\"application\/ld+json\" class=\"yoast-schema-graph\">{\"@context\":\"https:\/\/schema.org\",\"@graph\":[{\"@type\":\"Organization\",\"@id\":\"https:\/\/www.plastination-shop.com\/#organization\",\"name\":\"HC biovision Dr. Christoph von Horst\",\"url\":\"https:\/\/www.plastination-shop.com\/\",\"sameAs\":[\"https:\/\/www.facebook.com\/plastination\/\",\"https:\/\/www.instagram.com\/plastination\/\",\"https:\/\/www.youtube.com\/channel\/UCWChP9RInLTweCwjV0ryNDg\",\"https:\/\/twitter.com\/Plastinate\"],\"logo\":{\"@type\":\"ImageObject\",\"@id\":\"https:\/\/www.plastination-shop.com\/#logo\",\"inLanguage\":\"de\",\"url\":\"https:\/\/www.plastination-shop.com\/wp-content\/uploads\/favicon_wappen.jpg\",\"contentUrl\":\"https:\/\/www.plastination-shop.com\/wp-content\/uploads\/favicon_wappen.jpg\",\"width\":750,\"height\":750,\"caption\":\"HC biovision Dr. Christoph von Horst\"},\"image\":{\"@id\":\"https:\/\/www.plastination-shop.com\/#logo\"}},{\"@type\":\"WebSite\",\"@id\":\"https:\/\/www.plastination-shop.com\/#website\",\"url\":\"https:\/\/www.plastination-shop.com\/\",\"name\":\"Plastination Anatomy Embedding\",\"description\":\"Anatomische Schnittpr\\u00e4parate und Modelle f\\u00fcr den Tierschutz\",\"publisher\":{\"@id\":\"https:\/\/www.plastination-shop.com\/#organization\"},\"potentialAction\":[{\"@type\":\"SearchAction\",\"target\":\"https:\/\/www.plastination-shop.com\/?s={search_term_string}\",\"query-input\":\"required name=search_term_string\"}],\"inLanguage\":\"de\"},{\"@type\":\"ImageObject\",\"@id\":\"https:\/\/www.plastination-shop.com\/product\/rabbit_anatomy_teaching_chart\/#primaryimage\",\"inLanguage\":\"de\",\"url\":\"https:\/\/www.plastination-shop.com\/wp-content\/uploads\/5011test.jpg\",\"contentUrl\":\"https:\/\/www.plastination-shop.com\/wp-content\/uploads\/5011test.jpg\",\"width\":2500,\"height\":1667},{\"@type\":\"WebPage\",\"@id\":\"https:\/\/www.plastination-shop.com\/product\/rabbit_anatomy_teaching_chart\/#webpage\",\"url\":\"https:\/\/www.plastination-shop.com\/product\/rabbit_anatomy_teaching_chart\/\",\"name\":\"Kaninchen Anatomie Lehrtafel - Plastination Shop\",\"isPartOf\":{\"@id\":\"https:\/\/www.plastination-shop.com\/#website\"},\"primaryImageOfPage\":{\"@id\":\"https:\/\/www.plastination-shop.com\/product\/rabbit_anatomy_teaching_chart\/#primaryimage\"},\"datePublished\":\"2022-04-15T13:38:45+00:00\",\"dateModified\":\"2022-11-25T10:59:39+00:00\",\"breadcrumb\":{\"@id\":\"https:\/\/www.plastination-shop.com\/product\/rabbit_anatomy_teaching_chart\/#breadcrumb\"},\"inLanguage\":\"de\",\"potentialAction\":[{\"@type\":\"ReadAction\",\"target\":[\"https:\/\/www.plastination-shop.com\/product\/rabbit_anatomy_teaching_chart\/\"]}]},{\"@type\":\"BreadcrumbList\",\"@id\":\"https:\/\/www.plastination-shop.com\/product\/rabbit_anatomy_teaching_chart\/#breadcrumb\",\"itemListElement\":[{\"@type\":\"ListItem\",\"position\":1,\"item\":{\"@type\":\"WebPage\",\"@id\":\"https:\/\/www.plastination-shop.com\/\",\"url\":\"https:\/\/www.plastination-shop.com\/\",\"name\":\"Home\"}},{\"@type\":\"ListItem\",\"position\":2,\"item\":{\"@type\":\"WebPage\",\"@id\":\"https:\/\/www.plastination-shop.com\/\",\"url\":\"https:\/\/www.plastination-shop.com\/\",\"name\":\"Anatomy insights for Animal Pain Awareness\"}},{\"@type\":\"ListItem\",\"position\":3,\"item\":{\"@id\":\"https:\/\/www.plastination-shop.com\/product\/rabbit_anatomy_teaching_chart\/#webpage\"}}]}]}<\/script>\n<!-- \/ Yoast SEO plugin. -->","_links":{"self":[{"href":"https:\/\/www.plastination-shop.com\/de\/wp-json\/wp\/v2\/product\/13120","targetHints":{"allow":["GET"]}}],"collection":[{"href":"https:\/\/www.plastination-shop.com\/de\/wp-json\/wp\/v2\/product"}],"about":[{"href":"https:\/\/www.plastination-shop.com\/de\/wp-json\/wp\/v2\/types\/product"}],"wp:featuredmedia":[{"embeddable":true,"href":"https:\/\/www.plastination-shop.com\/de\/wp-json\/wp\/v2\/media\/13121"}],"wp:attachment":[{"href":"https:\/\/www.plastination-shop.com\/de\/wp-json\/wp\/v2\/media?parent=13120"}],"wp:term":[{"taxonomy":"product_brand","embeddable":true,"href":"https:\/\/www.plastination-shop.com\/de\/wp-json\/wp\/v2\/product_brand?post=13120"},{"taxonomy":"product_cat","embeddable":true,"href":"https:\/\/www.plastination-shop.com\/de\/wp-json\/wp\/v2\/product_cat?post=13120"},{"taxonomy":"product_tag","embeddable":true,"href":"https:\/\/www.plastination-shop.com\/de\/wp-json\/wp\/v2\/product_tag?post=13120"}],"curies":[{"name":"wp","href":"https:\/\/api.w.org\/{rel}","templated":true}]}}