{"id":13801,"date":"2022-09-28T09:42:05","date_gmt":"2022-09-28T07:42:05","guid":{"rendered":"https:\/\/www.plastination-shop.com\/?post_type=product&#038;p=13801"},"modified":"2026-02-14T16:51:10","modified_gmt":"2026-02-14T15:51:10","slug":"scientific-hoof-anatomy-canvas-print-2","status":"publish","type":"product","link":"https:\/\/www.plastination-shop.com\/de\/product\/scientific-hoof-anatomy-canvas-print-2\/","title":{"rendered":"Schnittanatomie Huf Leinwanddruck"},"content":{"rendered":"Leinwand-Druck anatomische Abbildung der Hufanatomie eines Pferdes von Dr. Christoph von Horst. Die Fotografien zeigen die anatomischen Strukturen im Detail und vermitteln eine hervorragende Vorstellung davon, wie lebendig der Huf innerhalb der Hornkapsel ist. Klinisch relevante Strukturen f\u00fcr die tier\u00e4rztliche Behandlung, den Hufbeschlag und die Hufpflege sind deutlich erkennbar.<\/p>\n<p>Diese 60 x 40 cm Leinwand ist ideal f\u00fcr alle Warte- und Wohnzimmer sowie jeden anderen Raum im Haus, um die Sch\u00f6nheit des Pferdehufes zu pr\u00e4sentieren.<br \/>\nWir bieten zu dem Fotodruck auf ETSY auch den passenden Druck auf einer Leinwand an. Gerne k\u00f6nnen Sie sich telefonisch unter 08751\/875675 mit uns in Kontakt zu treten, um das individuell gew\u00fcnschte Poster zu bestellen.<\/p>\n<p>Interesse an echten Plastinaten und anatomischen Pr\u00e4paraten?<br \/>\nBitte z\u00f6gern Sie nicht sich mit Anfragen direkt an uns zu wenden. Neben Sonderanfertigungen und regul\u00e4ren Einzelst\u00fccken in Ausstellungsqualit\u00e4t haben wir auch Probeexemplare zu Sonderpreisen im Angebot. F\u00fcr mehr Informationen zu verwendeten Plastinationstechniken empfehle ich die von mir herausgegebene AHE Sonderausgabe \u00fcber Plastination* die HC Biovision website oder besuchen sie unsere Social Media Seiten facebook.com\/plastination und instagram.com\/plastination.<\/p>\n<p>HC Biovision Dr. Christoph von Horst ist als anatomisches Pr\u00e4parationslabor beh\u00f6rdlich zugelassen und registriert gem\u00e4\u00df VERORDNUNG (EG) Nr. 1069\/2009 .<br \/>\nRegistriernummer DE 09 273 0001 14.<\/p>\n<p>*Wiley Blackwell &#8220;Anatomia, Histologia, Embryologia&#8221; Volume 48, Issue 6, Special Issue: Plastination. Edited by Dr. Christoph von Horst","protected":false},"excerpt":{"rendered":"<p>Leinwand-Druck anatomische Abbildung der Hufanatomie eines Pferdes von Dr. Christoph von Horst. Die Fotografien zeigen die anatomischen Strukturen im Detail und vermitteln eine hervorragende Vorstellung davon, wie lebendig der Huf innerhalb der Hornkapsel ist. Klinisch relevante Strukturen f\u00fcr die tier\u00e4rztliche &hellip; <a href=\"https:\/\/www.plastination-shop.com\/de\/product\/scientific-hoof-anatomy-canvas-print-2\/\">Weiter<\/a><\/p>\n","protected":false},"featured_media":13800,"template":"","meta":{"spay_email":""},"product_brand":[],"product_cat":[2538,1071,1024],"product_tag":[1073,1072,296,495],"class_list":{"0":"post-13801","1":"product","2":"type-product","3":"status-publish","4":"has-post-thumbnail","6":"product_cat-development-partner","7":"product_cat-equine","8":"product_cat-equine-hoof-anatomy","9":"product_tag-canvas","10":"product_tag-canvas-print","11":"product_tag-equine","12":"product_tag-equine-hoof","14":"first","15":"instock","16":"taxable","17":"shipping-taxable","18":"purchasable","19":"product-type-variable"},"bundle_layout":"","bundled_by":[],"bundled_items":[],"yoast_head":"<!-- This site is optimized with the Yoast SEO plugin v16.4 - https:\/\/yoast.com\/wordpress\/plugins\/seo\/ -->\n<title>Schnittanatomie Huf Leinwanddruck - Plastination Shop<\/title>\n<meta name=\"robots\" content=\"index, follow, max-snippet:-1, max-image-preview:large, max-video-preview:-1\" \/>\n<link rel=\"canonical\" href=\"https:\/\/www.plastination-shop.com\/product\/scientific-hoof-anatomy-canvas-print-2\/\" \/>\n<meta property=\"og:locale\" content=\"de_DE\" \/>\n<meta property=\"og:type\" content=\"article\" \/>\n<meta property=\"og:title\" content=\"Schnittanatomie Huf Leinwanddruck - Plastination Shop\" \/>\n<meta property=\"og:description\" content=\"Leinwand-Druck anatomische Abbildung der Hufanatomie eines Pferdes von Dr. Christoph von Horst. Die Fotografien zeigen die anatomischen Strukturen im Detail und vermitteln eine hervorragende Vorstellung davon, wie lebendig der Huf innerhalb der Hornkapsel ist. Klinisch relevante Strukturen f\u00fcr die tier\u00e4rztliche &hellip; Weiter\" \/>\n<meta property=\"og:url\" content=\"https:\/\/www.plastination-shop.com\/product\/scientific-hoof-anatomy-canvas-print-2\/\" \/>\n<meta property=\"og:site_name\" content=\"Plastination Shop\" \/>\n<meta property=\"article:publisher\" content=\"https:\/\/www.facebook.com\/plastination\/\" \/>\n<meta property=\"article:modified_time\" content=\"2026-02-14T15:51:10+00:00\" \/>\n<meta property=\"og:image\" content=\"https:\/\/www.plastination-shop.com\/wp-content\/uploads\/751-366-1.jpg\" \/>\n\t<meta property=\"og:image:width\" content=\"2000\" \/>\n\t<meta property=\"og:image:height\" content=\"1333\" \/>\n<meta name=\"twitter:card\" content=\"summary_large_image\" \/>\n<meta name=\"twitter:site\" content=\"@Plastinate\" \/>\n<meta name=\"twitter:label1\" content=\"Gesch\u00e4tzte Lesezeit\" \/>\n\t<meta name=\"twitter:data1\" content=\"1\u00a0Minute\" \/>\n<script type=\"application\/ld+json\" class=\"yoast-schema-graph\">{\"@context\":\"https:\/\/schema.org\",\"@graph\":[{\"@type\":\"Organization\",\"@id\":\"https:\/\/www.plastination-shop.com\/#organization\",\"name\":\"HC biovision Dr. Christoph von Horst\",\"url\":\"https:\/\/www.plastination-shop.com\/\",\"sameAs\":[\"https:\/\/www.facebook.com\/plastination\/\",\"https:\/\/www.instagram.com\/plastination\/\",\"https:\/\/www.youtube.com\/channel\/UCWChP9RInLTweCwjV0ryNDg\",\"https:\/\/twitter.com\/Plastinate\"],\"logo\":{\"@type\":\"ImageObject\",\"@id\":\"https:\/\/www.plastination-shop.com\/#logo\",\"inLanguage\":\"de\",\"url\":\"https:\/\/www.plastination-shop.com\/wp-content\/uploads\/favicon_wappen.jpg\",\"contentUrl\":\"https:\/\/www.plastination-shop.com\/wp-content\/uploads\/favicon_wappen.jpg\",\"width\":750,\"height\":750,\"caption\":\"HC biovision Dr. Christoph von Horst\"},\"image\":{\"@id\":\"https:\/\/www.plastination-shop.com\/#logo\"}},{\"@type\":\"WebSite\",\"@id\":\"https:\/\/www.plastination-shop.com\/#website\",\"url\":\"https:\/\/www.plastination-shop.com\/\",\"name\":\"Plastination Anatomy Embedding\",\"description\":\"Anatomische Schnittpr\\u00e4parate und Modelle f\\u00fcr den Tierschutz\",\"publisher\":{\"@id\":\"https:\/\/www.plastination-shop.com\/#organization\"},\"potentialAction\":[{\"@type\":\"SearchAction\",\"target\":\"https:\/\/www.plastination-shop.com\/?s={search_term_string}\",\"query-input\":\"required name=search_term_string\"}],\"inLanguage\":\"de\"},{\"@type\":\"ImageObject\",\"@id\":\"https:\/\/www.plastination-shop.com\/product\/scientific-hoof-anatomy-canvas-print-2\/#primaryimage\",\"inLanguage\":\"de\",\"url\":\"https:\/\/www.plastination-shop.com\/wp-content\/uploads\/751-366-1.jpg\",\"contentUrl\":\"https:\/\/www.plastination-shop.com\/wp-content\/uploads\/751-366-1.jpg\",\"width\":2000,\"height\":1333},{\"@type\":\"WebPage\",\"@id\":\"https:\/\/www.plastination-shop.com\/product\/scientific-hoof-anatomy-canvas-print-2\/#webpage\",\"url\":\"https:\/\/www.plastination-shop.com\/product\/scientific-hoof-anatomy-canvas-print-2\/\",\"name\":\"Schnittanatomie Huf Leinwanddruck - Plastination Shop\",\"isPartOf\":{\"@id\":\"https:\/\/www.plastination-shop.com\/#website\"},\"primaryImageOfPage\":{\"@id\":\"https:\/\/www.plastination-shop.com\/product\/scientific-hoof-anatomy-canvas-print-2\/#primaryimage\"},\"datePublished\":\"2022-09-28T07:42:05+00:00\",\"dateModified\":\"2026-02-14T15:51:10+00:00\",\"breadcrumb\":{\"@id\":\"https:\/\/www.plastination-shop.com\/product\/scientific-hoof-anatomy-canvas-print-2\/#breadcrumb\"},\"inLanguage\":\"de\",\"potentialAction\":[{\"@type\":\"ReadAction\",\"target\":[\"https:\/\/www.plastination-shop.com\/product\/scientific-hoof-anatomy-canvas-print-2\/\"]}]},{\"@type\":\"BreadcrumbList\",\"@id\":\"https:\/\/www.plastination-shop.com\/product\/scientific-hoof-anatomy-canvas-print-2\/#breadcrumb\",\"itemListElement\":[{\"@type\":\"ListItem\",\"position\":1,\"item\":{\"@type\":\"WebPage\",\"@id\":\"https:\/\/www.plastination-shop.com\/\",\"url\":\"https:\/\/www.plastination-shop.com\/\",\"name\":\"Home\"}},{\"@type\":\"ListItem\",\"position\":2,\"item\":{\"@type\":\"WebPage\",\"@id\":\"https:\/\/www.plastination-shop.com\/\",\"url\":\"https:\/\/www.plastination-shop.com\/\",\"name\":\"Anatomy insights for Animal Pain Awareness\"}},{\"@type\":\"ListItem\",\"position\":3,\"item\":{\"@id\":\"https:\/\/www.plastination-shop.com\/product\/scientific-hoof-anatomy-canvas-print-2\/#webpage\"}}]}]}<\/script>\n<!-- \/ Yoast SEO plugin. -->","_links":{"self":[{"href":"https:\/\/www.plastination-shop.com\/de\/wp-json\/wp\/v2\/product\/13801","targetHints":{"allow":["GET"]}}],"collection":[{"href":"https:\/\/www.plastination-shop.com\/de\/wp-json\/wp\/v2\/product"}],"about":[{"href":"https:\/\/www.plastination-shop.com\/de\/wp-json\/wp\/v2\/types\/product"}],"wp:featuredmedia":[{"embeddable":true,"href":"https:\/\/www.plastination-shop.com\/de\/wp-json\/wp\/v2\/media\/13800"}],"wp:attachment":[{"href":"https:\/\/www.plastination-shop.com\/de\/wp-json\/wp\/v2\/media?parent=13801"}],"wp:term":[{"taxonomy":"product_brand","embeddable":true,"href":"https:\/\/www.plastination-shop.com\/de\/wp-json\/wp\/v2\/product_brand?post=13801"},{"taxonomy":"product_cat","embeddable":true,"href":"https:\/\/www.plastination-shop.com\/de\/wp-json\/wp\/v2\/product_cat?post=13801"},{"taxonomy":"product_tag","embeddable":true,"href":"https:\/\/www.plastination-shop.com\/de\/wp-json\/wp\/v2\/product_tag?post=13801"}],"curies":[{"name":"wp","href":"https:\/\/api.w.org\/{rel}","templated":true}]}}