{"id":15332,"date":"2026-02-04T19:24:36","date_gmt":"2026-02-04T18:24:36","guid":{"rendered":"https:\/\/www.plastination-shop.com\/?post_type=product&#038;p=15332"},"modified":"2026-03-22T14:50:39","modified_gmt":"2026-03-22T13:50:39","slug":"feline-lumbar-region-cross-section","status":"publish","type":"product","link":"https:\/\/www.plastination-shop.com\/de\/product\/feline-lumbar-region-cross-section\/","title":{"rendered":"Querschnitt durch die Lendenregion einer Katze"},"content":{"rendered":"Echtes wissenschaftliches Anatomie-Plastinat. Dieses Angebot wird unterst\u00fctzt von AIAPA e.V. Der Verein AIAPA &#8211; Anatomy Insights for Animal Pain Awareness will Tiere vor Schmerzen bewahren. &#8220;Zeig mir wo es weh tut!&#8221; Echte Plastinate und anatomische Abbildungen verdeutlichen die Empfindlichkeit und Feinheit der Tier-Anatomie und zeigen die konkreten Problemstellen wo Schmerzen und Leiden ihren Ursprung haben. Ich biete regelm\u00e4\u00dfig einige AIAPA &#8211; St\u00fccke hier im Shop an. Als AIAPA\u00a0 Awareness Mitglied haben Sie die Auswahl aus einer gr\u00f6\u00dferen Zahl von Plastinaten, sowie Fotos und Ringb\u00fcchern. Rufen Sie mich an!<\/p>\n<p>Informationen zum angebotenen Plastinat finden sie im Produktvideo. AIAPA Angebote sind h\u00e4ufig auch gebrauchte St\u00fccke oder St\u00fccke in B-Qualit\u00e4t. Ich weise gegebenenfalls im Produktvideo ausdr\u00fccklich darauf hin.<\/p>\n<p>Das Plastinat wird mit einem Zertifikat wie abgebildet geliefert.<\/p>\n<p>F\u00fcr mehr Informationen zu verwendeten Plastinationstechniken empfehle ich die Sonderausgabe \u00fcber Plastination: Wiley Blackwell &#8220;Anatomia, Histologia, Embryologia Volume 48, Issue 6, Special Issue: Plastination. Edited by Dr. Christoph von Horst. Online ISSN:1439-0264, die HC Biovision website<a href=\"https:\/\/www.plastinate.com\"> www.plastinate.com<\/a> oder wenden sie sich direkt an mich.<\/p>\n<p>Dr. Christoph von Horst<\/p>\n<p><img loading=\"lazy\" decoding=\"async\" class=\"alignnone size-medium wp-image-14369\" src=\"https:\/\/www.plastination-shop.com\/wp-content\/uploads\/AHE_Plastination_special_issue-300x188.jpg\" alt=\"AHE-Special-Issue\" width=\"300\" height=\"188\" srcset=\"https:\/\/www.plastination-shop.com\/wp-content\/uploads\/AHE_Plastination_special_issue-300x188.jpg 300w, https:\/\/www.plastination-shop.com\/wp-content\/uploads\/AHE_Plastination_special_issue-1024x643.jpg 1024w, https:\/\/www.plastination-shop.com\/wp-content\/uploads\/AHE_Plastination_special_issue-1536x964.jpg 1536w, https:\/\/www.plastination-shop.com\/wp-content\/uploads\/AHE_Plastination_special_issue-2048x1286.jpg 2048w, https:\/\/www.plastination-shop.com\/wp-content\/uploads\/AHE_Plastination_special_issue-80x50.jpg 80w, https:\/\/www.plastination-shop.com\/wp-content\/uploads\/AHE_Plastination_special_issue-600x377.jpg 600w\" sizes=\"auto, (max-width: 300px) 100vw, 300px\" \/><\/p>\n<p><img loading=\"lazy\" decoding=\"async\" class=\"alignnone size-medium wp-image-5507\" src=\"https:\/\/www.plastination-shop.com\/wp-content\/uploads\/certificate_allg-300x212.jpg\" alt=\"\" width=\"300\" height=\"212\" srcset=\"https:\/\/www.plastination-shop.com\/wp-content\/uploads\/certificate_allg-300x212.jpg 300w, https:\/\/www.plastination-shop.com\/wp-content\/uploads\/certificate_allg-1024x724.jpg 1024w, https:\/\/www.plastination-shop.com\/wp-content\/uploads\/certificate_allg-1536x1086.jpg 1536w, https:\/\/www.plastination-shop.com\/wp-content\/uploads\/certificate_allg-2048x1448.jpg 2048w, https:\/\/www.plastination-shop.com\/wp-content\/uploads\/certificate_allg-600x424.jpg 600w\" sizes=\"auto, (max-width: 300px) 100vw, 300px\" \/>","protected":false},"excerpt":{"rendered":"<p>Echtes wissenschaftliches Anatomie-Plastinat. Dieses Angebot wird unterst\u00fctzt von AIAPA e.V. Der Verein AIAPA &#8211; Anatomy Insights for Animal Pain Awareness will Tiere vor Schmerzen bewahren. &#8220;Zeig mir wo es weh tut!&#8221; Echte Plastinate und anatomische Abbildungen verdeutlichen die Empfindlichkeit und &hellip; <a href=\"https:\/\/www.plastination-shop.com\/de\/product\/feline-lumbar-region-cross-section\/\">Weiter<\/a><\/p>\n","protected":false},"featured_media":15334,"template":"","meta":{"spay_email":""},"product_brand":[],"product_cat":[2549,2530],"product_tag":[973,888,962,1005,296,1051,917,2523,2510,276,886,887,275,929,2524,749,695,291,853],"class_list":{"0":"post-15332","1":"product","2":"type-product","3":"status-publish","4":"has-post-thumbnail","6":"product_cat-aiapa","7":"product_cat-livestock","8":"product_tag-biologisch","9":"product_tag-e12-plastination","10":"product_tag-einbettung","11":"product_tag-embedment","12":"product_tag-equine","13":"product_tag-feuchtpraparat","14":"product_tag-horn","15":"product_tag-hornqualitat","16":"product_tag-pferdeanatomie","17":"product_tag-plastinate","18":"product_tag-plastinated","19":"product_tag-plastinated-specimen","20":"product_tag-plastination","21":"product_tag-praparat","22":"product_tag-quality","23":"product_tag-sheet-plastinate","24":"product_tag-sheet-plastination","25":"product_tag-specimen","26":"product_tag-wet-specimen","28":"first","29":"outofstock","30":"sale","31":"taxable","32":"shipping-taxable","33":"purchasable","34":"product-type-simple"},"bundle_layout":"","bundled_by":[],"bundled_items":[],"yoast_head":"<!-- This site is optimized with the Yoast SEO plugin v16.4 - https:\/\/yoast.com\/wordpress\/plugins\/seo\/ -->\n<title>Querschnitt durch die Lendenregion einer Katze - Plastination Shop<\/title>\n<meta name=\"robots\" content=\"index, follow, max-snippet:-1, max-image-preview:large, max-video-preview:-1\" \/>\n<link rel=\"canonical\" href=\"https:\/\/www.plastination-shop.com\/product\/feline-lumbar-region-cross-section\/\" \/>\n<meta property=\"og:locale\" content=\"de_DE\" \/>\n<meta property=\"og:type\" content=\"article\" \/>\n<meta property=\"og:title\" content=\"Querschnitt durch die Lendenregion einer Katze - Plastination Shop\" \/>\n<meta property=\"og:description\" content=\"Echtes wissenschaftliches Anatomie-Plastinat. Dieses Angebot wird unterst\u00fctzt von AIAPA e.V. Der Verein AIAPA &#8211; Anatomy Insights for Animal Pain Awareness will Tiere vor Schmerzen bewahren. &#8220;Zeig mir wo es weh tut!&#8221; Echte Plastinate und anatomische Abbildungen verdeutlichen die Empfindlichkeit und &hellip; Weiter\" \/>\n<meta property=\"og:url\" content=\"https:\/\/www.plastination-shop.com\/product\/feline-lumbar-region-cross-section\/\" \/>\n<meta property=\"og:site_name\" content=\"Plastination Shop\" \/>\n<meta property=\"article:publisher\" content=\"https:\/\/www.facebook.com\/plastination\/\" \/>\n<meta property=\"article:modified_time\" content=\"2026-03-22T13:50:39+00:00\" \/>\n<meta property=\"og:image\" content=\"https:\/\/www.plastination-shop.com\/wp-content\/uploads\/33759-scaled.jpg\" \/>\n\t<meta property=\"og:image:width\" content=\"2560\" \/>\n\t<meta property=\"og:image:height\" content=\"1440\" \/>\n<meta name=\"twitter:card\" content=\"summary_large_image\" \/>\n<meta name=\"twitter:site\" content=\"@Plastinate\" \/>\n<meta name=\"twitter:label1\" content=\"Gesch\u00e4tzte Lesezeit\" \/>\n\t<meta name=\"twitter:data1\" content=\"1\u00a0Minute\" \/>\n<script type=\"application\/ld+json\" class=\"yoast-schema-graph\">{\"@context\":\"https:\/\/schema.org\",\"@graph\":[{\"@type\":\"Organization\",\"@id\":\"https:\/\/www.plastination-shop.com\/#organization\",\"name\":\"HC biovision Dr. Christoph von Horst\",\"url\":\"https:\/\/www.plastination-shop.com\/\",\"sameAs\":[\"https:\/\/www.facebook.com\/plastination\/\",\"https:\/\/www.instagram.com\/plastination\/\",\"https:\/\/www.youtube.com\/channel\/UCWChP9RInLTweCwjV0ryNDg\",\"https:\/\/twitter.com\/Plastinate\"],\"logo\":{\"@type\":\"ImageObject\",\"@id\":\"https:\/\/www.plastination-shop.com\/#logo\",\"inLanguage\":\"de\",\"url\":\"https:\/\/www.plastination-shop.com\/wp-content\/uploads\/favicon_wappen.jpg\",\"contentUrl\":\"https:\/\/www.plastination-shop.com\/wp-content\/uploads\/favicon_wappen.jpg\",\"width\":750,\"height\":750,\"caption\":\"HC biovision Dr. Christoph von Horst\"},\"image\":{\"@id\":\"https:\/\/www.plastination-shop.com\/#logo\"}},{\"@type\":\"WebSite\",\"@id\":\"https:\/\/www.plastination-shop.com\/#website\",\"url\":\"https:\/\/www.plastination-shop.com\/\",\"name\":\"Plastination Anatomy Embedding\",\"description\":\"Anatomische Schnittpr\\u00e4parate und Modelle f\\u00fcr den Tierschutz\",\"publisher\":{\"@id\":\"https:\/\/www.plastination-shop.com\/#organization\"},\"potentialAction\":[{\"@type\":\"SearchAction\",\"target\":\"https:\/\/www.plastination-shop.com\/?s={search_term_string}\",\"query-input\":\"required name=search_term_string\"}],\"inLanguage\":\"de\"},{\"@type\":\"ImageObject\",\"@id\":\"https:\/\/www.plastination-shop.com\/product\/feline-lumbar-region-cross-section\/#primaryimage\",\"inLanguage\":\"de\",\"url\":\"https:\/\/www.plastination-shop.com\/wp-content\/uploads\/33759-scaled.jpg\",\"contentUrl\":\"https:\/\/www.plastination-shop.com\/wp-content\/uploads\/33759-scaled.jpg\",\"width\":2560,\"height\":1440},{\"@type\":\"WebPage\",\"@id\":\"https:\/\/www.plastination-shop.com\/product\/feline-lumbar-region-cross-section\/#webpage\",\"url\":\"https:\/\/www.plastination-shop.com\/product\/feline-lumbar-region-cross-section\/\",\"name\":\"Querschnitt durch die Lendenregion einer Katze - Plastination Shop\",\"isPartOf\":{\"@id\":\"https:\/\/www.plastination-shop.com\/#website\"},\"primaryImageOfPage\":{\"@id\":\"https:\/\/www.plastination-shop.com\/product\/feline-lumbar-region-cross-section\/#primaryimage\"},\"datePublished\":\"2026-02-04T18:24:36+00:00\",\"dateModified\":\"2026-03-22T13:50:39+00:00\",\"breadcrumb\":{\"@id\":\"https:\/\/www.plastination-shop.com\/product\/feline-lumbar-region-cross-section\/#breadcrumb\"},\"inLanguage\":\"de\",\"potentialAction\":[{\"@type\":\"ReadAction\",\"target\":[\"https:\/\/www.plastination-shop.com\/product\/feline-lumbar-region-cross-section\/\"]}]},{\"@type\":\"BreadcrumbList\",\"@id\":\"https:\/\/www.plastination-shop.com\/product\/feline-lumbar-region-cross-section\/#breadcrumb\",\"itemListElement\":[{\"@type\":\"ListItem\",\"position\":1,\"item\":{\"@type\":\"WebPage\",\"@id\":\"https:\/\/www.plastination-shop.com\/\",\"url\":\"https:\/\/www.plastination-shop.com\/\",\"name\":\"Home\"}},{\"@type\":\"ListItem\",\"position\":2,\"item\":{\"@type\":\"WebPage\",\"@id\":\"https:\/\/www.plastination-shop.com\/\",\"url\":\"https:\/\/www.plastination-shop.com\/\",\"name\":\"Anatomy insights for Animal Pain Awareness\"}},{\"@type\":\"ListItem\",\"position\":3,\"item\":{\"@id\":\"https:\/\/www.plastination-shop.com\/product\/feline-lumbar-region-cross-section\/#webpage\"}}]}]}<\/script>\n<!-- \/ Yoast SEO plugin. -->","_links":{"self":[{"href":"https:\/\/www.plastination-shop.com\/de\/wp-json\/wp\/v2\/product\/15332","targetHints":{"allow":["GET"]}}],"collection":[{"href":"https:\/\/www.plastination-shop.com\/de\/wp-json\/wp\/v2\/product"}],"about":[{"href":"https:\/\/www.plastination-shop.com\/de\/wp-json\/wp\/v2\/types\/product"}],"wp:featuredmedia":[{"embeddable":true,"href":"https:\/\/www.plastination-shop.com\/de\/wp-json\/wp\/v2\/media\/15334"}],"wp:attachment":[{"href":"https:\/\/www.plastination-shop.com\/de\/wp-json\/wp\/v2\/media?parent=15332"}],"wp:term":[{"taxonomy":"product_brand","embeddable":true,"href":"https:\/\/www.plastination-shop.com\/de\/wp-json\/wp\/v2\/product_brand?post=15332"},{"taxonomy":"product_cat","embeddable":true,"href":"https:\/\/www.plastination-shop.com\/de\/wp-json\/wp\/v2\/product_cat?post=15332"},{"taxonomy":"product_tag","embeddable":true,"href":"https:\/\/www.plastination-shop.com\/de\/wp-json\/wp\/v2\/product_tag?post=15332"}],"curies":[{"name":"wp","href":"https:\/\/api.w.org\/{rel}","templated":true}]}}