{"id":1924,"date":"2016-08-08T08:00:38","date_gmt":"2016-08-08T06:00:38","guid":{"rendered":"http:\/\/www.real-anatomy.de\/product\/falcon-head-bird-anatomy-print\/"},"modified":"2024-06-07T00:41:15","modified_gmt":"2024-06-06T22:41:15","slug":"falcon-head-bird-anatomy-print","status":"publish","type":"product","link":"https:\/\/www.plastination-shop.com\/de\/product\/falcon-head-bird-anatomy-print\/","title":{"rendered":"Falke Vogel Anatomie Kopf Fotodruck"},"content":{"rendered":"Aanatomischer Fotodruck eines Falkenkopfs von Dr. Christoph von Horst.<br \/>\nAnatomischer Schnitt durch den Kopf von einem Gerfalken mit beeindruckender Darstellung von Gehirn und insbesondere Kleinhirn \/ Zerebellum. Die hochkomplexen Bewegungsabl\u00e4ufe beim Vogelflug spiegeln sich anatomisch in der Gr\u00f6\u00dfe des Zerebellums wieder, dass f\u00fcr die Muskelkoordination verantwortlich ist.<\/p>\n<p>Wissenschaftlicher Fotodruck im Format ca. 20 x 30 cm auf gl\u00e4nzendem Fuji Crystal Archive Paper (oder einem vergleichbaren hochwertigen Fotopapier). Das Wasserzeichen erscheint nicht auf dem Druck. F\u00fcr andere Formate und Materialien wie z.B. Drucke auf Leinwand, Alu-Dibond, Acryl, etc. kontaktieren Sie uns bitte direkt.<\/p>\n<p>Interesse an echten Plastinaten und anatomischen Pr\u00e4paraten?<br \/>\nBitte z\u00f6gern Sie nicht sich mit Anfragen direkt an uns zu wenden. Neben Sonderanfertigungen und regul\u00e4ren Einzelst\u00fccken in Ausstellungsqualit\u00e4t bieten wir auch regelm\u00e4\u00dfig St\u00fccke zu Sonderpreisen an. Schauen sie hierf\u00fcr regelm\u00e4\u00dfig nach unseren <a href=\"https:\/\/www.plastination-shop.com\/de\/product-category\/plastination_offers\/\">Angeboten<\/a>.<\/p>","protected":false},"excerpt":{"rendered":"<p>Aanatomischer Fotodruck eines Falkenkopfs von Dr. Christoph von Horst. Anatomischer Schnitt durch den Kopf von einem Gerfalken mit beeindruckender Darstellung von Gehirn und insbesondere Kleinhirn \/ Zerebellum. Die hochkomplexen Bewegungsabl\u00e4ufe beim Vogelflug spiegeln sich anatomisch in der Gr\u00f6\u00dfe des Zerebellums &hellip; <a href=\"https:\/\/www.plastination-shop.com\/de\/product\/falcon-head-bird-anatomy-print\/\">Weiter<\/a><\/p>\n","protected":false},"featured_media":13188,"template":"","meta":{"spay_email":""},"product_brand":[],"product_cat":[263,281],"product_tag":[290,274,285,555,2496,554,2497,289,551,556,553,550,305,303,552],"class_list":{"0":"post-1924","1":"product","2":"type-product","3":"status-publish","4":"has-post-thumbnail","6":"product_cat-plastination_pictures","7":"product_cat-plastination_prints","8":"product_tag-anatomical","9":"product_tag-anatomy","10":"product_tag-bird","11":"product_tag-bird-anatomy","12":"product_tag-bird-image","13":"product_tag-bird-medicine","14":"product_tag-bird-print","15":"product_tag-brain","16":"product_tag-falcon","17":"product_tag-falcon-anatomy","18":"product_tag-falconry","19":"product_tag-gyr-falcon","20":"product_tag-picture","21":"product_tag-print","22":"product_tag-raptor","24":"first","25":"instock","26":"taxable","27":"shipping-taxable","28":"purchasable","29":"product-type-simple"},"bundle_layout":"","bundled_by":[],"bundled_items":[],"yoast_head":"<!-- This site is optimized with the Yoast SEO plugin v16.4 - https:\/\/yoast.com\/wordpress\/plugins\/seo\/ -->\n<title>Falke Vogel Anatomie Kopf Fotodruck - Plastination Shop<\/title>\n<meta name=\"robots\" content=\"index, follow, max-snippet:-1, max-image-preview:large, max-video-preview:-1\" \/>\n<link rel=\"canonical\" href=\"https:\/\/www.plastination-shop.com\/product\/falcon-head-bird-anatomy-print\/\" \/>\n<meta property=\"og:locale\" content=\"de_DE\" \/>\n<meta property=\"og:type\" content=\"article\" \/>\n<meta property=\"og:title\" content=\"Falke Vogel Anatomie Kopf Fotodruck - Plastination Shop\" \/>\n<meta property=\"og:description\" content=\"Aanatomischer Fotodruck eines Falkenkopfs von Dr. Christoph von Horst. Anatomischer Schnitt durch den Kopf von einem Gerfalken mit beeindruckender Darstellung von Gehirn und insbesondere Kleinhirn \/ Zerebellum. Die hochkomplexen Bewegungsabl\u00e4ufe beim Vogelflug spiegeln sich anatomisch in der Gr\u00f6\u00dfe des Zerebellums &hellip; Weiter\" \/>\n<meta property=\"og:url\" content=\"https:\/\/www.plastination-shop.com\/product\/falcon-head-bird-anatomy-print\/\" \/>\n<meta property=\"og:site_name\" content=\"Plastination Shop\" \/>\n<meta property=\"article:publisher\" content=\"https:\/\/www.facebook.com\/plastination\/\" \/>\n<meta property=\"article:modified_time\" content=\"2024-06-06T22:41:15+00:00\" \/>\n<meta property=\"og:image\" content=\"https:\/\/www.plastination-shop.com\/wp-content\/uploads\/6001.jpg\" \/>\n\t<meta property=\"og:image:width\" content=\"2500\" \/>\n\t<meta property=\"og:image:height\" content=\"1667\" \/>\n<meta name=\"twitter:card\" content=\"summary_large_image\" \/>\n<meta name=\"twitter:site\" content=\"@Plastinate\" \/>\n<meta name=\"twitter:label1\" content=\"Gesch\u00e4tzte Lesezeit\" \/>\n\t<meta name=\"twitter:data1\" content=\"1\u00a0Minute\" \/>\n<script type=\"application\/ld+json\" class=\"yoast-schema-graph\">{\"@context\":\"https:\/\/schema.org\",\"@graph\":[{\"@type\":\"Organization\",\"@id\":\"https:\/\/www.plastination-shop.com\/#organization\",\"name\":\"HC biovision Dr. Christoph von Horst\",\"url\":\"https:\/\/www.plastination-shop.com\/\",\"sameAs\":[\"https:\/\/www.facebook.com\/plastination\/\",\"https:\/\/www.instagram.com\/plastination\/\",\"https:\/\/www.youtube.com\/channel\/UCWChP9RInLTweCwjV0ryNDg\",\"https:\/\/twitter.com\/Plastinate\"],\"logo\":{\"@type\":\"ImageObject\",\"@id\":\"https:\/\/www.plastination-shop.com\/#logo\",\"inLanguage\":\"de\",\"url\":\"https:\/\/www.plastination-shop.com\/wp-content\/uploads\/favicon_wappen.jpg\",\"contentUrl\":\"https:\/\/www.plastination-shop.com\/wp-content\/uploads\/favicon_wappen.jpg\",\"width\":750,\"height\":750,\"caption\":\"HC biovision Dr. Christoph von Horst\"},\"image\":{\"@id\":\"https:\/\/www.plastination-shop.com\/#logo\"}},{\"@type\":\"WebSite\",\"@id\":\"https:\/\/www.plastination-shop.com\/#website\",\"url\":\"https:\/\/www.plastination-shop.com\/\",\"name\":\"Plastination Anatomy Embedding\",\"description\":\"Anatomische Schnittpr\\u00e4parate und Modelle f\\u00fcr den Tierschutz\",\"publisher\":{\"@id\":\"https:\/\/www.plastination-shop.com\/#organization\"},\"potentialAction\":[{\"@type\":\"SearchAction\",\"target\":\"https:\/\/www.plastination-shop.com\/?s={search_term_string}\",\"query-input\":\"required name=search_term_string\"}],\"inLanguage\":\"de\"},{\"@type\":\"ImageObject\",\"@id\":\"https:\/\/www.plastination-shop.com\/product\/falcon-head-bird-anatomy-print\/#primaryimage\",\"inLanguage\":\"de\",\"url\":\"https:\/\/www.plastination-shop.com\/wp-content\/uploads\/6001.jpg\",\"contentUrl\":\"https:\/\/www.plastination-shop.com\/wp-content\/uploads\/6001.jpg\",\"width\":2500,\"height\":1667},{\"@type\":\"WebPage\",\"@id\":\"https:\/\/www.plastination-shop.com\/product\/falcon-head-bird-anatomy-print\/#webpage\",\"url\":\"https:\/\/www.plastination-shop.com\/product\/falcon-head-bird-anatomy-print\/\",\"name\":\"Falke Vogel Anatomie Kopf Fotodruck - Plastination Shop\",\"isPartOf\":{\"@id\":\"https:\/\/www.plastination-shop.com\/#website\"},\"primaryImageOfPage\":{\"@id\":\"https:\/\/www.plastination-shop.com\/product\/falcon-head-bird-anatomy-print\/#primaryimage\"},\"datePublished\":\"2016-08-08T06:00:38+00:00\",\"dateModified\":\"2024-06-06T22:41:15+00:00\",\"breadcrumb\":{\"@id\":\"https:\/\/www.plastination-shop.com\/product\/falcon-head-bird-anatomy-print\/#breadcrumb\"},\"inLanguage\":\"de\",\"potentialAction\":[{\"@type\":\"ReadAction\",\"target\":[\"https:\/\/www.plastination-shop.com\/product\/falcon-head-bird-anatomy-print\/\"]}]},{\"@type\":\"BreadcrumbList\",\"@id\":\"https:\/\/www.plastination-shop.com\/product\/falcon-head-bird-anatomy-print\/#breadcrumb\",\"itemListElement\":[{\"@type\":\"ListItem\",\"position\":1,\"item\":{\"@type\":\"WebPage\",\"@id\":\"https:\/\/www.plastination-shop.com\/\",\"url\":\"https:\/\/www.plastination-shop.com\/\",\"name\":\"Home\"}},{\"@type\":\"ListItem\",\"position\":2,\"item\":{\"@type\":\"WebPage\",\"@id\":\"https:\/\/www.plastination-shop.com\/\",\"url\":\"https:\/\/www.plastination-shop.com\/\",\"name\":\"Anatomy insights for Animal Pain Awareness\"}},{\"@type\":\"ListItem\",\"position\":3,\"item\":{\"@id\":\"https:\/\/www.plastination-shop.com\/product\/falcon-head-bird-anatomy-print\/#webpage\"}}]}]}<\/script>\n<!-- \/ Yoast SEO plugin. -->","_links":{"self":[{"href":"https:\/\/www.plastination-shop.com\/de\/wp-json\/wp\/v2\/product\/1924","targetHints":{"allow":["GET"]}}],"collection":[{"href":"https:\/\/www.plastination-shop.com\/de\/wp-json\/wp\/v2\/product"}],"about":[{"href":"https:\/\/www.plastination-shop.com\/de\/wp-json\/wp\/v2\/types\/product"}],"wp:featuredmedia":[{"embeddable":true,"href":"https:\/\/www.plastination-shop.com\/de\/wp-json\/wp\/v2\/media\/13188"}],"wp:attachment":[{"href":"https:\/\/www.plastination-shop.com\/de\/wp-json\/wp\/v2\/media?parent=1924"}],"wp:term":[{"taxonomy":"product_brand","embeddable":true,"href":"https:\/\/www.plastination-shop.com\/de\/wp-json\/wp\/v2\/product_brand?post=1924"},{"taxonomy":"product_cat","embeddable":true,"href":"https:\/\/www.plastination-shop.com\/de\/wp-json\/wp\/v2\/product_cat?post=1924"},{"taxonomy":"product_tag","embeddable":true,"href":"https:\/\/www.plastination-shop.com\/de\/wp-json\/wp\/v2\/product_tag?post=1924"}],"curies":[{"name":"wp","href":"https:\/\/api.w.org\/{rel}","templated":true}]}}