{"id":2032,"date":"2016-08-22T19:30:50","date_gmt":"2016-08-22T17:30:50","guid":{"rendered":"http:\/\/www.real-anatomy.de\/product\/equine-long-pastern-bone-limb-fracture\/"},"modified":"2025-09-17T07:09:23","modified_gmt":"2025-09-17T05:09:23","slug":"equine-long-pastern-bone-limb-fracture","status":"publish","type":"product","link":"https:\/\/www.plastination-shop.com\/de\/product\/equine-long-pastern-bone-limb-fracture\/","title":{"rendered":"Tr\u00fcmmerfraktur Fesselbein Pferd"},"content":{"rendered":"Tr\u00fcmmerfraktur Fesselbein Pferd &#8211; Fotodruck von Dr. Christoph von Horst.<\/p>\n<p>Das veterin\u00e4r-pathologische Pr\u00e4parat zeigt eine Tr\u00fcmmerfraktur des Fesselbeins mit massiven Einblutungen in den Knochen und das umliegende Bindegewebe. Anhand der pathologischen Lehrtafel wird ersichtlich wie schwierig bzw. aussichtlos Versuche sind, Frakturen an Pferdebeinen erfolgreich operativ zu versorgen. Chirurgische Schrauben, Platten, usw. w\u00fcrden den hohen Kr\u00e4ften bei normaler Belastung der Gliedma\u00dfe nicht standhalten.<\/p>\n<p>Wissenschaftlicher Fotodruck im Format ca. 20 x 30 cm auf gl\u00e4nzendem Fuji Crystal Archive Paper (oder einem vergleichbaren hochwertigen Fotopapier). Das Wasserzeichen erscheint nicht auf dem Druck. F\u00fcr andere Formate und Materialien wie z.B. Drucke auf Leinwand, Alu-Dibond, Acryl, etc. kontaktieren Sie uns bitte direkt.<\/p>\n<p>Interesse an echten Plastinaten und anatomischen Pr\u00e4paraten?<br \/>\nBitte z\u00f6gern Sie nicht sich mit Anfragen direkt an uns zu wenden. Neben Sonderanfertigungen und regul\u00e4ren Einzelst\u00fccken in Ausstellungsqualit\u00e4t bieten wir auch regelm\u00e4\u00dfig St\u00fccke zu Sonderpreisen an. Schauen sie hierf\u00fcr regelm\u00e4\u00dfig nach unseren <a href=\"https:\/\/www.plastination-shop.com\/de\/product-category\/plastination_offers\/\">Angeboten<\/a>.","protected":false},"excerpt":{"rendered":"<p>Tr\u00fcmmerfraktur Fesselbein Pferd &#8211; Fotodruck von Dr. Christoph von Horst. Das veterin\u00e4r-pathologische Pr\u00e4parat zeigt eine Tr\u00fcmmerfraktur des Fesselbeins mit massiven Einblutungen in den Knochen und das umliegende Bindegewebe. Anhand der pathologischen Lehrtafel wird ersichtlich wie schwierig bzw. aussichtlos Versuche sind, &hellip; <a href=\"https:\/\/www.plastination-shop.com\/de\/product\/equine-long-pastern-bone-limb-fracture\/\">Weiter<\/a><\/p>\n","protected":false},"featured_media":13230,"template":"","meta":{"spay_email":""},"product_brand":[],"product_cat":[263,281],"product_tag":[598,290,274,2479,600,2500,2476,594,2477,582,2478,596,2480,599,892,342,697,2481,303,2482,601],"class_list":{"0":"post-2032","1":"product","2":"type-product","3":"status-publish","4":"has-post-thumbnail","6":"product_cat-plastination_pictures","7":"product_cat-plastination_prints","8":"product_tag-accident","9":"product_tag-anatomical","10":"product_tag-anatomy","11":"product_tag-behandlung","12":"product_tag-bone-fracture","13":"product_tag-equine-print","14":"product_tag-fesselbeinfraktur","15":"product_tag-fracture","16":"product_tag-fraktur","17":"product_tag-horse-limb","18":"product_tag-knochenbruch","19":"product_tag-long-pastern-bone","20":"product_tag-osteosynthese","21":"product_tag-pastern-bone","22":"product_tag-pathologie","23":"product_tag-pathology","24":"product_tag-pferd","25":"product_tag-pferdebein","26":"product_tag-print","27":"product_tag-unfall","28":"product_tag-veterinary","30":"first","31":"instock","32":"taxable","33":"shipping-taxable","34":"purchasable","35":"product-type-simple"},"bundle_layout":"","bundled_by":[],"bundled_items":[],"yoast_head":"<!-- This site is optimized with the Yoast SEO plugin v16.4 - https:\/\/yoast.com\/wordpress\/plugins\/seo\/ -->\n<title>Tr\u00fcmmerfraktur Fesselbein Pferd - Plastination Shop<\/title>\n<meta name=\"robots\" content=\"index, follow, max-snippet:-1, max-image-preview:large, max-video-preview:-1\" \/>\n<link rel=\"canonical\" href=\"https:\/\/www.plastination-shop.com\/product\/equine-long-pastern-bone-limb-fracture\/\" \/>\n<meta property=\"og:locale\" content=\"de_DE\" \/>\n<meta property=\"og:type\" content=\"article\" \/>\n<meta property=\"og:title\" content=\"Tr\u00fcmmerfraktur Fesselbein Pferd - Plastination Shop\" \/>\n<meta property=\"og:description\" content=\"Tr\u00fcmmerfraktur Fesselbein Pferd &#8211; Fotodruck von Dr. Christoph von Horst. Das veterin\u00e4r-pathologische Pr\u00e4parat zeigt eine Tr\u00fcmmerfraktur des Fesselbeins mit massiven Einblutungen in den Knochen und das umliegende Bindegewebe. Anhand der pathologischen Lehrtafel wird ersichtlich wie schwierig bzw. aussichtlos Versuche sind, &hellip; Weiter\" \/>\n<meta property=\"og:url\" content=\"https:\/\/www.plastination-shop.com\/product\/equine-long-pastern-bone-limb-fracture\/\" \/>\n<meta property=\"og:site_name\" content=\"Plastination Shop\" \/>\n<meta property=\"article:publisher\" content=\"https:\/\/www.facebook.com\/plastination\/\" \/>\n<meta property=\"article:modified_time\" content=\"2025-09-17T05:09:23+00:00\" \/>\n<meta property=\"og:image\" content=\"https:\/\/www.plastination-shop.com\/wp-content\/uploads\/1051.jpg\" \/>\n\t<meta property=\"og:image:width\" content=\"1667\" \/>\n\t<meta property=\"og:image:height\" content=\"2500\" \/>\n<meta name=\"twitter:card\" content=\"summary_large_image\" \/>\n<meta name=\"twitter:site\" content=\"@Plastinate\" \/>\n<meta name=\"twitter:label1\" content=\"Gesch\u00e4tzte Lesezeit\" \/>\n\t<meta name=\"twitter:data1\" content=\"1\u00a0Minute\" \/>\n<script type=\"application\/ld+json\" class=\"yoast-schema-graph\">{\"@context\":\"https:\/\/schema.org\",\"@graph\":[{\"@type\":\"Organization\",\"@id\":\"https:\/\/www.plastination-shop.com\/#organization\",\"name\":\"HC biovision Dr. Christoph von Horst\",\"url\":\"https:\/\/www.plastination-shop.com\/\",\"sameAs\":[\"https:\/\/www.facebook.com\/plastination\/\",\"https:\/\/www.instagram.com\/plastination\/\",\"https:\/\/www.youtube.com\/channel\/UCWChP9RInLTweCwjV0ryNDg\",\"https:\/\/twitter.com\/Plastinate\"],\"logo\":{\"@type\":\"ImageObject\",\"@id\":\"https:\/\/www.plastination-shop.com\/#logo\",\"inLanguage\":\"de\",\"url\":\"https:\/\/www.plastination-shop.com\/wp-content\/uploads\/favicon_wappen.jpg\",\"contentUrl\":\"https:\/\/www.plastination-shop.com\/wp-content\/uploads\/favicon_wappen.jpg\",\"width\":750,\"height\":750,\"caption\":\"HC biovision Dr. Christoph von Horst\"},\"image\":{\"@id\":\"https:\/\/www.plastination-shop.com\/#logo\"}},{\"@type\":\"WebSite\",\"@id\":\"https:\/\/www.plastination-shop.com\/#website\",\"url\":\"https:\/\/www.plastination-shop.com\/\",\"name\":\"Plastination Anatomy Embedding\",\"description\":\"Anatomische Schnittpr\\u00e4parate und Modelle f\\u00fcr den Tierschutz\",\"publisher\":{\"@id\":\"https:\/\/www.plastination-shop.com\/#organization\"},\"potentialAction\":[{\"@type\":\"SearchAction\",\"target\":\"https:\/\/www.plastination-shop.com\/?s={search_term_string}\",\"query-input\":\"required name=search_term_string\"}],\"inLanguage\":\"de\"},{\"@type\":\"ImageObject\",\"@id\":\"https:\/\/www.plastination-shop.com\/product\/equine-long-pastern-bone-limb-fracture\/#primaryimage\",\"inLanguage\":\"de\",\"url\":\"https:\/\/www.plastination-shop.com\/wp-content\/uploads\/1051.jpg\",\"contentUrl\":\"https:\/\/www.plastination-shop.com\/wp-content\/uploads\/1051.jpg\",\"width\":1667,\"height\":2500},{\"@type\":\"WebPage\",\"@id\":\"https:\/\/www.plastination-shop.com\/product\/equine-long-pastern-bone-limb-fracture\/#webpage\",\"url\":\"https:\/\/www.plastination-shop.com\/product\/equine-long-pastern-bone-limb-fracture\/\",\"name\":\"Tr\\u00fcmmerfraktur Fesselbein Pferd - Plastination Shop\",\"isPartOf\":{\"@id\":\"https:\/\/www.plastination-shop.com\/#website\"},\"primaryImageOfPage\":{\"@id\":\"https:\/\/www.plastination-shop.com\/product\/equine-long-pastern-bone-limb-fracture\/#primaryimage\"},\"datePublished\":\"2016-08-22T17:30:50+00:00\",\"dateModified\":\"2025-09-17T05:09:23+00:00\",\"breadcrumb\":{\"@id\":\"https:\/\/www.plastination-shop.com\/product\/equine-long-pastern-bone-limb-fracture\/#breadcrumb\"},\"inLanguage\":\"de\",\"potentialAction\":[{\"@type\":\"ReadAction\",\"target\":[\"https:\/\/www.plastination-shop.com\/product\/equine-long-pastern-bone-limb-fracture\/\"]}]},{\"@type\":\"BreadcrumbList\",\"@id\":\"https:\/\/www.plastination-shop.com\/product\/equine-long-pastern-bone-limb-fracture\/#breadcrumb\",\"itemListElement\":[{\"@type\":\"ListItem\",\"position\":1,\"item\":{\"@type\":\"WebPage\",\"@id\":\"https:\/\/www.plastination-shop.com\/\",\"url\":\"https:\/\/www.plastination-shop.com\/\",\"name\":\"Home\"}},{\"@type\":\"ListItem\",\"position\":2,\"item\":{\"@type\":\"WebPage\",\"@id\":\"https:\/\/www.plastination-shop.com\/\",\"url\":\"https:\/\/www.plastination-shop.com\/\",\"name\":\"Anatomy insights for Animal Pain Awareness\"}},{\"@type\":\"ListItem\",\"position\":3,\"item\":{\"@id\":\"https:\/\/www.plastination-shop.com\/product\/equine-long-pastern-bone-limb-fracture\/#webpage\"}}]}]}<\/script>\n<!-- \/ Yoast SEO plugin. -->","_links":{"self":[{"href":"https:\/\/www.plastination-shop.com\/de\/wp-json\/wp\/v2\/product\/2032","targetHints":{"allow":["GET"]}}],"collection":[{"href":"https:\/\/www.plastination-shop.com\/de\/wp-json\/wp\/v2\/product"}],"about":[{"href":"https:\/\/www.plastination-shop.com\/de\/wp-json\/wp\/v2\/types\/product"}],"wp:featuredmedia":[{"embeddable":true,"href":"https:\/\/www.plastination-shop.com\/de\/wp-json\/wp\/v2\/media\/13230"}],"wp:attachment":[{"href":"https:\/\/www.plastination-shop.com\/de\/wp-json\/wp\/v2\/media?parent=2032"}],"wp:term":[{"taxonomy":"product_brand","embeddable":true,"href":"https:\/\/www.plastination-shop.com\/de\/wp-json\/wp\/v2\/product_brand?post=2032"},{"taxonomy":"product_cat","embeddable":true,"href":"https:\/\/www.plastination-shop.com\/de\/wp-json\/wp\/v2\/product_cat?post=2032"},{"taxonomy":"product_tag","embeddable":true,"href":"https:\/\/www.plastination-shop.com\/de\/wp-json\/wp\/v2\/product_tag?post=2032"}],"curies":[{"name":"wp","href":"https:\/\/api.w.org\/{rel}","templated":true}]}}