{"id":2336,"date":"2016-11-28T12:06:02","date_gmt":"2016-11-28T11:06:02","guid":{"rendered":"http:\/\/www.real-anatomy.de\/?post_type=product&#038;p=2336"},"modified":"2025-09-17T07:09:23","modified_gmt":"2025-09-17T05:09:23","slug":"juvenile-horse-foot-blood-vessels","status":"publish","type":"product","link":"https:\/\/www.plastination-shop.com\/de\/product\/juvenile-horse-foot-blood-vessels\/","title":{"rendered":"Blutversorgung Pferdezehe"},"content":{"rendered":"<p class=\"qtranxs-available-languages-message qtranxs-available-languages-message-de\">Leider ist der Eintrag nur auf <a href=\"https:\/\/www.plastination-shop.com\/en\/wp-json\/wp\/v2\/product\/2336\" class=\"qtranxs-available-language-link qtranxs-available-language-link-en\" title=\"English\">English<\/a> verf\u00fcgbar. Der Inhalt wird unten in einer verf\u00fcgbaren Sprache angezeigt. Klicken Sie auf den Link, um die aktuelle Sprache zu \u00e4ndern.<\/p><div class=\"MagicToolboxContainer\"><a class=\"MagicZoom\" href=\"http:\/\/www.real-anatomy.de\/wp-content\/uploads\/30081.jpg\"><img decoding=\"async\" title=\"Juvenile horse hoof blood vessel anatomy cast\" src=\"http:\/\/www.real-anatomy.de\/wp-content\/uploads\/2016\/01\/30081-001.jpg\" alt=\"Horse hoof vascularisation anatomical specimen\" \/><\/a><\/div><\/p>\n<p>Anatomical photograph of a juvenile horse hoof blood vessel corrosion cast specimen by Dr. Christoph von Horst. The anatomical specimen\u00a0shows finest details of the morphology and topography of the blood vessels in the equine hoof. The anatomical corrosion cast image helps understand typical hoof problems like equine laminitis. Print in size appr. 20 x 30 cm \/ 8 x 12 inches with hand signature. For other formats and materials including prints on canvas, alu dibond, acrylic, etc. please contact me directly.<\/p>\n<p>Please do not hesitate to contact me if you have any questions about anatomical details visible in the print or for any further questions.<\/p>\n<p>Dr. Christoph von Horst, HC Biovision, Germany","protected":false},"excerpt":{"rendered":"<p>Leider ist der Eintrag nur auf English verf\u00fcgbar. Der Inhalt wird unten in einer verf\u00fcgbaren Sprache angezeigt. Klicken Sie auf den Link, um die aktuelle Sprache zu \u00e4ndern. Anatomical photograph of a juvenile horse hoof blood vessel corrosion cast specimen &hellip; <a href=\"https:\/\/www.plastination-shop.com\/de\/product\/juvenile-horse-foot-blood-vessels\/\">Weiter<\/a><\/p>\n","protected":false},"featured_media":747,"template":"","meta":{"spay_email":""},"product_brand":[],"product_cat":[1024,263,281],"product_tag":[290,274,316,315,495,2500,664,272,271,421,304,665,297,2501,305,303,314],"class_list":{"0":"post-2336","1":"product","2":"type-product","3":"status-publish","4":"has-post-thumbnail","6":"product_cat-equine-hoof-anatomy","7":"product_cat-plastination_pictures","8":"product_cat-plastination_prints","9":"product_tag-anatomical","10":"product_tag-anatomy","11":"product_tag-artery","12":"product_tag-blood-vessel","13":"product_tag-equine-hoof","14":"product_tag-equine-print","15":"product_tag-foal","16":"product_tag-hoof","17":"product_tag-horse","18":"product_tag-horse-hoof","19":"product_tag-image","20":"product_tag-juvenile","21":"product_tag-laminitis","22":"product_tag-morphology-various","23":"product_tag-picture","24":"product_tag-print","25":"product_tag-vascularisation","27":"first","28":"instock","29":"taxable","30":"shipping-taxable","31":"purchasable","32":"product-type-simple"},"bundle_layout":"","bundled_by":[],"bundled_items":[],"yoast_head":"<!-- This site is optimized with the Yoast SEO plugin v16.4 - https:\/\/yoast.com\/wordpress\/plugins\/seo\/ -->\n<title>Blutversorgung Pferdezehe - Plastination Shop<\/title>\n<meta name=\"robots\" content=\"index, follow, max-snippet:-1, max-image-preview:large, max-video-preview:-1\" \/>\n<link rel=\"canonical\" href=\"https:\/\/www.plastination-shop.com\/product\/juvenile-horse-foot-blood-vessels\/\" \/>\n<meta property=\"og:locale\" content=\"de_DE\" \/>\n<meta property=\"og:type\" content=\"article\" \/>\n<meta property=\"og:title\" content=\"Blutversorgung Pferdezehe - Plastination Shop\" \/>\n<meta property=\"og:description\" content=\"Leider ist der Eintrag nur auf English verf\u00fcgbar. Der Inhalt wird unten in einer verf\u00fcgbaren Sprache angezeigt. Klicken Sie auf den Link, um die aktuelle Sprache zu \u00e4ndern. Anatomical photograph of a juvenile horse hoof blood vessel corrosion cast specimen &hellip; Weiter\" \/>\n<meta property=\"og:url\" content=\"https:\/\/www.plastination-shop.com\/product\/juvenile-horse-foot-blood-vessels\/\" \/>\n<meta property=\"og:site_name\" content=\"Plastination Shop\" \/>\n<meta property=\"article:publisher\" content=\"https:\/\/www.facebook.com\/plastination\/\" \/>\n<meta property=\"article:modified_time\" content=\"2025-09-17T05:09:23+00:00\" \/>\n<meta property=\"og:image\" content=\"https:\/\/www.plastination-shop.com\/wp-content\/uploads\/2016\/01\/30081-001.jpg\" \/>\n\t<meta property=\"og:image:width\" content=\"480\" \/>\n\t<meta property=\"og:image:height\" content=\"320\" \/>\n<meta name=\"twitter:card\" content=\"summary_large_image\" \/>\n<meta name=\"twitter:site\" content=\"@Plastinate\" \/>\n<meta name=\"twitter:label1\" content=\"Gesch\u00e4tzte Lesezeit\" \/>\n\t<meta name=\"twitter:data1\" content=\"1\u00a0Minute\" \/>\n<script type=\"application\/ld+json\" class=\"yoast-schema-graph\">{\"@context\":\"https:\/\/schema.org\",\"@graph\":[{\"@type\":\"Organization\",\"@id\":\"https:\/\/www.plastination-shop.com\/#organization\",\"name\":\"HC biovision Dr. Christoph von Horst\",\"url\":\"https:\/\/www.plastination-shop.com\/\",\"sameAs\":[\"https:\/\/www.facebook.com\/plastination\/\",\"https:\/\/www.instagram.com\/plastination\/\",\"https:\/\/www.youtube.com\/channel\/UCWChP9RInLTweCwjV0ryNDg\",\"https:\/\/twitter.com\/Plastinate\"],\"logo\":{\"@type\":\"ImageObject\",\"@id\":\"https:\/\/www.plastination-shop.com\/#logo\",\"inLanguage\":\"de\",\"url\":\"https:\/\/www.plastination-shop.com\/wp-content\/uploads\/favicon_wappen.jpg\",\"contentUrl\":\"https:\/\/www.plastination-shop.com\/wp-content\/uploads\/favicon_wappen.jpg\",\"width\":750,\"height\":750,\"caption\":\"HC biovision Dr. Christoph von Horst\"},\"image\":{\"@id\":\"https:\/\/www.plastination-shop.com\/#logo\"}},{\"@type\":\"WebSite\",\"@id\":\"https:\/\/www.plastination-shop.com\/#website\",\"url\":\"https:\/\/www.plastination-shop.com\/\",\"name\":\"Plastination Anatomy Embedding\",\"description\":\"Anatomische Schnittpr\\u00e4parate und Modelle f\\u00fcr den Tierschutz\",\"publisher\":{\"@id\":\"https:\/\/www.plastination-shop.com\/#organization\"},\"potentialAction\":[{\"@type\":\"SearchAction\",\"target\":\"https:\/\/www.plastination-shop.com\/?s={search_term_string}\",\"query-input\":\"required name=search_term_string\"}],\"inLanguage\":\"de\"},{\"@type\":\"ImageObject\",\"@id\":\"https:\/\/www.plastination-shop.com\/product\/juvenile-horse-foot-blood-vessels\/#primaryimage\",\"inLanguage\":\"de\",\"url\":\"https:\/\/www.plastination-shop.com\/wp-content\/uploads\/2016\/01\/30081-001.jpg\",\"contentUrl\":\"https:\/\/www.plastination-shop.com\/wp-content\/uploads\/2016\/01\/30081-001.jpg\",\"width\":480,\"height\":320},{\"@type\":\"WebPage\",\"@id\":\"https:\/\/www.plastination-shop.com\/product\/juvenile-horse-foot-blood-vessels\/#webpage\",\"url\":\"https:\/\/www.plastination-shop.com\/product\/juvenile-horse-foot-blood-vessels\/\",\"name\":\"Blutversorgung Pferdezehe - Plastination Shop\",\"isPartOf\":{\"@id\":\"https:\/\/www.plastination-shop.com\/#website\"},\"primaryImageOfPage\":{\"@id\":\"https:\/\/www.plastination-shop.com\/product\/juvenile-horse-foot-blood-vessels\/#primaryimage\"},\"datePublished\":\"2016-11-28T11:06:02+00:00\",\"dateModified\":\"2025-09-17T05:09:23+00:00\",\"breadcrumb\":{\"@id\":\"https:\/\/www.plastination-shop.com\/product\/juvenile-horse-foot-blood-vessels\/#breadcrumb\"},\"inLanguage\":\"de\",\"potentialAction\":[{\"@type\":\"ReadAction\",\"target\":[\"https:\/\/www.plastination-shop.com\/product\/juvenile-horse-foot-blood-vessels\/\"]}]},{\"@type\":\"BreadcrumbList\",\"@id\":\"https:\/\/www.plastination-shop.com\/product\/juvenile-horse-foot-blood-vessels\/#breadcrumb\",\"itemListElement\":[{\"@type\":\"ListItem\",\"position\":1,\"item\":{\"@type\":\"WebPage\",\"@id\":\"https:\/\/www.plastination-shop.com\/\",\"url\":\"https:\/\/www.plastination-shop.com\/\",\"name\":\"Home\"}},{\"@type\":\"ListItem\",\"position\":2,\"item\":{\"@type\":\"WebPage\",\"@id\":\"https:\/\/www.plastination-shop.com\/\",\"url\":\"https:\/\/www.plastination-shop.com\/\",\"name\":\"Anatomy insights for Animal Pain Awareness\"}},{\"@type\":\"ListItem\",\"position\":3,\"item\":{\"@id\":\"https:\/\/www.plastination-shop.com\/product\/juvenile-horse-foot-blood-vessels\/#webpage\"}}]}]}<\/script>\n<!-- \/ Yoast SEO plugin. -->","_links":{"self":[{"href":"https:\/\/www.plastination-shop.com\/de\/wp-json\/wp\/v2\/product\/2336","targetHints":{"allow":["GET"]}}],"collection":[{"href":"https:\/\/www.plastination-shop.com\/de\/wp-json\/wp\/v2\/product"}],"about":[{"href":"https:\/\/www.plastination-shop.com\/de\/wp-json\/wp\/v2\/types\/product"}],"wp:featuredmedia":[{"embeddable":true,"href":"https:\/\/www.plastination-shop.com\/de\/wp-json\/wp\/v2\/media\/747"}],"wp:attachment":[{"href":"https:\/\/www.plastination-shop.com\/de\/wp-json\/wp\/v2\/media?parent=2336"}],"wp:term":[{"taxonomy":"product_brand","embeddable":true,"href":"https:\/\/www.plastination-shop.com\/de\/wp-json\/wp\/v2\/product_brand?post=2336"},{"taxonomy":"product_cat","embeddable":true,"href":"https:\/\/www.plastination-shop.com\/de\/wp-json\/wp\/v2\/product_cat?post=2336"},{"taxonomy":"product_tag","embeddable":true,"href":"https:\/\/www.plastination-shop.com\/de\/wp-json\/wp\/v2\/product_tag?post=2336"}],"curies":[{"name":"wp","href":"https:\/\/api.w.org\/{rel}","templated":true}]}}