{"id":3600,"date":"2018-03-01T09:35:37","date_gmt":"2018-03-01T08:35:37","guid":{"rendered":"https:\/\/www.real-anatomy.de\/?post_type=product&#038;p=3600"},"modified":"2022-12-11T17:04:44","modified_gmt":"2022-12-11T16:04:44","slug":"bird-turkey-archaeopteryx-anatomy-plastination-specimen","status":"publish","type":"product","link":"https:\/\/www.plastination-shop.com\/de\/product\/bird-turkey-archaeopteryx-anatomy-plastination-specimen\/","title":{"rendered":"Anatomie Pute Truthahn Vogel"},"content":{"rendered":"Anatomische Fotografie eines Truthahn-Blatt-Plastinationspr\u00e4parats von Dr. Christoph von Horst.<br \/>\nDas veterin\u00e4r-anatomische Pr\u00e4parat zeigt anatomische Details der Vogelanatomie, die mit Funden in Fossilien wie dem Berliner Achaeopteryx und anderen Vogelfossilien korreliert werden k\u00f6nnen.<\/p>\n<p>Wissenschaftlicher Fotodruck im Format ca. 20 x 30 cm auf gl\u00e4nzendem Fuji Crystal Archive Paper (oder einem vergleichbaren hochwertigen Fotopapier). Das Wasserzeichen erscheint nicht auf dem Druck. F\u00fcr andere Formate und Materialien wie z.B. Drucke auf Leinwand, Alu-Dibond, Acryl, etc. kontaktieren Sie uns bitte direkt.<\/p>\n<p>Interesse an echten Plastinaten und anatomischen Pr\u00e4paraten?<br \/>\nBitte z\u00f6gern Sie nicht sich mit Anfragen direkt an uns zu wenden. Neben Sonderanfertigungen und regul\u00e4ren Einzelst\u00fccken in Ausstellungsqualit\u00e4t bieten wir auch regelm\u00e4\u00dfig St\u00fccke zu Sonderpreisen an. Schauen sie hierf\u00fcr regelm\u00e4\u00dfig nach unseren <a href=\"https:\/\/www.plastination-shop.com\/de\/product-category\/plastination_offers\/\">Angeboten<\/a>.","protected":false},"excerpt":{"rendered":"<p>Anatomische Fotografie eines Truthahn-Blatt-Plastinationspr\u00e4parats von Dr. Christoph von Horst. Das veterin\u00e4r-anatomische Pr\u00e4parat zeigt anatomische Details der Vogelanatomie, die mit Funden in Fossilien wie dem Berliner Achaeopteryx und anderen Vogelfossilien korreliert werden k\u00f6nnen. Wissenschaftlicher Fotodruck im Format ca. 20 x 30 &hellip; <a href=\"https:\/\/www.plastination-shop.com\/de\/product\/bird-turkey-archaeopteryx-anatomy-plastination-specimen\/\">Weiter<\/a><\/p>\n","protected":false},"featured_media":13234,"template":"","meta":{"spay_email":""},"product_brand":[],"product_cat":[263,281],"product_tag":[290,274,765,768,285,2497,289,299,764,767,317,304,376,323,305,303,766],"class_list":{"0":"post-3600","1":"product","2":"type-product","3":"status-publish","4":"has-post-thumbnail","6":"product_cat-plastination_pictures","7":"product_cat-plastination_prints","8":"product_tag-anatomical","9":"product_tag-anatomy","10":"product_tag-archaeopteryx","11":"product_tag-berlin-archaeopteryx","12":"product_tag-bird","13":"product_tag-bird-print","14":"product_tag-brain","15":"product_tag-eye","16":"product_tag-fossil","17":"product_tag-fossils","18":"product_tag-heart","19":"product_tag-image","20":"product_tag-lung","21":"product_tag-morphology","22":"product_tag-picture","23":"product_tag-print","24":"product_tag-turkey","26":"first","27":"instock","28":"taxable","29":"shipping-taxable","30":"purchasable","31":"product-type-simple"},"bundle_layout":"","bundled_by":[],"bundled_items":[],"yoast_head":"<!-- This site is optimized with the Yoast SEO plugin v16.4 - https:\/\/yoast.com\/wordpress\/plugins\/seo\/ -->\n<title>Anatomie Pute Truthahn Vogel - Plastination Shop<\/title>\n<meta name=\"robots\" content=\"index, follow, max-snippet:-1, max-image-preview:large, max-video-preview:-1\" \/>\n<link rel=\"canonical\" href=\"https:\/\/www.plastination-shop.com\/product\/bird-turkey-archaeopteryx-anatomy-plastination-specimen\/\" \/>\n<meta property=\"og:locale\" content=\"de_DE\" \/>\n<meta property=\"og:type\" content=\"article\" \/>\n<meta property=\"og:title\" content=\"Anatomie Pute Truthahn Vogel - Plastination Shop\" \/>\n<meta property=\"og:description\" content=\"Anatomische Fotografie eines Truthahn-Blatt-Plastinationspr\u00e4parats von Dr. Christoph von Horst. Das veterin\u00e4r-anatomische Pr\u00e4parat zeigt anatomische Details der Vogelanatomie, die mit Funden in Fossilien wie dem Berliner Achaeopteryx und anderen Vogelfossilien korreliert werden k\u00f6nnen. Wissenschaftlicher Fotodruck im Format ca. 20 x 30 &hellip; Weiter\" \/>\n<meta property=\"og:url\" content=\"https:\/\/www.plastination-shop.com\/product\/bird-turkey-archaeopteryx-anatomy-plastination-specimen\/\" \/>\n<meta property=\"og:site_name\" content=\"Plastination Shop\" \/>\n<meta property=\"article:publisher\" content=\"https:\/\/www.facebook.com\/plastination\/\" \/>\n<meta property=\"article:modified_time\" content=\"2022-12-11T16:04:44+00:00\" \/>\n<meta property=\"og:image\" content=\"https:\/\/www.plastination-shop.com\/wp-content\/uploads\/6008-1.jpg\" \/>\n\t<meta property=\"og:image:width\" content=\"2500\" \/>\n\t<meta property=\"og:image:height\" content=\"1666\" \/>\n<meta name=\"twitter:card\" content=\"summary_large_image\" \/>\n<meta name=\"twitter:site\" content=\"@Plastinate\" \/>\n<meta name=\"twitter:label1\" content=\"Gesch\u00e4tzte Lesezeit\" \/>\n\t<meta name=\"twitter:data1\" content=\"1\u00a0Minute\" \/>\n<script type=\"application\/ld+json\" class=\"yoast-schema-graph\">{\"@context\":\"https:\/\/schema.org\",\"@graph\":[{\"@type\":\"Organization\",\"@id\":\"https:\/\/www.plastination-shop.com\/#organization\",\"name\":\"HC biovision Dr. Christoph von Horst\",\"url\":\"https:\/\/www.plastination-shop.com\/\",\"sameAs\":[\"https:\/\/www.facebook.com\/plastination\/\",\"https:\/\/www.instagram.com\/plastination\/\",\"https:\/\/www.youtube.com\/channel\/UCWChP9RInLTweCwjV0ryNDg\",\"https:\/\/twitter.com\/Plastinate\"],\"logo\":{\"@type\":\"ImageObject\",\"@id\":\"https:\/\/www.plastination-shop.com\/#logo\",\"inLanguage\":\"de\",\"url\":\"https:\/\/www.plastination-shop.com\/wp-content\/uploads\/favicon_wappen.jpg\",\"contentUrl\":\"https:\/\/www.plastination-shop.com\/wp-content\/uploads\/favicon_wappen.jpg\",\"width\":750,\"height\":750,\"caption\":\"HC biovision Dr. Christoph von Horst\"},\"image\":{\"@id\":\"https:\/\/www.plastination-shop.com\/#logo\"}},{\"@type\":\"WebSite\",\"@id\":\"https:\/\/www.plastination-shop.com\/#website\",\"url\":\"https:\/\/www.plastination-shop.com\/\",\"name\":\"Plastination Anatomy Embedding\",\"description\":\"Anatomische Schnittpr\\u00e4parate und Modelle f\\u00fcr den Tierschutz\",\"publisher\":{\"@id\":\"https:\/\/www.plastination-shop.com\/#organization\"},\"potentialAction\":[{\"@type\":\"SearchAction\",\"target\":\"https:\/\/www.plastination-shop.com\/?s={search_term_string}\",\"query-input\":\"required name=search_term_string\"}],\"inLanguage\":\"de\"},{\"@type\":\"ImageObject\",\"@id\":\"https:\/\/www.plastination-shop.com\/product\/bird-turkey-archaeopteryx-anatomy-plastination-specimen\/#primaryimage\",\"inLanguage\":\"de\",\"url\":\"https:\/\/www.plastination-shop.com\/wp-content\/uploads\/6008-1.jpg\",\"contentUrl\":\"https:\/\/www.plastination-shop.com\/wp-content\/uploads\/6008-1.jpg\",\"width\":2500,\"height\":1666},{\"@type\":\"WebPage\",\"@id\":\"https:\/\/www.plastination-shop.com\/product\/bird-turkey-archaeopteryx-anatomy-plastination-specimen\/#webpage\",\"url\":\"https:\/\/www.plastination-shop.com\/product\/bird-turkey-archaeopteryx-anatomy-plastination-specimen\/\",\"name\":\"Anatomie Pute Truthahn Vogel - Plastination Shop\",\"isPartOf\":{\"@id\":\"https:\/\/www.plastination-shop.com\/#website\"},\"primaryImageOfPage\":{\"@id\":\"https:\/\/www.plastination-shop.com\/product\/bird-turkey-archaeopteryx-anatomy-plastination-specimen\/#primaryimage\"},\"datePublished\":\"2018-03-01T08:35:37+00:00\",\"dateModified\":\"2022-12-11T16:04:44+00:00\",\"breadcrumb\":{\"@id\":\"https:\/\/www.plastination-shop.com\/product\/bird-turkey-archaeopteryx-anatomy-plastination-specimen\/#breadcrumb\"},\"inLanguage\":\"de\",\"potentialAction\":[{\"@type\":\"ReadAction\",\"target\":[\"https:\/\/www.plastination-shop.com\/product\/bird-turkey-archaeopteryx-anatomy-plastination-specimen\/\"]}]},{\"@type\":\"BreadcrumbList\",\"@id\":\"https:\/\/www.plastination-shop.com\/product\/bird-turkey-archaeopteryx-anatomy-plastination-specimen\/#breadcrumb\",\"itemListElement\":[{\"@type\":\"ListItem\",\"position\":1,\"item\":{\"@type\":\"WebPage\",\"@id\":\"https:\/\/www.plastination-shop.com\/\",\"url\":\"https:\/\/www.plastination-shop.com\/\",\"name\":\"Home\"}},{\"@type\":\"ListItem\",\"position\":2,\"item\":{\"@type\":\"WebPage\",\"@id\":\"https:\/\/www.plastination-shop.com\/\",\"url\":\"https:\/\/www.plastination-shop.com\/\",\"name\":\"Anatomy insights for Animal Pain Awareness\"}},{\"@type\":\"ListItem\",\"position\":3,\"item\":{\"@id\":\"https:\/\/www.plastination-shop.com\/product\/bird-turkey-archaeopteryx-anatomy-plastination-specimen\/#webpage\"}}]}]}<\/script>\n<!-- \/ Yoast SEO plugin. -->","_links":{"self":[{"href":"https:\/\/www.plastination-shop.com\/de\/wp-json\/wp\/v2\/product\/3600","targetHints":{"allow":["GET"]}}],"collection":[{"href":"https:\/\/www.plastination-shop.com\/de\/wp-json\/wp\/v2\/product"}],"about":[{"href":"https:\/\/www.plastination-shop.com\/de\/wp-json\/wp\/v2\/types\/product"}],"wp:featuredmedia":[{"embeddable":true,"href":"https:\/\/www.plastination-shop.com\/de\/wp-json\/wp\/v2\/media\/13234"}],"wp:attachment":[{"href":"https:\/\/www.plastination-shop.com\/de\/wp-json\/wp\/v2\/media?parent=3600"}],"wp:term":[{"taxonomy":"product_brand","embeddable":true,"href":"https:\/\/www.plastination-shop.com\/de\/wp-json\/wp\/v2\/product_brand?post=3600"},{"taxonomy":"product_cat","embeddable":true,"href":"https:\/\/www.plastination-shop.com\/de\/wp-json\/wp\/v2\/product_cat?post=3600"},{"taxonomy":"product_tag","embeddable":true,"href":"https:\/\/www.plastination-shop.com\/de\/wp-json\/wp\/v2\/product_tag?post=3600"}],"curies":[{"name":"wp","href":"https:\/\/api.w.org\/{rel}","templated":true}]}}