{"id":3663,"date":"2018-03-03T14:02:18","date_gmt":"2018-03-03T13:02:18","guid":{"rendered":"https:\/\/www.real-anatomy.de\/?post_type=product&#038;p=3663"},"modified":"2023-09-25T12:11:26","modified_gmt":"2023-09-25T10:11:26","slug":"heart-vascularisation-anatomy-print","status":"publish","type":"product","link":"https:\/\/www.plastination-shop.com\/de\/product\/heart-vascularisation-anatomy-print\/","title":{"rendered":"Gef\u00e4\u00dfversorgung Herz Pr\u00e4parat Druck"},"content":{"rendered":"Gef\u00e4\u00dfversorgung Schweineherz \u2013 Fotodruck von Dr. Christoph von Horst.<br \/>\nBei der Korrosionsanatomie wird fl\u00fcssiges Kunstharz in das Gef\u00e4\u00dfsystem des isolierten Herzens injiziert. Nach der Aush\u00e4rtung des Kunststoffes wird das umliegende Gewebe entfernt, so dass nur noch die Innenr\u00e4ume des Adern und Herzkammern zur\u00fcckblieben. Das anatomische Pr\u00e4parat des Herzens zeigt feinste Verzweigungen der Blutversorgung des Herzmuskels. Fotodruck eines Ausgusspr\u00e4parats der Blutgef\u00e4\u00dfe am Schweineherz.<\/p>\n<p>Wissenschaftlicher Fotodruck im Format ca. 20 x 30 cm auf gl\u00e4nzendem Fuji Crystal Archive Paper (oder einem vergleichbaren hochwertigen Fotopapier). Das Wasserzeichen erscheint nicht auf dem Druck. F\u00fcr andere Formate und Materialien wie z.B. Drucke auf Leinwand, Alu-Dibond, Acryl, etc. kontaktieren Sie uns bitte direkt.<\/p>\n<p>Interesse an echten Plastinaten und anatomischen Pr\u00e4paraten?<br \/>\nBitte z\u00f6gern Sie nicht sich mit Anfragen direkt an uns zu wenden. Neben Sonderanfertigungen und regul\u00e4ren Einzelst\u00fccken in Ausstellungsqualit\u00e4t bieten wir auch regelm\u00e4\u00dfig St\u00fccke zu Sonderpreisen an. Schauen sie hierf\u00fcr regelm\u00e4\u00dfig nach unseren <a href=\"https:\/\/www.plastination-shop.com\/de\/product-category\/plastination_offers\/\">Angeboten<\/a>.","protected":false},"excerpt":{"rendered":"<p>Gef\u00e4\u00dfversorgung Schweineherz \u2013 Fotodruck von Dr. Christoph von Horst. Bei der Korrosionsanatomie wird fl\u00fcssiges Kunstharz in das Gef\u00e4\u00dfsystem des isolierten Herzens injiziert. Nach der Aush\u00e4rtung des Kunststoffes wird das umliegende Gewebe entfernt, so dass nur noch die Innenr\u00e4ume des Adern &hellip; <a href=\"https:\/\/www.plastination-shop.com\/de\/product\/heart-vascularisation-anatomy-print\/\">Weiter<\/a><\/p>\n","protected":false},"featured_media":13153,"template":"","meta":{"spay_email":""},"product_brand":[],"product_cat":[263,281],"product_tag":[290,274,362,1098,769,992,980,317,1096,1097,1100,1099,323,2499,2501,770,305,275,590,303,363,320,1101],"class_list":{"0":"post-3663","1":"product","2":"type-product","3":"status-publish","4":"has-post-thumbnail","6":"product_cat-plastination_pictures","7":"product_cat-plastination_prints","8":"product_tag-anatomical","9":"product_tag-anatomy","10":"product_tag-arteries","11":"product_tag-ausgusspraparat","12":"product_tag-cardial","13":"product_tag-coronary-arteries","14":"product_tag-corrosion-cast","15":"product_tag-heart","16":"product_tag-herz","17":"product_tag-herzkrankgefase","18":"product_tag-korrosionsanatomie","19":"product_tag-korrosionsanatomisches-praparat","20":"product_tag-morphology","21":"product_tag-morphology-details","22":"product_tag-morphology-various","23":"product_tag-mycardium","24":"product_tag-picture","25":"product_tag-plastination","26":"product_tag-preparation","27":"product_tag-print","28":"product_tag-veins","29":"product_tag-ventricle","30":"product_tag-ventrikel","32":"first","33":"instock","34":"taxable","35":"shipping-taxable","36":"purchasable","37":"product-type-simple"},"bundle_layout":"","bundled_by":[],"bundled_items":[],"yoast_head":"<!-- This site is optimized with the Yoast SEO plugin v16.4 - https:\/\/yoast.com\/wordpress\/plugins\/seo\/ -->\n<title>Gef\u00e4\u00dfversorgung Herz Pr\u00e4parat Druck - Plastination Shop<\/title>\n<meta name=\"robots\" content=\"index, follow, max-snippet:-1, max-image-preview:large, max-video-preview:-1\" \/>\n<link rel=\"canonical\" href=\"https:\/\/www.plastination-shop.com\/product\/heart-vascularisation-anatomy-print\/\" \/>\n<meta property=\"og:locale\" content=\"de_DE\" \/>\n<meta property=\"og:type\" content=\"article\" \/>\n<meta property=\"og:title\" content=\"Gef\u00e4\u00dfversorgung Herz Pr\u00e4parat Druck - Plastination Shop\" \/>\n<meta property=\"og:description\" content=\"Gef\u00e4\u00dfversorgung Schweineherz \u2013 Fotodruck von Dr. Christoph von Horst. Bei der Korrosionsanatomie wird fl\u00fcssiges Kunstharz in das Gef\u00e4\u00dfsystem des isolierten Herzens injiziert. Nach der Aush\u00e4rtung des Kunststoffes wird das umliegende Gewebe entfernt, so dass nur noch die Innenr\u00e4ume des Adern &hellip; Weiter\" \/>\n<meta property=\"og:url\" content=\"https:\/\/www.plastination-shop.com\/product\/heart-vascularisation-anatomy-print\/\" \/>\n<meta property=\"og:site_name\" content=\"Plastination Shop\" \/>\n<meta property=\"article:publisher\" content=\"https:\/\/www.facebook.com\/plastination\/\" \/>\n<meta property=\"article:modified_time\" content=\"2023-09-25T10:11:26+00:00\" \/>\n<meta property=\"og:image\" content=\"https:\/\/www.plastination-shop.com\/wp-content\/uploads\/9009-1.jpg\" \/>\n\t<meta property=\"og:image:width\" content=\"1667\" \/>\n\t<meta property=\"og:image:height\" content=\"2500\" \/>\n<meta name=\"twitter:card\" content=\"summary_large_image\" \/>\n<meta name=\"twitter:site\" content=\"@Plastinate\" \/>\n<meta name=\"twitter:label1\" content=\"Gesch\u00e4tzte Lesezeit\" \/>\n\t<meta name=\"twitter:data1\" content=\"1\u00a0Minute\" \/>\n<script type=\"application\/ld+json\" class=\"yoast-schema-graph\">{\"@context\":\"https:\/\/schema.org\",\"@graph\":[{\"@type\":\"Organization\",\"@id\":\"https:\/\/www.plastination-shop.com\/#organization\",\"name\":\"HC biovision Dr. Christoph von Horst\",\"url\":\"https:\/\/www.plastination-shop.com\/\",\"sameAs\":[\"https:\/\/www.facebook.com\/plastination\/\",\"https:\/\/www.instagram.com\/plastination\/\",\"https:\/\/www.youtube.com\/channel\/UCWChP9RInLTweCwjV0ryNDg\",\"https:\/\/twitter.com\/Plastinate\"],\"logo\":{\"@type\":\"ImageObject\",\"@id\":\"https:\/\/www.plastination-shop.com\/#logo\",\"inLanguage\":\"de\",\"url\":\"https:\/\/www.plastination-shop.com\/wp-content\/uploads\/favicon_wappen.jpg\",\"contentUrl\":\"https:\/\/www.plastination-shop.com\/wp-content\/uploads\/favicon_wappen.jpg\",\"width\":750,\"height\":750,\"caption\":\"HC biovision Dr. Christoph von Horst\"},\"image\":{\"@id\":\"https:\/\/www.plastination-shop.com\/#logo\"}},{\"@type\":\"WebSite\",\"@id\":\"https:\/\/www.plastination-shop.com\/#website\",\"url\":\"https:\/\/www.plastination-shop.com\/\",\"name\":\"Plastination Anatomy Embedding\",\"description\":\"Anatomische Schnittpr\\u00e4parate und Modelle f\\u00fcr den Tierschutz\",\"publisher\":{\"@id\":\"https:\/\/www.plastination-shop.com\/#organization\"},\"potentialAction\":[{\"@type\":\"SearchAction\",\"target\":\"https:\/\/www.plastination-shop.com\/?s={search_term_string}\",\"query-input\":\"required name=search_term_string\"}],\"inLanguage\":\"de\"},{\"@type\":\"ImageObject\",\"@id\":\"https:\/\/www.plastination-shop.com\/product\/heart-vascularisation-anatomy-print\/#primaryimage\",\"inLanguage\":\"de\",\"url\":\"https:\/\/www.plastination-shop.com\/wp-content\/uploads\/9009-1.jpg\",\"contentUrl\":\"https:\/\/www.plastination-shop.com\/wp-content\/uploads\/9009-1.jpg\",\"width\":1667,\"height\":2500},{\"@type\":\"WebPage\",\"@id\":\"https:\/\/www.plastination-shop.com\/product\/heart-vascularisation-anatomy-print\/#webpage\",\"url\":\"https:\/\/www.plastination-shop.com\/product\/heart-vascularisation-anatomy-print\/\",\"name\":\"Gef\\u00e4\\u00dfversorgung Herz Pr\\u00e4parat Druck - Plastination Shop\",\"isPartOf\":{\"@id\":\"https:\/\/www.plastination-shop.com\/#website\"},\"primaryImageOfPage\":{\"@id\":\"https:\/\/www.plastination-shop.com\/product\/heart-vascularisation-anatomy-print\/#primaryimage\"},\"datePublished\":\"2018-03-03T13:02:18+00:00\",\"dateModified\":\"2023-09-25T10:11:26+00:00\",\"breadcrumb\":{\"@id\":\"https:\/\/www.plastination-shop.com\/product\/heart-vascularisation-anatomy-print\/#breadcrumb\"},\"inLanguage\":\"de\",\"potentialAction\":[{\"@type\":\"ReadAction\",\"target\":[\"https:\/\/www.plastination-shop.com\/product\/heart-vascularisation-anatomy-print\/\"]}]},{\"@type\":\"BreadcrumbList\",\"@id\":\"https:\/\/www.plastination-shop.com\/product\/heart-vascularisation-anatomy-print\/#breadcrumb\",\"itemListElement\":[{\"@type\":\"ListItem\",\"position\":1,\"item\":{\"@type\":\"WebPage\",\"@id\":\"https:\/\/www.plastination-shop.com\/\",\"url\":\"https:\/\/www.plastination-shop.com\/\",\"name\":\"Home\"}},{\"@type\":\"ListItem\",\"position\":2,\"item\":{\"@type\":\"WebPage\",\"@id\":\"https:\/\/www.plastination-shop.com\/\",\"url\":\"https:\/\/www.plastination-shop.com\/\",\"name\":\"Anatomy insights for Animal Pain Awareness\"}},{\"@type\":\"ListItem\",\"position\":3,\"item\":{\"@id\":\"https:\/\/www.plastination-shop.com\/product\/heart-vascularisation-anatomy-print\/#webpage\"}}]}]}<\/script>\n<!-- \/ Yoast SEO plugin. -->","_links":{"self":[{"href":"https:\/\/www.plastination-shop.com\/de\/wp-json\/wp\/v2\/product\/3663","targetHints":{"allow":["GET"]}}],"collection":[{"href":"https:\/\/www.plastination-shop.com\/de\/wp-json\/wp\/v2\/product"}],"about":[{"href":"https:\/\/www.plastination-shop.com\/de\/wp-json\/wp\/v2\/types\/product"}],"wp:featuredmedia":[{"embeddable":true,"href":"https:\/\/www.plastination-shop.com\/de\/wp-json\/wp\/v2\/media\/13153"}],"wp:attachment":[{"href":"https:\/\/www.plastination-shop.com\/de\/wp-json\/wp\/v2\/media?parent=3663"}],"wp:term":[{"taxonomy":"product_brand","embeddable":true,"href":"https:\/\/www.plastination-shop.com\/de\/wp-json\/wp\/v2\/product_brand?post=3663"},{"taxonomy":"product_cat","embeddable":true,"href":"https:\/\/www.plastination-shop.com\/de\/wp-json\/wp\/v2\/product_cat?post=3663"},{"taxonomy":"product_tag","embeddable":true,"href":"https:\/\/www.plastination-shop.com\/de\/wp-json\/wp\/v2\/product_tag?post=3663"}],"curies":[{"name":"wp","href":"https:\/\/api.w.org\/{rel}","templated":true}]}}