{"id":4235,"date":"2019-01-29T11:23:30","date_gmt":"2019-01-29T10:23:30","guid":{"rendered":"https:\/\/www.real-anatomy.de\/?post_type=product&#038;p=4235"},"modified":"2023-05-16T11:50:48","modified_gmt":"2023-05-16T09:50:48","slug":"acrylic-embedding-se-10","status":"publish","type":"product","link":"https:\/\/www.plastination-shop.com\/de\/product\/acrylic-embedding-se-10\/","title":{"rendered":"Epocryl-Einbettungen von Gegenst\u00e4nden"},"content":{"rendered":"Unsere &#8220;Epocryl&#8221;-Einbettungstechnik eignet sich besonders f\u00fcr empfindliche Objekte und Materialien. Im Gegensatz zu anderen Einbettungsmethoden treten bei der Bearbeitung keine nennenswerten Druck- oder Scherkr\u00e4fte sowie keine hohen Temperaturen auf. Darum ist es die Methode der Wahl insbesondere f\u00fcr Insekten mit ihren d\u00fcnnen F\u00fchlern und Beinen, Bl\u00e4tter, Bl\u00fctenst\u00e4nde und andere biologische Objekte mit feinen Strukturen, Milchz\u00e4hne mit bereits vorhandenen Haarrissen, sowie Einbettungen von hitze- oder druckempfindlichen technischen Materialien. Dar\u00fcber hinaus eignet sich Epocryl-Technik sehr gut f\u00fcr Haarstr\u00e4hnen (auch als Erinnerungsst\u00fccke an z.B. verstorbene Haustiere), sowie f\u00fcr chirurgischen Schrauben und Platten (als Erinnerung an Operationen), Zigarettenstummeln (als Erinnerung an die letzte gerauchte Zigarette), usw.<\/p>\n<p>Eine Epocryl &#8211; Einbettung besteht aus einer mittigen Einbettungsschicht aus Plastinations-Epoxidharz und zwei gegossenen Akrylschichten auf beiden Seiten. Die Technik verbindet die Vorteile beider Materialien bez\u00fcglich UV-Stabilit\u00e4t, Klarheit sowie Gewebedurchdringung und Einbettungstauglichkeit.<\/p>\n<p>Preis: ab 65 EUR (zzgl. MwSt. und Versand) f\u00fcr eine ca, 6 x 6 x 2,5 cm Einbettung.<\/p>","protected":false},"excerpt":{"rendered":"<p>Unsere &#8220;Epocryl&#8221;-Einbettungstechnik eignet sich besonders f\u00fcr empfindliche Objekte und Materialien. Im Gegensatz zu anderen Einbettungsmethoden treten bei der Bearbeitung keine nennenswerten Druck- oder Scherkr\u00e4fte sowie keine hohen Temperaturen auf. Darum ist es die Methode der Wahl insbesondere f\u00fcr Insekten mit &hellip; <a href=\"https:\/\/www.plastination-shop.com\/de\/product\/acrylic-embedding-se-10\/\">Weiter<\/a><\/p>\n","protected":false},"featured_media":5409,"template":"","meta":{"spay_email":""},"product_brand":[],"product_cat":[544],"product_tag":[963,955,959,985,962,954,1005,1006,1053,1052,967,953,960,964,1054,1055,958,966,968,984,965,956,957,961,577,983],"class_list":{"0":"post-4235","1":"product","2":"type-product","3":"status-publish","4":"has-post-thumbnail","6":"product_cat-plastination_techniques","7":"product_tag-acryleinbettung","8":"product_tag-acrylic-embedding","9":"product_tag-coin","10":"product_tag-companion-animal","11":"product_tag-einbettung","12":"product_tag-embedding","13":"product_tag-embedment","14":"product_tag-embedments","15":"product_tag-erinnerung","16":"product_tag-erinnerungsstucke","17":"product_tag-hair","18":"product_tag-item-embedding","19":"product_tag-items","20":"product_tag-kunstharzeinbettung","21":"product_tag-last-cigarette","22":"product_tag-letzte-zigarette","23":"product_tag-lucite","24":"product_tag-milchzahn","25":"product_tag-pet-hair","26":"product_tag-pet-memorial","27":"product_tag-polyesterharz","28":"product_tag-polymer","29":"product_tag-resin","30":"product_tag-resin-embedding","31":"product_tag-tooth","32":"product_tag-tooth-embedding","34":"first","35":"instock","36":"taxable","37":"shipping-taxable","38":"purchasable","39":"product-type-simple"},"bundle_layout":"","bundled_by":[],"bundled_items":[],"yoast_head":"<!-- This site is optimized with the Yoast SEO plugin v16.4 - https:\/\/yoast.com\/wordpress\/plugins\/seo\/ -->\n<title>Epocryl-Einbettungen von Gegenst\u00e4nden - Plastination Shop<\/title>\n<meta name=\"robots\" content=\"index, follow, max-snippet:-1, max-image-preview:large, max-video-preview:-1\" \/>\n<link rel=\"canonical\" href=\"https:\/\/www.plastination-shop.com\/product\/acrylic-embedding-se-10\/\" \/>\n<meta property=\"og:locale\" content=\"de_DE\" \/>\n<meta property=\"og:type\" content=\"article\" \/>\n<meta property=\"og:title\" content=\"Epocryl-Einbettungen von Gegenst\u00e4nden - Plastination Shop\" \/>\n<meta property=\"og:description\" content=\"Unsere &#8220;Epocryl&#8221;-Einbettungstechnik eignet sich besonders f\u00fcr empfindliche Objekte und Materialien. Im Gegensatz zu anderen Einbettungsmethoden treten bei der Bearbeitung keine nennenswerten Druck- oder Scherkr\u00e4fte sowie keine hohen Temperaturen auf. Darum ist es die Methode der Wahl insbesondere f\u00fcr Insekten mit &hellip; Weiter\" \/>\n<meta property=\"og:url\" content=\"https:\/\/www.plastination-shop.com\/product\/acrylic-embedding-se-10\/\" \/>\n<meta property=\"og:site_name\" content=\"Plastination Shop\" \/>\n<meta property=\"article:publisher\" content=\"https:\/\/www.facebook.com\/plastination\/\" \/>\n<meta property=\"article:modified_time\" content=\"2023-05-16T09:50:48+00:00\" \/>\n<meta property=\"og:image\" content=\"https:\/\/www.plastination-shop.com\/wp-content\/uploads\/S10_embeddings_1200.jpg\" \/>\n\t<meta property=\"og:image:width\" content=\"1200\" \/>\n\t<meta property=\"og:image:height\" content=\"900\" \/>\n<meta name=\"twitter:card\" content=\"summary_large_image\" \/>\n<meta name=\"twitter:site\" content=\"@Plastinate\" \/>\n<meta name=\"twitter:label1\" content=\"Gesch\u00e4tzte Lesezeit\" \/>\n\t<meta name=\"twitter:data1\" content=\"1\u00a0Minute\" \/>\n<script type=\"application\/ld+json\" class=\"yoast-schema-graph\">{\"@context\":\"https:\/\/schema.org\",\"@graph\":[{\"@type\":\"Organization\",\"@id\":\"https:\/\/www.plastination-shop.com\/#organization\",\"name\":\"HC biovision Dr. Christoph von Horst\",\"url\":\"https:\/\/www.plastination-shop.com\/\",\"sameAs\":[\"https:\/\/www.facebook.com\/plastination\/\",\"https:\/\/www.instagram.com\/plastination\/\",\"https:\/\/www.youtube.com\/channel\/UCWChP9RInLTweCwjV0ryNDg\",\"https:\/\/twitter.com\/Plastinate\"],\"logo\":{\"@type\":\"ImageObject\",\"@id\":\"https:\/\/www.plastination-shop.com\/#logo\",\"inLanguage\":\"de\",\"url\":\"https:\/\/www.plastination-shop.com\/wp-content\/uploads\/favicon_wappen.jpg\",\"contentUrl\":\"https:\/\/www.plastination-shop.com\/wp-content\/uploads\/favicon_wappen.jpg\",\"width\":750,\"height\":750,\"caption\":\"HC biovision Dr. Christoph von Horst\"},\"image\":{\"@id\":\"https:\/\/www.plastination-shop.com\/#logo\"}},{\"@type\":\"WebSite\",\"@id\":\"https:\/\/www.plastination-shop.com\/#website\",\"url\":\"https:\/\/www.plastination-shop.com\/\",\"name\":\"Plastination Anatomy Embedding\",\"description\":\"Anatomische Schnittpr\\u00e4parate und Modelle f\\u00fcr den Tierschutz\",\"publisher\":{\"@id\":\"https:\/\/www.plastination-shop.com\/#organization\"},\"potentialAction\":[{\"@type\":\"SearchAction\",\"target\":\"https:\/\/www.plastination-shop.com\/?s={search_term_string}\",\"query-input\":\"required name=search_term_string\"}],\"inLanguage\":\"de\"},{\"@type\":\"ImageObject\",\"@id\":\"https:\/\/www.plastination-shop.com\/product\/acrylic-embedding-se-10\/#primaryimage\",\"inLanguage\":\"de\",\"url\":\"https:\/\/www.plastination-shop.com\/wp-content\/uploads\/S10_embeddings_1200.jpg\",\"contentUrl\":\"https:\/\/www.plastination-shop.com\/wp-content\/uploads\/S10_embeddings_1200.jpg\",\"width\":1200,\"height\":900},{\"@type\":\"WebPage\",\"@id\":\"https:\/\/www.plastination-shop.com\/product\/acrylic-embedding-se-10\/#webpage\",\"url\":\"https:\/\/www.plastination-shop.com\/product\/acrylic-embedding-se-10\/\",\"name\":\"Epocryl-Einbettungen von Gegenst\\u00e4nden - Plastination Shop\",\"isPartOf\":{\"@id\":\"https:\/\/www.plastination-shop.com\/#website\"},\"primaryImageOfPage\":{\"@id\":\"https:\/\/www.plastination-shop.com\/product\/acrylic-embedding-se-10\/#primaryimage\"},\"datePublished\":\"2019-01-29T10:23:30+00:00\",\"dateModified\":\"2023-05-16T09:50:48+00:00\",\"breadcrumb\":{\"@id\":\"https:\/\/www.plastination-shop.com\/product\/acrylic-embedding-se-10\/#breadcrumb\"},\"inLanguage\":\"de\",\"potentialAction\":[{\"@type\":\"ReadAction\",\"target\":[\"https:\/\/www.plastination-shop.com\/product\/acrylic-embedding-se-10\/\"]}]},{\"@type\":\"BreadcrumbList\",\"@id\":\"https:\/\/www.plastination-shop.com\/product\/acrylic-embedding-se-10\/#breadcrumb\",\"itemListElement\":[{\"@type\":\"ListItem\",\"position\":1,\"item\":{\"@type\":\"WebPage\",\"@id\":\"https:\/\/www.plastination-shop.com\/\",\"url\":\"https:\/\/www.plastination-shop.com\/\",\"name\":\"Home\"}},{\"@type\":\"ListItem\",\"position\":2,\"item\":{\"@type\":\"WebPage\",\"@id\":\"https:\/\/www.plastination-shop.com\/\",\"url\":\"https:\/\/www.plastination-shop.com\/\",\"name\":\"Anatomy insights for Animal Pain Awareness\"}},{\"@type\":\"ListItem\",\"position\":3,\"item\":{\"@id\":\"https:\/\/www.plastination-shop.com\/product\/acrylic-embedding-se-10\/#webpage\"}}]}]}<\/script>\n<!-- \/ Yoast SEO plugin. -->","_links":{"self":[{"href":"https:\/\/www.plastination-shop.com\/de\/wp-json\/wp\/v2\/product\/4235","targetHints":{"allow":["GET"]}}],"collection":[{"href":"https:\/\/www.plastination-shop.com\/de\/wp-json\/wp\/v2\/product"}],"about":[{"href":"https:\/\/www.plastination-shop.com\/de\/wp-json\/wp\/v2\/types\/product"}],"wp:featuredmedia":[{"embeddable":true,"href":"https:\/\/www.plastination-shop.com\/de\/wp-json\/wp\/v2\/media\/5409"}],"wp:attachment":[{"href":"https:\/\/www.plastination-shop.com\/de\/wp-json\/wp\/v2\/media?parent=4235"}],"wp:term":[{"taxonomy":"product_brand","embeddable":true,"href":"https:\/\/www.plastination-shop.com\/de\/wp-json\/wp\/v2\/product_brand?post=4235"},{"taxonomy":"product_cat","embeddable":true,"href":"https:\/\/www.plastination-shop.com\/de\/wp-json\/wp\/v2\/product_cat?post=4235"},{"taxonomy":"product_tag","embeddable":true,"href":"https:\/\/www.plastination-shop.com\/de\/wp-json\/wp\/v2\/product_tag?post=4235"}],"curies":[{"name":"wp","href":"https:\/\/api.w.org\/{rel}","templated":true}]}}