{"id":4255,"date":"2019-01-29T11:40:23","date_gmt":"2019-01-29T10:40:23","guid":{"rendered":"https:\/\/www.real-anatomy.de\/?post_type=product&#038;p=4255"},"modified":"2026-02-03T09:37:15","modified_gmt":"2026-02-03T08:37:15","slug":"se20_anatomical-sheet-plastination","status":"publish","type":"product","link":"https:\/\/www.plastination-shop.com\/de\/product\/se20_anatomical-sheet-plastination\/","title":{"rendered":"Premium Plastinate f\u00fcr Ausstellungen"},"content":{"rendered":"Die Einbettung zwischen Acryl-Schutzschichten wird f\u00fcr alle Scheibenplastinate in Ausstellungen oder Sammlungen empfohlen. Es handelt sich dabei um die gleich Epocryl-Technik wie bei den Objekteinbettungen.<br \/>\nNeben dem edlen und exklusivem Aussehen und der M\u00f6glichkeit der frei stehenden Pr\u00e4sentation sch\u00fctzt die Acryleinbettung das innen liegende Plastinat vor Kratzern, Br\u00fcchen, UV-Licht und vielen anderen potentiellen Sch\u00e4digungen. Selbst bei starker mechanischer Beanspruchung oder langj\u00e4hriger Lichteinwirkung bleiben m\u00f6gliche Ver\u00e4nderungen auf die Acryl-Schutzschicht und die Randbereiche des Plastinationsharzes beschr\u00e4nkt, so dass im Rahmen einer Reparatur oder Wiederaufbearbeitung das Scheibenplastinat selbst in Extremf\u00e4llen &#8220;gerettet&#8221; und weitestgehend in einen neuwertigen Zustand zur\u00fcckversetzt werden kann.<br \/>\nOptional bieten sich f\u00fcr Plastinate in Acryleinbettung Lasergravuren, R\u00e4nder mit Facettenschliff und fest verbundene Sockel und St\u00e4nder f\u00fcr die Pr\u00e4sentation an.<\/p>\n<p>Preis: ab 84,- EUR (zzgl. MwSt. und Versand) f\u00fcr ein kleines 7cm Premium Ausstellung Plastinat","protected":false},"excerpt":{"rendered":"<p>Die Einbettung zwischen Acryl-Schutzschichten wird f\u00fcr alle Scheibenplastinate in Ausstellungen oder Sammlungen empfohlen. Es handelt sich dabei um die gleich Epocryl-Technik wie bei den Objekteinbettungen. Neben dem edlen und exklusivem Aussehen und der M\u00f6glichkeit der frei stehenden Pr\u00e4sentation sch\u00fctzt die &hellip; <a href=\"https:\/\/www.plastination-shop.com\/de\/product\/se20_anatomical-sheet-plastination\/\">Weiter<\/a><\/p>\n","protected":false},"featured_media":5404,"template":"","meta":{"spay_email":""},"product_brand":[],"product_cat":[544],"product_tag":[],"class_list":{"0":"post-4255","1":"product","2":"type-product","3":"status-publish","4":"has-post-thumbnail","6":"product_cat-plastination_techniques","8":"first","9":"instock","10":"taxable","11":"shipping-taxable","12":"purchasable","13":"product-type-simple"},"bundle_layout":"","bundled_by":[],"bundled_items":[],"yoast_head":"<!-- This site is optimized with the Yoast SEO plugin v16.4 - https:\/\/yoast.com\/wordpress\/plugins\/seo\/ -->\n<title>Premium Plastinate f\u00fcr Ausstellungen - Plastination Shop<\/title>\n<meta name=\"robots\" content=\"index, follow, max-snippet:-1, max-image-preview:large, max-video-preview:-1\" \/>\n<link rel=\"canonical\" href=\"https:\/\/www.plastination-shop.com\/product\/se20_anatomical-sheet-plastination\/\" \/>\n<meta property=\"og:locale\" content=\"de_DE\" \/>\n<meta property=\"og:type\" content=\"article\" \/>\n<meta property=\"og:title\" content=\"Premium Plastinate f\u00fcr Ausstellungen - Plastination Shop\" \/>\n<meta property=\"og:description\" content=\"Die Einbettung zwischen Acryl-Schutzschichten wird f\u00fcr alle Scheibenplastinate in Ausstellungen oder Sammlungen empfohlen. Es handelt sich dabei um die gleich Epocryl-Technik wie bei den Objekteinbettungen. Neben dem edlen und exklusivem Aussehen und der M\u00f6glichkeit der frei stehenden Pr\u00e4sentation sch\u00fctzt die &hellip; Weiter\" \/>\n<meta property=\"og:url\" content=\"https:\/\/www.plastination-shop.com\/product\/se20_anatomical-sheet-plastination\/\" \/>\n<meta property=\"og:site_name\" content=\"Plastination Shop\" \/>\n<meta property=\"article:publisher\" content=\"https:\/\/www.facebook.com\/plastination\/\" \/>\n<meta property=\"article:modified_time\" content=\"2026-02-03T08:37:15+00:00\" \/>\n<meta property=\"og:image\" content=\"https:\/\/www.plastination-shop.com\/wp-content\/uploads\/SE20_sheets_1200.jpg\" \/>\n\t<meta property=\"og:image:width\" content=\"1200\" \/>\n\t<meta property=\"og:image:height\" content=\"865\" \/>\n<meta name=\"twitter:card\" content=\"summary_large_image\" \/>\n<meta name=\"twitter:site\" content=\"@Plastinate\" \/>\n<meta name=\"twitter:label1\" content=\"Gesch\u00e4tzte Lesezeit\" \/>\n\t<meta name=\"twitter:data1\" content=\"1\u00a0Minute\" \/>\n<script type=\"application\/ld+json\" class=\"yoast-schema-graph\">{\"@context\":\"https:\/\/schema.org\",\"@graph\":[{\"@type\":\"Organization\",\"@id\":\"https:\/\/www.plastination-shop.com\/#organization\",\"name\":\"HC biovision Dr. Christoph von Horst\",\"url\":\"https:\/\/www.plastination-shop.com\/\",\"sameAs\":[\"https:\/\/www.facebook.com\/plastination\/\",\"https:\/\/www.instagram.com\/plastination\/\",\"https:\/\/www.youtube.com\/channel\/UCWChP9RInLTweCwjV0ryNDg\",\"https:\/\/twitter.com\/Plastinate\"],\"logo\":{\"@type\":\"ImageObject\",\"@id\":\"https:\/\/www.plastination-shop.com\/#logo\",\"inLanguage\":\"de\",\"url\":\"https:\/\/www.plastination-shop.com\/wp-content\/uploads\/favicon_wappen.jpg\",\"contentUrl\":\"https:\/\/www.plastination-shop.com\/wp-content\/uploads\/favicon_wappen.jpg\",\"width\":750,\"height\":750,\"caption\":\"HC biovision Dr. Christoph von Horst\"},\"image\":{\"@id\":\"https:\/\/www.plastination-shop.com\/#logo\"}},{\"@type\":\"WebSite\",\"@id\":\"https:\/\/www.plastination-shop.com\/#website\",\"url\":\"https:\/\/www.plastination-shop.com\/\",\"name\":\"Plastination Anatomy Embedding\",\"description\":\"Anatomische Schnittpr\\u00e4parate und Modelle f\\u00fcr den Tierschutz\",\"publisher\":{\"@id\":\"https:\/\/www.plastination-shop.com\/#organization\"},\"potentialAction\":[{\"@type\":\"SearchAction\",\"target\":\"https:\/\/www.plastination-shop.com\/?s={search_term_string}\",\"query-input\":\"required name=search_term_string\"}],\"inLanguage\":\"de\"},{\"@type\":\"ImageObject\",\"@id\":\"https:\/\/www.plastination-shop.com\/product\/se20_anatomical-sheet-plastination\/#primaryimage\",\"inLanguage\":\"de\",\"url\":\"https:\/\/www.plastination-shop.com\/wp-content\/uploads\/SE20_sheets_1200.jpg\",\"contentUrl\":\"https:\/\/www.plastination-shop.com\/wp-content\/uploads\/SE20_sheets_1200.jpg\",\"width\":1200,\"height\":865},{\"@type\":\"WebPage\",\"@id\":\"https:\/\/www.plastination-shop.com\/product\/se20_anatomical-sheet-plastination\/#webpage\",\"url\":\"https:\/\/www.plastination-shop.com\/product\/se20_anatomical-sheet-plastination\/\",\"name\":\"Premium Plastinate f\\u00fcr Ausstellungen - Plastination Shop\",\"isPartOf\":{\"@id\":\"https:\/\/www.plastination-shop.com\/#website\"},\"primaryImageOfPage\":{\"@id\":\"https:\/\/www.plastination-shop.com\/product\/se20_anatomical-sheet-plastination\/#primaryimage\"},\"datePublished\":\"2019-01-29T10:40:23+00:00\",\"dateModified\":\"2026-02-03T08:37:15+00:00\",\"breadcrumb\":{\"@id\":\"https:\/\/www.plastination-shop.com\/product\/se20_anatomical-sheet-plastination\/#breadcrumb\"},\"inLanguage\":\"de\",\"potentialAction\":[{\"@type\":\"ReadAction\",\"target\":[\"https:\/\/www.plastination-shop.com\/product\/se20_anatomical-sheet-plastination\/\"]}]},{\"@type\":\"BreadcrumbList\",\"@id\":\"https:\/\/www.plastination-shop.com\/product\/se20_anatomical-sheet-plastination\/#breadcrumb\",\"itemListElement\":[{\"@type\":\"ListItem\",\"position\":1,\"item\":{\"@type\":\"WebPage\",\"@id\":\"https:\/\/www.plastination-shop.com\/\",\"url\":\"https:\/\/www.plastination-shop.com\/\",\"name\":\"Home\"}},{\"@type\":\"ListItem\",\"position\":2,\"item\":{\"@type\":\"WebPage\",\"@id\":\"https:\/\/www.plastination-shop.com\/\",\"url\":\"https:\/\/www.plastination-shop.com\/\",\"name\":\"Anatomy insights for Animal Pain Awareness\"}},{\"@type\":\"ListItem\",\"position\":3,\"item\":{\"@id\":\"https:\/\/www.plastination-shop.com\/product\/se20_anatomical-sheet-plastination\/#webpage\"}}]}]}<\/script>\n<!-- \/ Yoast SEO plugin. -->","_links":{"self":[{"href":"https:\/\/www.plastination-shop.com\/de\/wp-json\/wp\/v2\/product\/4255","targetHints":{"allow":["GET"]}}],"collection":[{"href":"https:\/\/www.plastination-shop.com\/de\/wp-json\/wp\/v2\/product"}],"about":[{"href":"https:\/\/www.plastination-shop.com\/de\/wp-json\/wp\/v2\/types\/product"}],"wp:featuredmedia":[{"embeddable":true,"href":"https:\/\/www.plastination-shop.com\/de\/wp-json\/wp\/v2\/media\/5404"}],"wp:attachment":[{"href":"https:\/\/www.plastination-shop.com\/de\/wp-json\/wp\/v2\/media?parent=4255"}],"wp:term":[{"taxonomy":"product_brand","embeddable":true,"href":"https:\/\/www.plastination-shop.com\/de\/wp-json\/wp\/v2\/product_brand?post=4255"},{"taxonomy":"product_cat","embeddable":true,"href":"https:\/\/www.plastination-shop.com\/de\/wp-json\/wp\/v2\/product_cat?post=4255"},{"taxonomy":"product_tag","embeddable":true,"href":"https:\/\/www.plastination-shop.com\/de\/wp-json\/wp\/v2\/product_tag?post=4255"}],"curies":[{"name":"wp","href":"https:\/\/api.w.org\/{rel}","templated":true}]}}