{"id":6245,"date":"2020-10-14T18:09:18","date_gmt":"2020-10-14T16:09:18","guid":{"rendered":"https:\/\/www.plastination-shop.com\/?post_type=product&#038;p=6245"},"modified":"2025-09-17T07:09:23","modified_gmt":"2025-09-17T05:09:23","slug":"laminated-hoof-anatomy-teaching-chart","status":"publish","type":"product","link":"https:\/\/www.plastination-shop.com\/de\/product\/laminated-hoof-anatomy-teaching-chart\/","title":{"rendered":"laminierte Lehrtafel Fotodruck Huf englisch"},"content":{"rendered":"<p class=\"qtranxs-available-languages-message qtranxs-available-languages-message-de\">Leider ist der Eintrag nur auf <a href=\"https:\/\/www.plastination-shop.com\/en\/wp-json\/wp\/v2\/product\/6245\" class=\"qtranxs-available-language-link qtranxs-available-language-link-en\" title=\"English\">English<\/a> verf\u00fcgbar. Der Inhalt wird unten in einer verf\u00fcgbaren Sprache angezeigt. Klicken Sie auf den Link, um die aktuelle Sprache zu \u00e4ndern.<\/p><div class=\"MagicToolboxContainer\"><a class=\"MagicZoom\" href=\"https:\/\/www.real-anatomy.de\/wp-content\/uploads\/30136en-2.jpg\"><img decoding=\"async\" title=\"Horse hoof anatomy labelled chart with description\" src=\"https:\/\/www.real-anatomy.de\/wp-content\/uploads\/30136en-1.jpg\" alt=\"Equine foot morphology teaching chart\" \/><\/a><\/div><\/p>\n<p><div class=\"MagicToolboxContainer\"><a class=\"MagicZoom\" href=\"https:\/\/www.real-anatomy.de\/wp-content\/uploads\/30136enbeschr-2.jpg\"><img decoding=\"async\" title=\"Horse hoof anatomy labelled chart with description\" src=\"https:\/\/www.real-anatomy.de\/wp-content\/uploads\/30136enbeschr.jpg\" alt=\"Equine foot morphology teaching chart\" \/><\/a><\/div><\/p>\n<p>This &#8220;low-tech&#8221; heavy duty laminated image print is still an excellent choice for many occasions. Super solid and waterproof. You can draw and write on the lamination with a permanent marker and clean it with alcohol afterwards. Fits in any pocket. 13 x 18 cm \/ 5 x 7 inch image print on <em>Fujicolor Crystal Archive Paper Supreme<\/em> laminated with conventional 100 mic laminating pouch film.","protected":false},"excerpt":{"rendered":"<p>Leider ist der Eintrag nur auf English verf\u00fcgbar. Der Inhalt wird unten in einer verf\u00fcgbaren Sprache angezeigt. Klicken Sie auf den Link, um die aktuelle Sprache zu \u00e4ndern. This &#8220;low-tech&#8221; heavy duty laminated image print is still an excellent choice &hellip; <a href=\"https:\/\/www.plastination-shop.com\/de\/product\/laminated-hoof-anatomy-teaching-chart\/\">Weiter<\/a><\/p>\n","protected":false},"featured_media":6249,"template":"","meta":{"spay_email":""},"product_brand":[],"product_cat":[1071,1024,263,281],"product_tag":[290,274,802,2500,272,800,583,421,801,276,275,590,303,695],"class_list":{"0":"post-6245","1":"product","2":"type-product","3":"status-publish","4":"has-post-thumbnail","6":"product_cat-equine","7":"product_cat-equine-hoof-anatomy","8":"product_cat-plastination_pictures","9":"product_cat-plastination_prints","10":"product_tag-anatomical","11":"product_tag-anatomy","12":"product_tag-anatomy-chart","13":"product_tag-equine-print","14":"product_tag-hoof","15":"product_tag-hoof-anatomy","16":"product_tag-horse-foot","17":"product_tag-horse-hoof","18":"product_tag-labelled-hoof-structures","19":"product_tag-plastinate","20":"product_tag-plastination","21":"product_tag-preparation","22":"product_tag-print","23":"product_tag-sheet-plastination","25":"first","26":"instock","27":"taxable","28":"shipping-taxable","29":"purchasable","30":"product-type-simple"},"bundle_layout":"","bundled_by":[],"bundled_items":[],"yoast_head":"<!-- This site is optimized with the Yoast SEO plugin v16.4 - https:\/\/yoast.com\/wordpress\/plugins\/seo\/ -->\n<title>laminierte Lehrtafel Fotodruck Huf englisch - Plastination Shop<\/title>\n<meta name=\"robots\" content=\"index, follow, max-snippet:-1, max-image-preview:large, max-video-preview:-1\" \/>\n<link rel=\"canonical\" href=\"https:\/\/www.plastination-shop.com\/product\/laminated-hoof-anatomy-teaching-chart\/\" \/>\n<meta property=\"og:locale\" content=\"de_DE\" \/>\n<meta property=\"og:type\" content=\"article\" \/>\n<meta property=\"og:title\" content=\"laminierte Lehrtafel Fotodruck Huf englisch - Plastination Shop\" \/>\n<meta property=\"og:description\" content=\"Leider ist der Eintrag nur auf English verf\u00fcgbar. Der Inhalt wird unten in einer verf\u00fcgbaren Sprache angezeigt. Klicken Sie auf den Link, um die aktuelle Sprache zu \u00e4ndern. This &#8220;low-tech&#8221; heavy duty laminated image print is still an excellent choice &hellip; Weiter\" \/>\n<meta property=\"og:url\" content=\"https:\/\/www.plastination-shop.com\/product\/laminated-hoof-anatomy-teaching-chart\/\" \/>\n<meta property=\"og:site_name\" content=\"Plastination Shop\" \/>\n<meta property=\"article:publisher\" content=\"https:\/\/www.facebook.com\/plastination\/\" \/>\n<meta property=\"article:modified_time\" content=\"2025-09-17T05:09:23+00:00\" \/>\n<meta property=\"og:image\" content=\"https:\/\/www.plastination-shop.com\/wp-content\/uploads\/30136enbeschr.jpg\" \/>\n\t<meta property=\"og:image:width\" content=\"450\" \/>\n\t<meta property=\"og:image:height\" content=\"300\" \/>\n<meta name=\"twitter:card\" content=\"summary_large_image\" \/>\n<meta name=\"twitter:site\" content=\"@Plastinate\" \/>\n<script type=\"application\/ld+json\" class=\"yoast-schema-graph\">{\"@context\":\"https:\/\/schema.org\",\"@graph\":[{\"@type\":\"Organization\",\"@id\":\"https:\/\/www.plastination-shop.com\/#organization\",\"name\":\"HC biovision Dr. Christoph von Horst\",\"url\":\"https:\/\/www.plastination-shop.com\/\",\"sameAs\":[\"https:\/\/www.facebook.com\/plastination\/\",\"https:\/\/www.instagram.com\/plastination\/\",\"https:\/\/www.youtube.com\/channel\/UCWChP9RInLTweCwjV0ryNDg\",\"https:\/\/twitter.com\/Plastinate\"],\"logo\":{\"@type\":\"ImageObject\",\"@id\":\"https:\/\/www.plastination-shop.com\/#logo\",\"inLanguage\":\"de\",\"url\":\"https:\/\/www.plastination-shop.com\/wp-content\/uploads\/favicon_wappen.jpg\",\"contentUrl\":\"https:\/\/www.plastination-shop.com\/wp-content\/uploads\/favicon_wappen.jpg\",\"width\":750,\"height\":750,\"caption\":\"HC biovision Dr. Christoph von Horst\"},\"image\":{\"@id\":\"https:\/\/www.plastination-shop.com\/#logo\"}},{\"@type\":\"WebSite\",\"@id\":\"https:\/\/www.plastination-shop.com\/#website\",\"url\":\"https:\/\/www.plastination-shop.com\/\",\"name\":\"Plastination Anatomy Embedding\",\"description\":\"Anatomische Schnittpr\\u00e4parate und Modelle f\\u00fcr den Tierschutz\",\"publisher\":{\"@id\":\"https:\/\/www.plastination-shop.com\/#organization\"},\"potentialAction\":[{\"@type\":\"SearchAction\",\"target\":\"https:\/\/www.plastination-shop.com\/?s={search_term_string}\",\"query-input\":\"required name=search_term_string\"}],\"inLanguage\":\"de\"},{\"@type\":\"ImageObject\",\"@id\":\"https:\/\/www.plastination-shop.com\/product\/laminated-hoof-anatomy-teaching-chart\/#primaryimage\",\"inLanguage\":\"de\",\"url\":\"https:\/\/www.plastination-shop.com\/wp-content\/uploads\/30136enbeschr.jpg\",\"contentUrl\":\"https:\/\/www.plastination-shop.com\/wp-content\/uploads\/30136enbeschr.jpg\",\"width\":450,\"height\":300},{\"@type\":\"WebPage\",\"@id\":\"https:\/\/www.plastination-shop.com\/product\/laminated-hoof-anatomy-teaching-chart\/#webpage\",\"url\":\"https:\/\/www.plastination-shop.com\/product\/laminated-hoof-anatomy-teaching-chart\/\",\"name\":\"laminierte Lehrtafel Fotodruck Huf englisch - Plastination Shop\",\"isPartOf\":{\"@id\":\"https:\/\/www.plastination-shop.com\/#website\"},\"primaryImageOfPage\":{\"@id\":\"https:\/\/www.plastination-shop.com\/product\/laminated-hoof-anatomy-teaching-chart\/#primaryimage\"},\"datePublished\":\"2020-10-14T16:09:18+00:00\",\"dateModified\":\"2025-09-17T05:09:23+00:00\",\"breadcrumb\":{\"@id\":\"https:\/\/www.plastination-shop.com\/product\/laminated-hoof-anatomy-teaching-chart\/#breadcrumb\"},\"inLanguage\":\"de\",\"potentialAction\":[{\"@type\":\"ReadAction\",\"target\":[\"https:\/\/www.plastination-shop.com\/product\/laminated-hoof-anatomy-teaching-chart\/\"]}]},{\"@type\":\"BreadcrumbList\",\"@id\":\"https:\/\/www.plastination-shop.com\/product\/laminated-hoof-anatomy-teaching-chart\/#breadcrumb\",\"itemListElement\":[{\"@type\":\"ListItem\",\"position\":1,\"item\":{\"@type\":\"WebPage\",\"@id\":\"https:\/\/www.plastination-shop.com\/\",\"url\":\"https:\/\/www.plastination-shop.com\/\",\"name\":\"Home\"}},{\"@type\":\"ListItem\",\"position\":2,\"item\":{\"@type\":\"WebPage\",\"@id\":\"https:\/\/www.plastination-shop.com\/\",\"url\":\"https:\/\/www.plastination-shop.com\/\",\"name\":\"Anatomy insights for Animal Pain Awareness\"}},{\"@type\":\"ListItem\",\"position\":3,\"item\":{\"@id\":\"https:\/\/www.plastination-shop.com\/product\/laminated-hoof-anatomy-teaching-chart\/#webpage\"}}]}]}<\/script>\n<!-- \/ Yoast SEO plugin. -->","_links":{"self":[{"href":"https:\/\/www.plastination-shop.com\/de\/wp-json\/wp\/v2\/product\/6245","targetHints":{"allow":["GET"]}}],"collection":[{"href":"https:\/\/www.plastination-shop.com\/de\/wp-json\/wp\/v2\/product"}],"about":[{"href":"https:\/\/www.plastination-shop.com\/de\/wp-json\/wp\/v2\/types\/product"}],"wp:featuredmedia":[{"embeddable":true,"href":"https:\/\/www.plastination-shop.com\/de\/wp-json\/wp\/v2\/media\/6249"}],"wp:attachment":[{"href":"https:\/\/www.plastination-shop.com\/de\/wp-json\/wp\/v2\/media?parent=6245"}],"wp:term":[{"taxonomy":"product_brand","embeddable":true,"href":"https:\/\/www.plastination-shop.com\/de\/wp-json\/wp\/v2\/product_brand?post=6245"},{"taxonomy":"product_cat","embeddable":true,"href":"https:\/\/www.plastination-shop.com\/de\/wp-json\/wp\/v2\/product_cat?post=6245"},{"taxonomy":"product_tag","embeddable":true,"href":"https:\/\/www.plastination-shop.com\/de\/wp-json\/wp\/v2\/product_tag?post=6245"}],"curies":[{"name":"wp","href":"https:\/\/api.w.org\/{rel}","templated":true}]}}