{"id":6327,"date":"2020-11-10T12:04:31","date_gmt":"2020-11-10T11:04:31","guid":{"rendered":"https:\/\/www.plastination-shop.com\/?post_type=product&#038;p=6327"},"modified":"2026-05-09T10:05:37","modified_gmt":"2026-05-09T08:05:37","slug":"hoof-booklet","status":"publish","type":"product","link":"https:\/\/www.plastination-shop.com\/de\/product\/hoof-booklet\/","title":{"rendered":"Ringbuch Anatomie Pferdehuf 8. Auflage"},"content":{"rendered":"Das praktische Ringbuch zur Hufanatomie und Pathologie: <strong>Plastination Pferdehuf 8. Auflage<\/strong><\/p>\n<p>Immer dabei im Auto, in der Tasche und direkt neben dem Pferd &#8211; das Ringbuch Pferdehuf zeigt die wichtigen Aspekte zum Huf sofort und glasklar.<\/p>\n<p>Fotografien von wissenschaftlichen anatomischen Pr\u00e4paraten und Plastinaten der Pferdezehe. Detailaufnahmen von Hufpr\u00e4paraten mit Einblicken in die Pathologie von Hornkapsel, Hufbein, Strahlbein, Hufrolle, etc. Erkrankungen des Pferdehufs werden sofort klar ersichtlich und verst\u00e4ndlich: Hufrehe, Hufrollensyndrom, Knochenzysten, Knorpeldefekte, Schale, etc. Klinisch relevante Aspekte der Hufanatomie wie Gef\u00e4\u00dfversorgung, Sehnenverl\u00e4ufe, Knochenstrukturen, Hufknorpel, Strahlpolster, Bindegewebe, uvm.<\/p>\n<p>Speziell f\u00fcr den allt\u00e4glichen, rauen <strong>Praxiseinsatz<\/strong> aus extra stabilem und widerstandf\u00e4higem Material:<br \/>\n24 Seiten 350 g Bilderdruck matt, beidseitig folienkaschiert matt. Umschlag 460 g Polypropylen transluzent (unbedruckt). Doppelter Schutz vor Feuchtigkeit, Besch\u00e4digung, Schmutz: Zus\u00e4tzlich zum extrem widerstandsf\u00e4higen Schutzumschlag ist jede einzelne Seite abwischbar und sehr stabil. Perfekt f\u00fcr die Arbeit in Stall und Behandlungsraum. Auf der letzten Seite ist Platz f\u00fcr eine Widmung oder einen Gru\u00df. Schreiben sie selbst ein paar freundliche Wort, wenn sie das Ringbuch verschenken wollen. Gerne kann ich ihnen das Ringbuch auch pers\u00f6nlich signieren oder ein paar Worte schreiben. Bitte hinterlassen sie hierf\u00fcr eine Nachricht in den &#8220;Anmerkungen zur Bestellung&#8221; beim Bestellvorgang.<\/p>\n<p><strong>Erh\u00e4ltlich in Deutsch oder Englisch.<\/strong><\/p>\n<p>Detaillierte Informationen \u00fcber die verwendeten Techniken enth\u00e4lt die von mir herausgegebene <a href=\"https:\/\/onlinelibrary.wiley.com\/toc\/14390264\/2019\/48\/6\" target=\"_blank\" rel=\"noopener noreferrer\">Sonderausgabe \u00fcber Plastination<\/a> oder besuchen sie <a href=\"http:\/\/www.plastinate.com\" target=\"_blank\" rel=\"noopener noreferrer\">www.plastinate.com.<\/a><\/p>\n<p>&nbsp;<\/p>\n<div class=\"kad-youtube-shortcode videofit\"  ><iframe loading=\"lazy\" width=\"600\" height=\"400\" src=\"\/\/www.youtube.com\/embed\/NrdiYBmV4qM?autoplay=0&amp;controls=1&amp;fs=1&amp;modestbranding=0&amp;theme=dark&amp;rel=0&amp;loop=0\" frameborder=\"0\" allowfullscreen=\"true\"><\/iframe><\/div>\n<p>&nbsp;<\/p>\n<div class=\"kad-youtube-shortcode videofit\"  ><iframe loading=\"lazy\" width=\"600\" height=\"400\" src=\"\/\/www.youtube.com\/embed\/vkfW4vTxMRg?autoplay=0&amp;controls=1&amp;fs=1&amp;modestbranding=0&amp;theme=dark&amp;rel=0&amp;loop=0\" frameborder=\"0\" allowfullscreen=\"true\"><\/iframe><\/div>\n<p><img loading=\"lazy\" decoding=\"async\" src=\"https:\/\/www.plastination-shop.com\/wp-content\/uploads\/Spiralbuch_8-1-1024x724.jpg\" alt=\"\" width=\"1024\" height=\"724\" class=\"alignnone size-large wp-image-15351\" srcset=\"https:\/\/www.plastination-shop.com\/wp-content\/uploads\/Spiralbuch_8-1-1024x724.jpg 1024w, https:\/\/www.plastination-shop.com\/wp-content\/uploads\/Spiralbuch_8-1-300x212.jpg 300w, https:\/\/www.plastination-shop.com\/wp-content\/uploads\/Spiralbuch_8-1-1536x1085.jpg 1536w, https:\/\/www.plastination-shop.com\/wp-content\/uploads\/Spiralbuch_8-1-2048x1447.jpg 2048w, https:\/\/www.plastination-shop.com\/wp-content\/uploads\/Spiralbuch_8-1-600x424.jpg 600w\" sizes=\"auto, (max-width: 1024px) 100vw, 1024px\" \/><\/p>\n<p><img loading=\"lazy\" decoding=\"async\" src=\"https:\/\/www.plastination-shop.com\/wp-content\/uploads\/Spiralbuch_8-2-1024x724.jpg\" alt=\"\" width=\"1024\" height=\"724\" class=\"alignnone size-large wp-image-15352\" srcset=\"https:\/\/www.plastination-shop.com\/wp-content\/uploads\/Spiralbuch_8-2-1024x724.jpg 1024w, https:\/\/www.plastination-shop.com\/wp-content\/uploads\/Spiralbuch_8-2-300x212.jpg 300w, https:\/\/www.plastination-shop.com\/wp-content\/uploads\/Spiralbuch_8-2-1536x1085.jpg 1536w, https:\/\/www.plastination-shop.com\/wp-content\/uploads\/Spiralbuch_8-2-2048x1447.jpg 2048w, https:\/\/www.plastination-shop.com\/wp-content\/uploads\/Spiralbuch_8-2-600x424.jpg 600w\" sizes=\"auto, (max-width: 1024px) 100vw, 1024px\" \/><\/p>\n<p><img loading=\"lazy\" decoding=\"async\" src=\"https:\/\/www.plastination-shop.com\/wp-content\/uploads\/Spiralbuch_8-3-1024x724.jpg\" alt=\"\" width=\"1024\" height=\"724\" class=\"alignnone size-large wp-image-15353\" srcset=\"https:\/\/www.plastination-shop.com\/wp-content\/uploads\/Spiralbuch_8-3-1024x724.jpg 1024w, https:\/\/www.plastination-shop.com\/wp-content\/uploads\/Spiralbuch_8-3-300x212.jpg 300w, https:\/\/www.plastination-shop.com\/wp-content\/uploads\/Spiralbuch_8-3-1536x1085.jpg 1536w, https:\/\/www.plastination-shop.com\/wp-content\/uploads\/Spiralbuch_8-3-2048x1447.jpg 2048w, https:\/\/www.plastination-shop.com\/wp-content\/uploads\/Spiralbuch_8-3-600x424.jpg 600w\" sizes=\"auto, (max-width: 1024px) 100vw, 1024px\" \/><\/p>\n<p><img loading=\"lazy\" decoding=\"async\" src=\"https:\/\/www.plastination-shop.com\/wp-content\/uploads\/Spiralbuch_8-4-1024x724.jpg\" alt=\"\" width=\"1024\" height=\"724\" class=\"alignnone size-large wp-image-15354\" srcset=\"https:\/\/www.plastination-shop.com\/wp-content\/uploads\/Spiralbuch_8-4-1024x724.jpg 1024w, https:\/\/www.plastination-shop.com\/wp-content\/uploads\/Spiralbuch_8-4-300x212.jpg 300w, https:\/\/www.plastination-shop.com\/wp-content\/uploads\/Spiralbuch_8-4-1536x1085.jpg 1536w, https:\/\/www.plastination-shop.com\/wp-content\/uploads\/Spiralbuch_8-4-2048x1447.jpg 2048w, https:\/\/www.plastination-shop.com\/wp-content\/uploads\/Spiralbuch_8-4-600x424.jpg 600w\" sizes=\"auto, (max-width: 1024px) 100vw, 1024px\" \/><\/p>\n<p><img loading=\"lazy\" decoding=\"async\" src=\"https:\/\/www.plastination-shop.com\/wp-content\/uploads\/Spiralbuch_8-5-1024x724.jpg\" alt=\"\" width=\"1024\" height=\"724\" class=\"alignnone size-large wp-image-15355\" srcset=\"https:\/\/www.plastination-shop.com\/wp-content\/uploads\/Spiralbuch_8-5-1024x724.jpg 1024w, https:\/\/www.plastination-shop.com\/wp-content\/uploads\/Spiralbuch_8-5-300x212.jpg 300w, https:\/\/www.plastination-shop.com\/wp-content\/uploads\/Spiralbuch_8-5-1536x1085.jpg 1536w, https:\/\/www.plastination-shop.com\/wp-content\/uploads\/Spiralbuch_8-5-2048x1447.jpg 2048w, https:\/\/www.plastination-shop.com\/wp-content\/uploads\/Spiralbuch_8-5-600x424.jpg 600w\" sizes=\"auto, (max-width: 1024px) 100vw, 1024px\" \/><\/p>\n<p><img loading=\"lazy\" decoding=\"async\" src=\"https:\/\/www.plastination-shop.com\/wp-content\/uploads\/Spiralbuch_8-6-scaled.jpg\" alt=\"\" width=\"1024\" height=\"724\" class=\"alignnone size-large wp-image-15356\" srcset=\"https:\/\/www.plastination-shop.com\/wp-content\/uploads\/Spiralbuch_8-6-scaled.jpg 2560w, https:\/\/www.plastination-shop.com\/wp-content\/uploads\/Spiralbuch_8-6-300x212.jpg 300w, https:\/\/www.plastination-shop.com\/wp-content\/uploads\/Spiralbuch_8-6-1024x724.jpg 1024w, https:\/\/www.plastination-shop.com\/wp-content\/uploads\/Spiralbuch_8-6-1536x1085.jpg 1536w, https:\/\/www.plastination-shop.com\/wp-content\/uploads\/Spiralbuch_8-6-2048x1447.jpg 2048w, https:\/\/www.plastination-shop.com\/wp-content\/uploads\/Spiralbuch_8-6-600x424.jpg 600w\" sizes=\"auto, (max-width: 1024px) 100vw, 1024px\" \/>","protected":false},"excerpt":{"rendered":"<p>Das praktische Ringbuch zur Hufanatomie und Pathologie: Plastination Pferdehuf 8. Auflage Immer dabei im Auto, in der Tasche und direkt neben dem Pferd &#8211; das Ringbuch Pferdehuf zeigt die wichtigen Aspekte zum Huf sofort und glasklar. Fotografien von wissenschaftlichen anatomischen &hellip; <a href=\"https:\/\/www.plastination-shop.com\/de\/product\/hoof-booklet\/\">Weiter<\/a><\/p>\n","protected":false},"featured_media":7107,"template":"","meta":{"spay_email":""},"product_brand":[],"product_cat":[2538,1071,2507,265,263,281],"product_tag":[274,334,459,570,1036,503,296,779,457,744,272,1035,668,743,658,421,297,333,1010,314],"class_list":{"0":"post-6327","1":"product","2":"type-product","3":"status-publish","4":"has-post-thumbnail","6":"product_cat-development-partner","7":"product_cat-equine","8":"product_cat-plastination_special_offers","9":"product_cat-plastination_offers","10":"product_cat-plastination_pictures","11":"product_cat-plastination_prints","12":"product_tag-anatomy","13":"product_tag-bone-cyst","14":"product_tag-cartilage","15":"product_tag-deep-digital-flexor-tendon","16":"product_tag-defect","17":"product_tag-digital-cushion","18":"product_tag-equine","19":"product_tag-equine-digital-cushion","20":"product_tag-farrier","21":"product_tag-farriery","22":"product_tag-hoof","23":"product_tag-hoof-blood-vessels","24":"product_tag-hoof-disease","25":"product_tag-hoofcare","26":"product_tag-horn-capsule","27":"product_tag-horse-hoof","28":"product_tag-laminitis","29":"product_tag-navicular","30":"product_tag-subchondral","31":"product_tag-vascularisation","33":"first","34":"instock","35":"taxable","36":"shipping-taxable","37":"purchasable","38":"product-type-variable"},"bundle_layout":"","bundled_by":["5784"],"bundled_items":[],"yoast_head":"<!-- This site is optimized with the Yoast SEO plugin v16.4 - https:\/\/yoast.com\/wordpress\/plugins\/seo\/ -->\n<title>Ringbuch Anatomie Pferdehuf 8. Auflage - Plastination Shop<\/title>\n<meta name=\"description\" content=\"What happens inside the horn capsule? This booklet makes things clear in seconds while standing right beside the horse! Scientifc hoof anatomy and pathology\" \/>\n<meta name=\"robots\" content=\"index, follow, max-snippet:-1, max-image-preview:large, max-video-preview:-1\" \/>\n<link rel=\"canonical\" href=\"https:\/\/www.plastination-shop.com\/product\/hoof-booklet\/\" \/>\n<meta property=\"og:locale\" content=\"de_DE\" \/>\n<meta property=\"og:type\" content=\"article\" \/>\n<meta property=\"og:title\" content=\"Ringbuch Anatomie Pferdehuf 8. Auflage - Plastination Shop\" \/>\n<meta property=\"og:description\" content=\"{:en}What happens inside the horn capsule? This booklet makes things clear in seconds while standing right beside the horse! Scientifc hoof anatomy and pathology{:}\" \/>\n<meta property=\"og:url\" content=\"https:\/\/www.plastination-shop.com\/product\/hoof-booklet\/\" \/>\n<meta property=\"og:site_name\" content=\"Plastination Shop\" \/>\n<meta property=\"article:publisher\" content=\"https:\/\/www.facebook.com\/plastination\/\" \/>\n<meta property=\"article:modified_time\" content=\"2026-05-09T08:05:37+00:00\" \/>\n<meta property=\"og:image\" content=\"https:\/\/www.plastination-shop.com\/wp-content\/uploads\/Ringbuch-1.jpg\" \/>\n\t<meta property=\"og:image:width\" content=\"2000\" \/>\n\t<meta property=\"og:image:height\" content=\"1709\" \/>\n<meta name=\"twitter:card\" content=\"summary_large_image\" \/>\n<meta name=\"twitter:site\" content=\"@Plastinate\" \/>\n<meta name=\"twitter:label1\" content=\"Gesch\u00e4tzte Lesezeit\" \/>\n\t<meta name=\"twitter:data1\" content=\"3\u00a0Minuten\" \/>\n<script type=\"application\/ld+json\" class=\"yoast-schema-graph\">{\"@context\":\"https:\/\/schema.org\",\"@graph\":[{\"@type\":\"Organization\",\"@id\":\"https:\/\/www.plastination-shop.com\/#organization\",\"name\":\"HC biovision Dr. Christoph von Horst\",\"url\":\"https:\/\/www.plastination-shop.com\/\",\"sameAs\":[\"https:\/\/www.facebook.com\/plastination\/\",\"https:\/\/www.instagram.com\/plastination\/\",\"https:\/\/www.youtube.com\/channel\/UCWChP9RInLTweCwjV0ryNDg\",\"https:\/\/twitter.com\/Plastinate\"],\"logo\":{\"@type\":\"ImageObject\",\"@id\":\"https:\/\/www.plastination-shop.com\/#logo\",\"inLanguage\":\"de\",\"url\":\"https:\/\/www.plastination-shop.com\/wp-content\/uploads\/favicon_wappen.jpg\",\"contentUrl\":\"https:\/\/www.plastination-shop.com\/wp-content\/uploads\/favicon_wappen.jpg\",\"width\":750,\"height\":750,\"caption\":\"HC biovision Dr. Christoph von Horst\"},\"image\":{\"@id\":\"https:\/\/www.plastination-shop.com\/#logo\"}},{\"@type\":\"WebSite\",\"@id\":\"https:\/\/www.plastination-shop.com\/#website\",\"url\":\"https:\/\/www.plastination-shop.com\/\",\"name\":\"Plastination Anatomy Embedding\",\"description\":\"Anatomische Schnittpr\\u00e4parate und Modelle f\\u00fcr den Tierschutz\",\"publisher\":{\"@id\":\"https:\/\/www.plastination-shop.com\/#organization\"},\"potentialAction\":[{\"@type\":\"SearchAction\",\"target\":\"https:\/\/www.plastination-shop.com\/?s={search_term_string}\",\"query-input\":\"required name=search_term_string\"}],\"inLanguage\":\"de\"},{\"@type\":\"ImageObject\",\"@id\":\"https:\/\/www.plastination-shop.com\/product\/hoof-booklet\/#primaryimage\",\"inLanguage\":\"de\",\"url\":\"https:\/\/www.plastination-shop.com\/wp-content\/uploads\/Ringbuch-1.jpg\",\"contentUrl\":\"https:\/\/www.plastination-shop.com\/wp-content\/uploads\/Ringbuch-1.jpg\",\"width\":2000,\"height\":1709,\"caption\":\"Hoof booklet 8th Edition\"},{\"@type\":\"WebPage\",\"@id\":\"https:\/\/www.plastination-shop.com\/product\/hoof-booklet\/#webpage\",\"url\":\"https:\/\/www.plastination-shop.com\/product\/hoof-booklet\/\",\"name\":\"Ringbuch Anatomie Pferdehuf 8. Auflage - Plastination Shop\",\"isPartOf\":{\"@id\":\"https:\/\/www.plastination-shop.com\/#website\"},\"primaryImageOfPage\":{\"@id\":\"https:\/\/www.plastination-shop.com\/product\/hoof-booklet\/#primaryimage\"},\"datePublished\":\"2020-11-10T11:04:31+00:00\",\"dateModified\":\"2026-05-09T08:05:37+00:00\",\"description\":\"{:en}What happens inside the horn capsule? This booklet makes things clear in seconds while standing right beside the horse! Scientifc hoof anatomy and pathology{:}\",\"breadcrumb\":{\"@id\":\"https:\/\/www.plastination-shop.com\/product\/hoof-booklet\/#breadcrumb\"},\"inLanguage\":\"de\",\"potentialAction\":[{\"@type\":\"ReadAction\",\"target\":[\"https:\/\/www.plastination-shop.com\/product\/hoof-booklet\/\"]}]},{\"@type\":\"BreadcrumbList\",\"@id\":\"https:\/\/www.plastination-shop.com\/product\/hoof-booklet\/#breadcrumb\",\"itemListElement\":[{\"@type\":\"ListItem\",\"position\":1,\"item\":{\"@type\":\"WebPage\",\"@id\":\"https:\/\/www.plastination-shop.com\/\",\"url\":\"https:\/\/www.plastination-shop.com\/\",\"name\":\"Home\"}},{\"@type\":\"ListItem\",\"position\":2,\"item\":{\"@type\":\"WebPage\",\"@id\":\"https:\/\/www.plastination-shop.com\/\",\"url\":\"https:\/\/www.plastination-shop.com\/\",\"name\":\"Anatomy insights for Animal Pain Awareness\"}},{\"@type\":\"ListItem\",\"position\":3,\"item\":{\"@id\":\"https:\/\/www.plastination-shop.com\/product\/hoof-booklet\/#webpage\"}}]}]}<\/script>\n<!-- \/ Yoast SEO plugin. -->","_links":{"self":[{"href":"https:\/\/www.plastination-shop.com\/de\/wp-json\/wp\/v2\/product\/6327","targetHints":{"allow":["GET"]}}],"collection":[{"href":"https:\/\/www.plastination-shop.com\/de\/wp-json\/wp\/v2\/product"}],"about":[{"href":"https:\/\/www.plastination-shop.com\/de\/wp-json\/wp\/v2\/types\/product"}],"wp:featuredmedia":[{"embeddable":true,"href":"https:\/\/www.plastination-shop.com\/de\/wp-json\/wp\/v2\/media\/7107"}],"wp:attachment":[{"href":"https:\/\/www.plastination-shop.com\/de\/wp-json\/wp\/v2\/media?parent=6327"}],"wp:term":[{"taxonomy":"product_brand","embeddable":true,"href":"https:\/\/www.plastination-shop.com\/de\/wp-json\/wp\/v2\/product_brand?post=6327"},{"taxonomy":"product_cat","embeddable":true,"href":"https:\/\/www.plastination-shop.com\/de\/wp-json\/wp\/v2\/product_cat?post=6327"},{"taxonomy":"product_tag","embeddable":true,"href":"https:\/\/www.plastination-shop.com\/de\/wp-json\/wp\/v2\/product_tag?post=6327"}],"curies":[{"name":"wp","href":"https:\/\/api.w.org\/{rel}","templated":true}]}}