{"id":6674,"date":"2021-04-27T19:19:57","date_gmt":"2021-04-27T17:19:57","guid":{"rendered":"https:\/\/www.plastination-shop.com\/?post_type=product&#038;p=6674"},"modified":"2026-02-05T12:25:46","modified_gmt":"2026-02-05T11:25:46","slug":"photo-prints","status":"publish","type":"product","link":"https:\/\/www.plastination-shop.com\/de\/product\/photo-prints\/","title":{"rendered":"wissenschaftliche Bilderdrucke"},"content":{"rendered":"Die angebotenen Fotodrucke sind auch laminiert, auf Leinwand oder Metallverbundplatten (z.B. Alu-Dibond) oder unter Akryl verf\u00fcgbar. Suchen Sie Ihr Wunschmotiv aus den angebotetenen 30 x 20 cm Fotodrucken aus und notieren Sie sich die Bild &#8211; SKU. Anschlie\u00dfend k\u00f6nnen sie hier die gew\u00fcnschte Option bestellen. Schreiben Sie uns in die Bestellnotizen die SKU des gew\u00fcnschten Motivs. Nat\u00fcrlich k\u00f6nnen Sie auch mehrere Bilder zusammen bestellen. Achten Sie darauf, dass die Anzahl der bestellten Bilder und die Zahl der angegebenen SKU \u00fcbereinstimmen.<\/p>\n<p>W\u00e4hlen sie aus der Auswahl <em>zoombarer Bilder<\/em> unten aus. (Hinterlassen sie hierf\u00fcr bitte die Bild-SKU 30xxx in den Bestellnotizen beim Bezahlvorgang):<div class=\"woocommerce \"><\/div>\nFirst choose from the selection of <em>zoomable images<\/em> and afterwards select the size and material from the available options. Please enter the Image IDs (eg 30xxx) in the &#8220;<em>Order Notes<\/em>&#8221; during Checkout): <div class=\"woocommerce \"><\/div>\nOptionen:<br \/>\n<strong>30 x 20 cm Fotodruck<\/strong><br \/>\n<strong>60 x 40 Leinwanddruck<\/strong><br \/>\n<strong>60 x 40 cm Acryldruck<\/strong>","protected":false},"excerpt":{"rendered":"<p>Die angebotenen Fotodrucke sind auch laminiert, auf Leinwand oder Metallverbundplatten (z.B. Alu-Dibond) oder unter Akryl verf\u00fcgbar. Suchen Sie Ihr Wunschmotiv aus den angebotetenen 30 x 20 cm Fotodrucken aus und notieren Sie sich die Bild &#8211; SKU. Anschlie\u00dfend k\u00f6nnen sie &hellip; <a href=\"https:\/\/www.plastination-shop.com\/de\/product\/photo-prints\/\">Weiter<\/a><\/p>\n","protected":false},"featured_media":5869,"template":"","meta":{"spay_email":""},"product_brand":[],"product_cat":[1001,2507,265,263,281],"product_tag":[1076,1075,1078,1077],"class_list":{"0":"post-6674","1":"product","2":"type-product","3":"status-publish","4":"has-post-thumbnail","6":"product_cat-prints_and_files","7":"product_cat-plastination_special_offers","8":"product_cat-plastination_offers","9":"product_cat-plastination_pictures","10":"product_cat-plastination_prints","11":"product_tag-anatomical-chart-print","12":"product_tag-anatomy-image-print","13":"product_tag-morphology-chart","14":"product_tag-morphology-print","16":"first","17":"instock","18":"taxable","19":"shipping-taxable","20":"purchasable","21":"product-type-variable"},"bundle_layout":"","bundled_by":[],"bundled_items":[],"yoast_head":"<!-- This site is optimized with the Yoast SEO plugin v16.4 - https:\/\/yoast.com\/wordpress\/plugins\/seo\/ -->\n<title>wissenschaftliche Bilderdrucke - Plastination Shop<\/title>\n<meta name=\"robots\" content=\"index, follow, max-snippet:-1, max-image-preview:large, max-video-preview:-1\" \/>\n<link rel=\"canonical\" href=\"https:\/\/www.plastination-shop.com\/product\/photo-prints\/\" \/>\n<meta property=\"og:locale\" content=\"de_DE\" \/>\n<meta property=\"og:type\" content=\"article\" \/>\n<meta property=\"og:title\" content=\"wissenschaftliche Bilderdrucke - Plastination Shop\" \/>\n<meta property=\"og:description\" content=\"Die angebotenen Fotodrucke sind auch laminiert, auf Leinwand oder Metallverbundplatten (z.B. Alu-Dibond) oder unter Akryl verf\u00fcgbar. Suchen Sie Ihr Wunschmotiv aus den angebotetenen 30 x 20 cm Fotodrucken aus und notieren Sie sich die Bild &#8211; SKU. Anschlie\u00dfend k\u00f6nnen sie &hellip; Weiter\" \/>\n<meta property=\"og:url\" content=\"https:\/\/www.plastination-shop.com\/product\/photo-prints\/\" \/>\n<meta property=\"og:site_name\" content=\"Plastination Shop\" \/>\n<meta property=\"article:publisher\" content=\"https:\/\/www.facebook.com\/plastination\/\" \/>\n<meta property=\"article:modified_time\" content=\"2026-02-05T11:25:46+00:00\" \/>\n<meta property=\"og:image\" content=\"https:\/\/www.plastination-shop.com\/wp-content\/uploads\/Collage_mockup_30-20cm.jpg\" \/>\n\t<meta property=\"og:image:width\" content=\"2500\" \/>\n\t<meta property=\"og:image:height\" content=\"1667\" \/>\n<meta name=\"twitter:card\" content=\"summary_large_image\" \/>\n<meta name=\"twitter:site\" content=\"@Plastinate\" \/>\n<meta name=\"twitter:label1\" content=\"Gesch\u00e4tzte Lesezeit\" \/>\n\t<meta name=\"twitter:data1\" content=\"1\u00a0Minute\" \/>\n<script type=\"application\/ld+json\" class=\"yoast-schema-graph\">{\"@context\":\"https:\/\/schema.org\",\"@graph\":[{\"@type\":\"Organization\",\"@id\":\"https:\/\/www.plastination-shop.com\/#organization\",\"name\":\"HC biovision Dr. Christoph von Horst\",\"url\":\"https:\/\/www.plastination-shop.com\/\",\"sameAs\":[\"https:\/\/www.facebook.com\/plastination\/\",\"https:\/\/www.instagram.com\/plastination\/\",\"https:\/\/www.youtube.com\/channel\/UCWChP9RInLTweCwjV0ryNDg\",\"https:\/\/twitter.com\/Plastinate\"],\"logo\":{\"@type\":\"ImageObject\",\"@id\":\"https:\/\/www.plastination-shop.com\/#logo\",\"inLanguage\":\"de\",\"url\":\"https:\/\/www.plastination-shop.com\/wp-content\/uploads\/favicon_wappen.jpg\",\"contentUrl\":\"https:\/\/www.plastination-shop.com\/wp-content\/uploads\/favicon_wappen.jpg\",\"width\":750,\"height\":750,\"caption\":\"HC biovision Dr. Christoph von Horst\"},\"image\":{\"@id\":\"https:\/\/www.plastination-shop.com\/#logo\"}},{\"@type\":\"WebSite\",\"@id\":\"https:\/\/www.plastination-shop.com\/#website\",\"url\":\"https:\/\/www.plastination-shop.com\/\",\"name\":\"Plastination Anatomy Embedding\",\"description\":\"Anatomische Schnittpr\\u00e4parate und Modelle f\\u00fcr den Tierschutz\",\"publisher\":{\"@id\":\"https:\/\/www.plastination-shop.com\/#organization\"},\"potentialAction\":[{\"@type\":\"SearchAction\",\"target\":\"https:\/\/www.plastination-shop.com\/?s={search_term_string}\",\"query-input\":\"required name=search_term_string\"}],\"inLanguage\":\"de\"},{\"@type\":\"ImageObject\",\"@id\":\"https:\/\/www.plastination-shop.com\/product\/photo-prints\/#primaryimage\",\"inLanguage\":\"de\",\"url\":\"https:\/\/www.plastination-shop.com\/wp-content\/uploads\/Collage_mockup_30-20cm.jpg\",\"contentUrl\":\"https:\/\/www.plastination-shop.com\/wp-content\/uploads\/Collage_mockup_30-20cm.jpg\",\"width\":2500,\"height\":1667},{\"@type\":\"WebPage\",\"@id\":\"https:\/\/www.plastination-shop.com\/product\/photo-prints\/#webpage\",\"url\":\"https:\/\/www.plastination-shop.com\/product\/photo-prints\/\",\"name\":\"wissenschaftliche Bilderdrucke - Plastination Shop\",\"isPartOf\":{\"@id\":\"https:\/\/www.plastination-shop.com\/#website\"},\"primaryImageOfPage\":{\"@id\":\"https:\/\/www.plastination-shop.com\/product\/photo-prints\/#primaryimage\"},\"datePublished\":\"2021-04-27T17:19:57+00:00\",\"dateModified\":\"2026-02-05T11:25:46+00:00\",\"breadcrumb\":{\"@id\":\"https:\/\/www.plastination-shop.com\/product\/photo-prints\/#breadcrumb\"},\"inLanguage\":\"de\",\"potentialAction\":[{\"@type\":\"ReadAction\",\"target\":[\"https:\/\/www.plastination-shop.com\/product\/photo-prints\/\"]}]},{\"@type\":\"BreadcrumbList\",\"@id\":\"https:\/\/www.plastination-shop.com\/product\/photo-prints\/#breadcrumb\",\"itemListElement\":[{\"@type\":\"ListItem\",\"position\":1,\"item\":{\"@type\":\"WebPage\",\"@id\":\"https:\/\/www.plastination-shop.com\/\",\"url\":\"https:\/\/www.plastination-shop.com\/\",\"name\":\"Home\"}},{\"@type\":\"ListItem\",\"position\":2,\"item\":{\"@type\":\"WebPage\",\"@id\":\"https:\/\/www.plastination-shop.com\/\",\"url\":\"https:\/\/www.plastination-shop.com\/\",\"name\":\"Anatomy insights for Animal Pain Awareness\"}},{\"@type\":\"ListItem\",\"position\":3,\"item\":{\"@id\":\"https:\/\/www.plastination-shop.com\/product\/photo-prints\/#webpage\"}}]}]}<\/script>\n<!-- \/ Yoast SEO plugin. -->","_links":{"self":[{"href":"https:\/\/www.plastination-shop.com\/de\/wp-json\/wp\/v2\/product\/6674","targetHints":{"allow":["GET"]}}],"collection":[{"href":"https:\/\/www.plastination-shop.com\/de\/wp-json\/wp\/v2\/product"}],"about":[{"href":"https:\/\/www.plastination-shop.com\/de\/wp-json\/wp\/v2\/types\/product"}],"wp:featuredmedia":[{"embeddable":true,"href":"https:\/\/www.plastination-shop.com\/de\/wp-json\/wp\/v2\/media\/5869"}],"wp:attachment":[{"href":"https:\/\/www.plastination-shop.com\/de\/wp-json\/wp\/v2\/media?parent=6674"}],"wp:term":[{"taxonomy":"product_brand","embeddable":true,"href":"https:\/\/www.plastination-shop.com\/de\/wp-json\/wp\/v2\/product_brand?post=6674"},{"taxonomy":"product_cat","embeddable":true,"href":"https:\/\/www.plastination-shop.com\/de\/wp-json\/wp\/v2\/product_cat?post=6674"},{"taxonomy":"product_tag","embeddable":true,"href":"https:\/\/www.plastination-shop.com\/de\/wp-json\/wp\/v2\/product_tag?post=6674"}],"curies":[{"name":"wp","href":"https:\/\/api.w.org\/{rel}","templated":true}]}}