{"id":6680,"date":"2021-04-28T10:12:07","date_gmt":"2021-04-28T08:12:07","guid":{"rendered":"https:\/\/www.plastination-shop.com\/?post_type=product&#038;p=6680"},"modified":"2023-05-16T12:06:52","modified_gmt":"2023-05-16T10:06:52","slug":"botanical_specimens","status":"publish","type":"product","link":"https:\/\/www.plastination-shop.com\/de\/product\/botanical_specimens\/","title":{"rendered":"Pflanzenpr\u00e4paration (z.B. Hopfen, Ginkgo)"},"content":{"rendered":"Die Bearbeitung von Pflanzen und Pflanzenteilen ist eine &#8220;Wundert\u00fcte&#8221; f\u00fcr jeden biologischen Pr\u00e4parator. W\u00e4hrend es Blumen und Pflanzenteile gibt, deren Bearbeitung sehr einfach durchzuf\u00fchren ist, treten bei anderen St\u00fccken gravierende Probleme auf, deren \u00dcberwindung nur mit aufw\u00e4ndigen Pr\u00e4parations- und Plastinationsverfahren m\u00f6glich ist. Aus diesem Grund gibt es bei der Pflanzenpr\u00e4paration Abweichungen von den vorher genannten Einstufungen nach Gr\u00f6\u00dfen\u00e4quivalenten (SE):<\/p>\n<ul>\n<li>Generell ist bei flachen Pflanzeneinbettungen in Acryl analog zu anatomischen Pr\u00e4paraten eine SE20 Plastination zu veranschlagen, sofern die Endabmessungen 25 cm nicht \u00fcbersteigen.<\/li>\n<li>Pflanzenteile die ohne aufw\u00e4ndige Vakuumimpr\u00e4gnierung und Vorbehandlung eingebettet werden k\u00f6nnen, k\u00f6nnen als &#8220;OFFER&#8221; z.T. deutlich g\u00fcnstiger angeboten werden.<\/li>\n<li>Eine Sonderrolle spielen Hopfendolden und Ginkgobl\u00e4tter. Aufgrund der traditionellen Verbindung zum Hopfen (Horst Company war urspr\u00fcnglich Produzent von Hopfenextrakt) und meiner pers\u00f6nlichen Begeisterung f\u00fcr den Ginkgo-Baum konnten wir die Bearbeitung von Hopfendolden und Ginkgobl\u00e4ttern \u00fcber die Jahre soweit perfektionieren, dass entsprechende Pr\u00e4parate inzwischen ebenfalls zu deutlich g\u00fcnstigeren Preisen angeboten werden k\u00f6nnen.<\/li>\n<\/ul>\n<p>Entsprechend k\u00f6nnen sie aus folgenden Optionen ausw\u00e4hlen:<\/p>\n<ol>\n<li><strong>CUSTOM:<\/strong> Sonderanfertigungen sind generell m\u00f6glich.\u00a0 Im Einzelfall muss jedoch die Durchf\u00fchrbarkeit gepr\u00fcft werden.<\/li>\n<li><strong>CUSTOM HOPS\/GINKGO:<\/strong> Hopfendolden oder Ginkgo-Einbettung mit Auswahl und Anpassungsm\u00f6glichkeit einschlie\u00dflich optionaler Gravuren, Sockel, etc.<\/li>\n<li><strong>HOPS Offer: <\/strong>Sichern sie sich das aktuelle GINKGO OFFER Plastinat. Bilder des angebotenen St\u00fcckes werden angezeigt, wenn sie die Option &#8220;HOPS OFFER&#8221; w\u00e4hlen. Falls die Option &#8220;HOPS OFFER&#8221; nicht gezeigt wird, hat sich schon jemand anderes dieses Angebot gesichert. Wir stellen bald ein neues OFFER Exemplar ein.<\/li>\n<li><strong><strong>Ginkgo Offer: <\/strong><\/strong>Sichern sie sich das aktuelle GINKGO OFFER Plastinat. Bilder des angebotenen St\u00fcckes werden angezeigt, wenn sie die Option &#8220;GINKGO OFFER&#8221; w\u00e4hlen. Falls die Option &#8220;GINKGO OFFER&#8221; nicht gezeigt wird, war bereits jemand anderes schneller. Wir stellen bald ein neues OFFER Exemplar ein.<\/li>\n<\/ol>","protected":false},"excerpt":{"rendered":"<p>Die Bearbeitung von Pflanzen und Pflanzenteilen ist eine &#8220;Wundert\u00fcte&#8221; f\u00fcr jeden biologischen Pr\u00e4parator. W\u00e4hrend es Blumen und Pflanzenteile gibt, deren Bearbeitung sehr einfach durchzuf\u00fchren ist, treten bei anderen St\u00fccken gravierende Probleme auf, deren \u00dcberwindung nur mit aufw\u00e4ndigen Pr\u00e4parations- und Plastinationsverfahren &hellip; <a href=\"https:\/\/www.plastination-shop.com\/de\/product\/botanical_specimens\/\">Weiter<\/a><\/p>\n","protected":false},"featured_media":6710,"template":"","meta":{"spay_email":""},"product_brand":[],"product_cat":[544],"product_tag":[],"class_list":{"0":"post-6680","1":"product","2":"type-product","3":"status-publish","4":"has-post-thumbnail","6":"product_cat-plastination_techniques","8":"first","9":"instock","10":"taxable","11":"shipping-taxable","12":"purchasable","13":"product-type-simple"},"bundle_layout":"","bundled_by":[],"bundled_items":[],"yoast_head":"<!-- This site is optimized with the Yoast SEO plugin v16.4 - https:\/\/yoast.com\/wordpress\/plugins\/seo\/ -->\n<title>Pflanzenpr\u00e4paration (z.B. Hopfen, Ginkgo) - Plastination Shop<\/title>\n<meta name=\"robots\" content=\"index, follow, max-snippet:-1, max-image-preview:large, max-video-preview:-1\" \/>\n<link rel=\"canonical\" href=\"https:\/\/www.plastination-shop.com\/product\/botanical_specimens\/\" \/>\n<meta property=\"og:locale\" content=\"de_DE\" \/>\n<meta property=\"og:type\" content=\"article\" \/>\n<meta property=\"og:title\" content=\"Pflanzenpr\u00e4paration (z.B. Hopfen, Ginkgo) - Plastination Shop\" \/>\n<meta property=\"og:description\" content=\"Die Bearbeitung von Pflanzen und Pflanzenteilen ist eine &#8220;Wundert\u00fcte&#8221; f\u00fcr jeden biologischen Pr\u00e4parator. W\u00e4hrend es Blumen und Pflanzenteile gibt, deren Bearbeitung sehr einfach durchzuf\u00fchren ist, treten bei anderen St\u00fccken gravierende Probleme auf, deren \u00dcberwindung nur mit aufw\u00e4ndigen Pr\u00e4parations- und Plastinationsverfahren &hellip; Weiter\" \/>\n<meta property=\"og:url\" content=\"https:\/\/www.plastination-shop.com\/product\/botanical_specimens\/\" \/>\n<meta property=\"og:site_name\" content=\"Plastination Shop\" \/>\n<meta property=\"article:publisher\" content=\"https:\/\/www.facebook.com\/plastination\/\" \/>\n<meta property=\"article:modified_time\" content=\"2023-05-16T10:06:52+00:00\" \/>\n<meta property=\"og:image\" content=\"https:\/\/www.plastination-shop.com\/wp-content\/uploads\/Ginkgo_Hopfen_Shop.jpg\" \/>\n\t<meta property=\"og:image:width\" content=\"1500\" \/>\n\t<meta property=\"og:image:height\" content=\"923\" \/>\n<meta name=\"twitter:card\" content=\"summary_large_image\" \/>\n<meta name=\"twitter:site\" content=\"@Plastinate\" \/>\n<meta name=\"twitter:label1\" content=\"Gesch\u00e4tzte Lesezeit\" \/>\n\t<meta name=\"twitter:data1\" content=\"2\u00a0Minuten\" \/>\n<script type=\"application\/ld+json\" class=\"yoast-schema-graph\">{\"@context\":\"https:\/\/schema.org\",\"@graph\":[{\"@type\":\"Organization\",\"@id\":\"https:\/\/www.plastination-shop.com\/#organization\",\"name\":\"HC biovision Dr. Christoph von Horst\",\"url\":\"https:\/\/www.plastination-shop.com\/\",\"sameAs\":[\"https:\/\/www.facebook.com\/plastination\/\",\"https:\/\/www.instagram.com\/plastination\/\",\"https:\/\/www.youtube.com\/channel\/UCWChP9RInLTweCwjV0ryNDg\",\"https:\/\/twitter.com\/Plastinate\"],\"logo\":{\"@type\":\"ImageObject\",\"@id\":\"https:\/\/www.plastination-shop.com\/#logo\",\"inLanguage\":\"de\",\"url\":\"https:\/\/www.plastination-shop.com\/wp-content\/uploads\/favicon_wappen.jpg\",\"contentUrl\":\"https:\/\/www.plastination-shop.com\/wp-content\/uploads\/favicon_wappen.jpg\",\"width\":750,\"height\":750,\"caption\":\"HC biovision Dr. Christoph von Horst\"},\"image\":{\"@id\":\"https:\/\/www.plastination-shop.com\/#logo\"}},{\"@type\":\"WebSite\",\"@id\":\"https:\/\/www.plastination-shop.com\/#website\",\"url\":\"https:\/\/www.plastination-shop.com\/\",\"name\":\"Plastination Anatomy Embedding\",\"description\":\"Anatomische Schnittpr\\u00e4parate und Modelle f\\u00fcr den Tierschutz\",\"publisher\":{\"@id\":\"https:\/\/www.plastination-shop.com\/#organization\"},\"potentialAction\":[{\"@type\":\"SearchAction\",\"target\":\"https:\/\/www.plastination-shop.com\/?s={search_term_string}\",\"query-input\":\"required name=search_term_string\"}],\"inLanguage\":\"de\"},{\"@type\":\"ImageObject\",\"@id\":\"https:\/\/www.plastination-shop.com\/product\/botanical_specimens\/#primaryimage\",\"inLanguage\":\"de\",\"url\":\"https:\/\/www.plastination-shop.com\/wp-content\/uploads\/Ginkgo_Hopfen_Shop.jpg\",\"contentUrl\":\"https:\/\/www.plastination-shop.com\/wp-content\/uploads\/Ginkgo_Hopfen_Shop.jpg\",\"width\":1500,\"height\":923},{\"@type\":\"WebPage\",\"@id\":\"https:\/\/www.plastination-shop.com\/product\/botanical_specimens\/#webpage\",\"url\":\"https:\/\/www.plastination-shop.com\/product\/botanical_specimens\/\",\"name\":\"Pflanzenpr\\u00e4paration (z.B. Hopfen, Ginkgo) - Plastination Shop\",\"isPartOf\":{\"@id\":\"https:\/\/www.plastination-shop.com\/#website\"},\"primaryImageOfPage\":{\"@id\":\"https:\/\/www.plastination-shop.com\/product\/botanical_specimens\/#primaryimage\"},\"datePublished\":\"2021-04-28T08:12:07+00:00\",\"dateModified\":\"2023-05-16T10:06:52+00:00\",\"breadcrumb\":{\"@id\":\"https:\/\/www.plastination-shop.com\/product\/botanical_specimens\/#breadcrumb\"},\"inLanguage\":\"de\",\"potentialAction\":[{\"@type\":\"ReadAction\",\"target\":[\"https:\/\/www.plastination-shop.com\/product\/botanical_specimens\/\"]}]},{\"@type\":\"BreadcrumbList\",\"@id\":\"https:\/\/www.plastination-shop.com\/product\/botanical_specimens\/#breadcrumb\",\"itemListElement\":[{\"@type\":\"ListItem\",\"position\":1,\"item\":{\"@type\":\"WebPage\",\"@id\":\"https:\/\/www.plastination-shop.com\/\",\"url\":\"https:\/\/www.plastination-shop.com\/\",\"name\":\"Home\"}},{\"@type\":\"ListItem\",\"position\":2,\"item\":{\"@type\":\"WebPage\",\"@id\":\"https:\/\/www.plastination-shop.com\/\",\"url\":\"https:\/\/www.plastination-shop.com\/\",\"name\":\"Anatomy insights for Animal Pain Awareness\"}},{\"@type\":\"ListItem\",\"position\":3,\"item\":{\"@id\":\"https:\/\/www.plastination-shop.com\/product\/botanical_specimens\/#webpage\"}}]}]}<\/script>\n<!-- \/ Yoast SEO plugin. -->","_links":{"self":[{"href":"https:\/\/www.plastination-shop.com\/de\/wp-json\/wp\/v2\/product\/6680","targetHints":{"allow":["GET"]}}],"collection":[{"href":"https:\/\/www.plastination-shop.com\/de\/wp-json\/wp\/v2\/product"}],"about":[{"href":"https:\/\/www.plastination-shop.com\/de\/wp-json\/wp\/v2\/types\/product"}],"wp:featuredmedia":[{"embeddable":true,"href":"https:\/\/www.plastination-shop.com\/de\/wp-json\/wp\/v2\/media\/6710"}],"wp:attachment":[{"href":"https:\/\/www.plastination-shop.com\/de\/wp-json\/wp\/v2\/media?parent=6680"}],"wp:term":[{"taxonomy":"product_brand","embeddable":true,"href":"https:\/\/www.plastination-shop.com\/de\/wp-json\/wp\/v2\/product_brand?post=6680"},{"taxonomy":"product_cat","embeddable":true,"href":"https:\/\/www.plastination-shop.com\/de\/wp-json\/wp\/v2\/product_cat?post=6680"},{"taxonomy":"product_tag","embeddable":true,"href":"https:\/\/www.plastination-shop.com\/de\/wp-json\/wp\/v2\/product_tag?post=6680"}],"curies":[{"name":"wp","href":"https:\/\/api.w.org\/{rel}","templated":true}]}}