{"id":6810,"date":"2021-05-15T12:29:33","date_gmt":"2021-05-15T10:29:33","guid":{"rendered":"https:\/\/www.plastination-shop.com\/?post_type=product&#038;p=6810"},"modified":"2023-09-25T12:13:53","modified_gmt":"2023-09-25T10:13:53","slug":"scientific-anatomical-image-prints","status":"publish","type":"product","link":"https:\/\/www.plastination-shop.com\/de\/product\/scientific-anatomical-image-prints\/","title":{"rendered":"Fotodrucke Hufanatomie"},"content":{"rendered":"Fotodrucke Gr\u00f6\u00dfe ca. 20 x 30 cm auf gl\u00e4nzendem Fuji Crystal Archive Paper (oder einem vergleichbaren hochwertigen Fotopapier). Bitte w\u00e4hlen sie ihr gew\u00fcnschtes Bild aus.","protected":false},"excerpt":{"rendered":"<p>Fotodrucke Gr\u00f6\u00dfe ca. 20 x 30 cm auf gl\u00e4nzendem Fuji Crystal Archive Paper (oder einem vergleichbaren hochwertigen Fotopapier). Bitte w\u00e4hlen sie ihr gew\u00fcnschtes Bild aus.<\/p>\n","protected":false},"featured_media":7057,"template":"","meta":{"spay_email":""},"product_brand":[],"product_cat":[1001,263,281],"product_tag":[1076,1075,296,272,800,698,1078,1077],"class_list":{"0":"post-6810","1":"product","2":"type-product","3":"status-publish","4":"has-post-thumbnail","6":"product_cat-prints_and_files","7":"product_cat-plastination_pictures","8":"product_cat-plastination_prints","9":"product_tag-anatomical-chart-print","10":"product_tag-anatomy-image-print","11":"product_tag-equine","12":"product_tag-hoof","13":"product_tag-hoof-anatomy","14":"product_tag-huf","15":"product_tag-morphology-chart","16":"product_tag-morphology-print","18":"first","19":"instock","20":"taxable","21":"shipping-taxable","22":"purchasable","23":"product-type-variable"},"bundle_layout":"","bundled_by":[],"bundled_items":[],"yoast_head":"<!-- This site is optimized with the Yoast SEO plugin v16.4 - https:\/\/yoast.com\/wordpress\/plugins\/seo\/ -->\n<title>Fotodrucke Hufanatomie - Plastination Shop<\/title>\n<meta name=\"robots\" content=\"index, follow, max-snippet:-1, max-image-preview:large, max-video-preview:-1\" \/>\n<link rel=\"canonical\" href=\"https:\/\/www.plastination-shop.com\/product\/scientific-anatomical-image-prints\/\" \/>\n<meta property=\"og:locale\" content=\"de_DE\" \/>\n<meta property=\"og:type\" content=\"article\" \/>\n<meta property=\"og:title\" content=\"Fotodrucke Hufanatomie - Plastination Shop\" \/>\n<meta property=\"og:description\" content=\"Fotodrucke Gr\u00f6\u00dfe ca. 20 x 30 cm auf gl\u00e4nzendem Fuji Crystal Archive Paper (oder einem vergleichbaren hochwertigen Fotopapier). Bitte w\u00e4hlen sie ihr gew\u00fcnschtes Bild aus.\" \/>\n<meta property=\"og:url\" content=\"https:\/\/www.plastination-shop.com\/product\/scientific-anatomical-image-prints\/\" \/>\n<meta property=\"og:site_name\" content=\"Plastination Shop\" \/>\n<meta property=\"article:publisher\" content=\"https:\/\/www.facebook.com\/plastination\/\" \/>\n<meta property=\"article:modified_time\" content=\"2023-09-25T10:13:53+00:00\" \/>\n<meta property=\"og:image\" content=\"https:\/\/www.plastination-shop.com\/wp-content\/uploads\/30222_2021-scaled.jpg\" \/>\n\t<meta property=\"og:image:width\" content=\"2560\" \/>\n\t<meta property=\"og:image:height\" content=\"1706\" \/>\n<meta name=\"twitter:card\" content=\"summary_large_image\" \/>\n<meta name=\"twitter:site\" content=\"@Plastinate\" \/>\n<meta name=\"twitter:label1\" content=\"Gesch\u00e4tzte Lesezeit\" \/>\n\t<meta name=\"twitter:data1\" content=\"1\u00a0Minute\" \/>\n<script type=\"application\/ld+json\" class=\"yoast-schema-graph\">{\"@context\":\"https:\/\/schema.org\",\"@graph\":[{\"@type\":\"Organization\",\"@id\":\"https:\/\/www.plastination-shop.com\/#organization\",\"name\":\"HC biovision Dr. Christoph von Horst\",\"url\":\"https:\/\/www.plastination-shop.com\/\",\"sameAs\":[\"https:\/\/www.facebook.com\/plastination\/\",\"https:\/\/www.instagram.com\/plastination\/\",\"https:\/\/www.youtube.com\/channel\/UCWChP9RInLTweCwjV0ryNDg\",\"https:\/\/twitter.com\/Plastinate\"],\"logo\":{\"@type\":\"ImageObject\",\"@id\":\"https:\/\/www.plastination-shop.com\/#logo\",\"inLanguage\":\"de\",\"url\":\"https:\/\/www.plastination-shop.com\/wp-content\/uploads\/favicon_wappen.jpg\",\"contentUrl\":\"https:\/\/www.plastination-shop.com\/wp-content\/uploads\/favicon_wappen.jpg\",\"width\":750,\"height\":750,\"caption\":\"HC biovision Dr. Christoph von Horst\"},\"image\":{\"@id\":\"https:\/\/www.plastination-shop.com\/#logo\"}},{\"@type\":\"WebSite\",\"@id\":\"https:\/\/www.plastination-shop.com\/#website\",\"url\":\"https:\/\/www.plastination-shop.com\/\",\"name\":\"Plastination Anatomy Embedding\",\"description\":\"Anatomische Schnittpr\\u00e4parate und Modelle f\\u00fcr den Tierschutz\",\"publisher\":{\"@id\":\"https:\/\/www.plastination-shop.com\/#organization\"},\"potentialAction\":[{\"@type\":\"SearchAction\",\"target\":\"https:\/\/www.plastination-shop.com\/?s={search_term_string}\",\"query-input\":\"required name=search_term_string\"}],\"inLanguage\":\"de\"},{\"@type\":\"ImageObject\",\"@id\":\"https:\/\/www.plastination-shop.com\/product\/scientific-anatomical-image-prints\/#primaryimage\",\"inLanguage\":\"de\",\"url\":\"https:\/\/www.plastination-shop.com\/wp-content\/uploads\/30222_2021-scaled.jpg\",\"contentUrl\":\"https:\/\/www.plastination-shop.com\/wp-content\/uploads\/30222_2021-scaled.jpg\",\"width\":2560,\"height\":1706,\"caption\":\"Horse hoof frog coffin bone corium horizontal view morphology teaching chart image print\"},{\"@type\":\"WebPage\",\"@id\":\"https:\/\/www.plastination-shop.com\/product\/scientific-anatomical-image-prints\/#webpage\",\"url\":\"https:\/\/www.plastination-shop.com\/product\/scientific-anatomical-image-prints\/\",\"name\":\"Fotodrucke Hufanatomie - Plastination Shop\",\"isPartOf\":{\"@id\":\"https:\/\/www.plastination-shop.com\/#website\"},\"primaryImageOfPage\":{\"@id\":\"https:\/\/www.plastination-shop.com\/product\/scientific-anatomical-image-prints\/#primaryimage\"},\"datePublished\":\"2021-05-15T10:29:33+00:00\",\"dateModified\":\"2023-09-25T10:13:53+00:00\",\"breadcrumb\":{\"@id\":\"https:\/\/www.plastination-shop.com\/product\/scientific-anatomical-image-prints\/#breadcrumb\"},\"inLanguage\":\"de\",\"potentialAction\":[{\"@type\":\"ReadAction\",\"target\":[\"https:\/\/www.plastination-shop.com\/product\/scientific-anatomical-image-prints\/\"]}]},{\"@type\":\"BreadcrumbList\",\"@id\":\"https:\/\/www.plastination-shop.com\/product\/scientific-anatomical-image-prints\/#breadcrumb\",\"itemListElement\":[{\"@type\":\"ListItem\",\"position\":1,\"item\":{\"@type\":\"WebPage\",\"@id\":\"https:\/\/www.plastination-shop.com\/\",\"url\":\"https:\/\/www.plastination-shop.com\/\",\"name\":\"Home\"}},{\"@type\":\"ListItem\",\"position\":2,\"item\":{\"@type\":\"WebPage\",\"@id\":\"https:\/\/www.plastination-shop.com\/\",\"url\":\"https:\/\/www.plastination-shop.com\/\",\"name\":\"Anatomy insights for Animal Pain Awareness\"}},{\"@type\":\"ListItem\",\"position\":3,\"item\":{\"@id\":\"https:\/\/www.plastination-shop.com\/product\/scientific-anatomical-image-prints\/#webpage\"}}]}]}<\/script>\n<!-- \/ Yoast SEO plugin. -->","_links":{"self":[{"href":"https:\/\/www.plastination-shop.com\/de\/wp-json\/wp\/v2\/product\/6810","targetHints":{"allow":["GET"]}}],"collection":[{"href":"https:\/\/www.plastination-shop.com\/de\/wp-json\/wp\/v2\/product"}],"about":[{"href":"https:\/\/www.plastination-shop.com\/de\/wp-json\/wp\/v2\/types\/product"}],"wp:featuredmedia":[{"embeddable":true,"href":"https:\/\/www.plastination-shop.com\/de\/wp-json\/wp\/v2\/media\/7057"}],"wp:attachment":[{"href":"https:\/\/www.plastination-shop.com\/de\/wp-json\/wp\/v2\/media?parent=6810"}],"wp:term":[{"taxonomy":"product_brand","embeddable":true,"href":"https:\/\/www.plastination-shop.com\/de\/wp-json\/wp\/v2\/product_brand?post=6810"},{"taxonomy":"product_cat","embeddable":true,"href":"https:\/\/www.plastination-shop.com\/de\/wp-json\/wp\/v2\/product_cat?post=6810"},{"taxonomy":"product_tag","embeddable":true,"href":"https:\/\/www.plastination-shop.com\/de\/wp-json\/wp\/v2\/product_tag?post=6810"}],"curies":[{"name":"wp","href":"https:\/\/api.w.org\/{rel}","templated":true}]}}